{"id":4400,"date":"2021-10-12T15:51:09","date_gmt":"2021-10-12T15:51:09","guid":{"rendered":"http:\/\/dummy.xtemos.com\/woodmart2\/elementor\/?page_id=4400"},"modified":"2026-04-05T09:02:53","modified_gmt":"2026-04-05T09:02:53","slug":"nosotros","status":"publish","type":"page","link":"https:\/\/gavilanchi.amarilio.net\/en\/nosotros\/","title":{"rendered":"Nosotros"},"content":{"rendered":"<div data-elementor-type=\"wp-page\" data-elementor-id=\"4400\" class=\"elementor elementor-4400\">\n\t\t\t\t<div class=\"wd-negative-gap elementor-element elementor-element-7c7c544 e-flex e-con-boxed e-con e-parent\" data-id=\"7c7c544\" data-element_type=\"container\" data-e-type=\"container\">\n\t\t\t\t\t<div class=\"e-con-inner\">\n\t\t<div class=\"elementor-element elementor-element-e7cb5cd e-con-full e-flex e-con e-child\" data-id=\"e7cb5cd\" data-element_type=\"container\" data-e-type=\"container\">\n\t\t\t\t<div class=\"elementor-element elementor-element-56aec39 elementor-widget elementor-widget-wd_image_or_svg\" data-id=\"56aec39\" data-element_type=\"widget\" data-e-type=\"widget\" data-widget_type=\"wd_image_or_svg.default\">\n\t\t\t\t<div class=\"elementor-widget-container\">\n\t\t\t\t\t\n\t\t<div class=\"wd-image text-left\">\n\t\t\t\t\t\t\t\t<img loading=\"lazy\" decoding=\"async\" width=\"478\" height=\"591\" src=\"https:\/\/gavilanchi.amarilio.net\/wp-content\/uploads\/2026\/03\/foto-contacto.jpg\" class=\"attachment-full size-full\" alt=\"\" srcset=\"https:\/\/gavilanchi.amarilio.net\/wp-content\/uploads\/2026\/03\/foto-contacto.jpg 478w, https:\/\/gavilanchi.amarilio.net\/wp-content\/uploads\/2026\/03\/foto-contacto-243x300.jpg 243w, https:\/\/gavilanchi.amarilio.net\/wp-content\/uploads\/2026\/03\/foto-contacto-10x12.jpg 10w, https:\/\/gavilanchi.amarilio.net\/wp-content\/uploads\/2026\/03\/foto-contacto-430x532.jpg 430w, https:\/\/gavilanchi.amarilio.net\/wp-content\/uploads\/2026\/03\/foto-contacto-150x185.jpg 150w\" sizes=\"auto, (max-width: 478px) 100vw, 478px\" \/>\t\t\t\t\t<\/div>\n\n\t\t\t\t\t\t<\/div>\n\t\t\t\t<\/div>\n\t\t\t\t<\/div>\n\t\t<div class=\"elementor-element elementor-element-97d6084 e-con-full e-flex e-con e-child\" data-id=\"97d6084\" data-element_type=\"container\" data-e-type=\"container\">\n\t\t\t\t<div class=\"elementor-element elementor-element-1322da0 elementor-widget elementor-widget-heading\" data-id=\"1322da0\" data-element_type=\"widget\" data-e-type=\"widget\" data-widget_type=\"heading.default\">\n\t\t\t\t\t<h2 class=\"elementor-heading-title elementor-size-default\">Nosotros<\/h2>\t\t\t\t<\/div>\n\t\t\t\t<div class=\"elementor-element elementor-element-66e47ad elementor-widget elementor-widget-wd_text_block\" data-id=\"66e47ad\" data-element_type=\"widget\" data-e-type=\"widget\" data-widget_type=\"wd_text_block.default\">\n\t\t\t\t<div class=\"elementor-widget-container\">\n\t\t\t\t\t\t\t<div class=\"wd-text-block reset-last-child text-left color-title\">\n\t\t\t\n\t\t\t<p><strong>Gavil\u00e1n Maderas y tableros<\/strong>\u00a0concentra en un solo lugar todo para el carpintero y mueblista, ofreciendo un amplia variedad de tableros de melamina, enchapados en mdf, triplay, aglomerado, madera s\u00f3lida, etc. Adem\u00e1s de productos complementarios para la fabricaci\u00f3n de muebles.<\/p><p><strong>Gavil\u00e1n Maderas y tableros<\/strong>\u00a0entrega a sus clientes servicios de calidad como la optimizaci\u00f3n de corte, dimensionado de tableros, enchapado de cantos, instalaci\u00f3n de bisagras, entre otros.<\/p>\n\t\t\t\t\t<\/div>\n\t\t\t\t\t\t<\/div>\n\t\t\t\t<\/div>\n\t\t\t\t<div class=\"elementor-element elementor-element-7578eca ekit-equal-height-disable elementor-widget elementor-widget-elementskit-icon-box\" data-id=\"7578eca\" data-element_type=\"widget\" data-e-type=\"widget\" data-widget_type=\"elementskit-icon-box.default\">\n\t\t\t\t\t<div class=\"ekit-wid-con\" >        <!-- link opening -->\n                <a href=\"#\" class=\"ekit_global_links\">\n                <!-- end link opening -->\n\n        <div class=\"elementskit-infobox text-left text-left icon-lef-right-aligin elementor-animation- media\">\n                    <div class=\"elementskit-box-header elementor-animation-\">\n                <div class=\"elementskit-info-box-icon  text-center\">\n                    <svg class=\"elementkit-infobox-icon ekit-svg-icon icon-hand_shake\" viewbox=\"0 0 37 32\" xmlns=\"http:\/\/www.w3.org\/2000\/svg\"><path d=\"M4.4 19.84c-0.16-0.16-0.32-0.24-0.48-0.24s-0.4 0.080-0.48 0.24c-0.24 0.16-0.32 0.32-0.32 0.56s0.080 0.4 0.24 0.48 0.32 0.24 0.48 0.24c0.16 0 0.4-0.080 0.48-0.24 0.16-0.16 0.24-0.32 0.24-0.48 0-0.24-0.080-0.4-0.16-0.56zM37.28 22.32c-0.080-0.4-0.48-0.64-0.88-0.48l-4.96 1.28-3.12-11.52 4.96-1.28c0.4-0.080 0.64-0.48 0.48-0.88-0.080-0.4-0.48-0.64-0.88-0.48l-5.6 1.52c-0.24 0.080-0.4 0.24-0.48 0.48l-1.44-0.8c-0.88-0.48-1.84-0.56-2.8-0.24l-1.36 0.48c-0.88 0.32-1.68 0.88-2.32 1.6l-1.92-1.2c-0.8-0.48-1.76-0.56-2.72-0.24l-3.84 1.28 0.16-0.56c0.080-0.4-0.16-0.8-0.48-0.88l-5.6-1.52c-0.4-0.080-0.8 0.16-0.88 0.48-0.080 0.4 0.16 0.8 0.48 0.88l4.96 1.28-0.4 1.28c0 0 0 0 0 0l-2.8 10.32-4.96-1.28c-0.4-0.080-0.8 0.16-0.88 0.48-0.080 0.4 0.16 0.8 0.48 0.88l5.6 1.52c0.080 0 0.16 0 0.16 0 0.24 0 0.48-0.080 0.56-0.32l2.64 0.72c-0.080 0.88 0.32 1.68 1.040 2.16 0.32 0.16 0.72 0.32 1.12 0.32 0.16 0 0.32 0 0.48-0.080 0.16 0.48 0.48 0.96 0.96 1.2 0.32 0.16 0.72 0.32 1.12 0.32 0.16 0 0.32 0 0.48-0.080 0.16 0.48 0.48 0.96 0.96 1.2 0.32 0.16 0.72 0.32 1.12 0.32 0.16 0 0.32 0 0.48-0.080 0.16 0.48 0.48 0.96 0.96 1.2 0.32 0.16 0.72 0.32 1.12 0.32 0.64 0 1.2-0.24 1.6-0.72l0.080 0.080c0.32 0.16 0.72 0.32 1.12 0.32 0.72 0 1.52-0.4 1.92-1.12v0c0.24-0.48 0.32-1.040 0.24-1.52 0.48-0.16 0.96-0.48 1.2-0.96s0.32-1.040 0.24-1.52c0.16-0.080 0.24-0.080 0.32-0.16l4.4-1.76c0.16 0.16 0.32 0.24 0.48 0.24 0.080 0 0.16 0 0.16 0l5.6-1.52c0.48-0.16 0.72-0.56 0.64-0.96zM13.2 24.32l-0.88 1.52c-0.24 0.32-0.64 0.48-0.96 0.24s-0.48-0.64-0.24-0.96l0.88-1.52c0.16-0.24 0.4-0.4 0.64-0.4 0.16 0 0.24 0 0.4 0.080s0.32 0.24 0.32 0.48c0 0.16-0.080 0.4-0.16 0.56zM15.76 25.76l-0.88 1.52c-0.080 0.16-0.24 0.32-0.48 0.32-0.16 0.080-0.4 0-0.56-0.080s-0.32-0.24-0.32-0.48c-0.080-0.16 0-0.4 0.080-0.56l0.88-1.52c0.16-0.24 0.4-0.4 0.64-0.4 0.16 0 0.24 0 0.4 0.080s0.32 0.24 0.32 0.48c0 0.24 0 0.48-0.080 0.64zM18.24 27.2l-0.88 1.52c-0.24 0.32-0.64 0.48-0.96 0.24s-0.48-0.64-0.24-0.96l0.88-1.52c0.080-0.16 0.24-0.32 0.48-0.32 0.080 0 0.16 0 0.16 0 0.16 0 0.24 0 0.4 0.080s0.32 0.24 0.32 0.48c0 0.16-0.080 0.32-0.16 0.48zM20.8 28.64l-0.88 1.52c-0.24 0.32-0.64 0.48-0.96 0.24s-0.48-0.64-0.24-0.96l0.88-1.52c0.16-0.24 0.4-0.4 0.64-0.4 0.16 0 0.24 0 0.4 0.080v0c0.24 0.24 0.32 0.72 0.16 1.040zM22.72 29.76v0c-0.24 0.32-0.64 0.48-0.96 0.24v0l0.4-0.64c0.16-0.24 0.24-0.48 0.24-0.72v0.16c0 0 0 0 0 0v0c0.4 0.16 0.48 0.64 0.32 0.96zM27.2 24.24c0-0.080 0-0.24-0.080-0.32 0.48-0.16 0.96-0.48 1.2-0.96 0.64-1.040 0.24-2.4-0.8-2.96l-2.96-1.76c-0.32-0.24-0.8-0.080-0.96 0.24-0.24 0.32-0.080 0.8 0.24 0.96l2.96 1.76c0.32 0.24 0.48 0.64 0.24 0.96s-0.64 0.48-0.96 0.24l-2.96-1.76c-0.32-0.24-0.8-0.080-0.96 0.24-0.24 0.32-0.080 0.8 0.24 0.96l2.96 1.76c0.16 0.080 0.32 0.24 0.32 0.48s0 0.4-0.080 0.56c-0.080 0.080-0.16 0.16-0.24 0.24v0c-0.080 0-0.080 0.080-0.16 0.080-0.16 0.080-0.4 0.080-0.64-0.080l-2.96-1.6c-0.32-0.24-0.8-0.080-0.96 0.24-0.24 0.32-0.080 0.8 0.24 0.96l2.96 1.76c0.32 0.24 0.48 0.64 0.24 0.96-0.080 0.16-0.24 0.32-0.48 0.32-0.16 0.080-0.4 0-0.56-0.080l-1.76-1.040c0 0 0 0 0 0s0 0 0 0c-0.48-0.24-1.040-0.32-1.52-0.24-0.16-0.48-0.48-0.96-0.96-1.2s-1.040-0.32-1.52-0.24c-0.16-0.48-0.48-0.96-0.96-1.2s-1.040-0.32-1.52-0.24c-0.16-0.48-0.48-0.96-0.96-1.2v0c-1.040-0.64-2.4-0.24-2.96 0.8l-0.56 0.96-2.72-0.72 2.56-9.52 4.88-1.76c0.48-0.16 1.040-0.080 1.44 0.16l1.92 1.12-1.44 2.4c-0.56 0.96-0.48 2.16 0.32 2.96 0.48 0.48 1.040 0.72 1.68 0.72s1.2-0.24 1.68-0.72l3.68-3.68c0.32-0.32 0.32-0.72 0-1.040s-0.72-0.32-1.040 0l-3.68 3.68c-0.32 0.32-0.96 0.32-1.28 0s-0.32-0.8-0.16-1.12l2-3.2c0.4-0.64 1.040-1.2 1.76-1.44l1.36-0.48c0.56-0.16 1.12-0.16 1.6 0.16l2.48 1.36 2.56 10.48-2.72 1.040zM33.92 19.84c-0.16-0.16-0.32-0.24-0.48-0.24s-0.4 0.080-0.48 0.24c-0.16 0.16-0.24 0.32-0.24 0.48s0.080 0.4 0.24 0.48c0.16 0.16 0.32 0.24 0.48 0.24s0.4-0.080 0.48-0.24c0.16-0.16 0.24-0.32 0.24-0.48s-0.080-0.32-0.24-0.48zM18.64 2.56c-0.4 0-0.72 0.32-0.72 0.72v3.44c0 0.4 0.32 0.72 0.72 0.72s0.72-0.32 0.72-0.72v-3.44c0-0.4-0.32-0.72-0.72-0.72zM19.12 0.24c-0.080-0.16-0.32-0.24-0.48-0.24s-0.4 0.080-0.48 0.24-0.24 0.32-0.24 0.48c0 0.16 0.080 0.4 0.24 0.48 0.16 0.16 0.32 0.24 0.48 0.24s0.4-0.080 0.48-0.24c0.16-0.16 0.24-0.32 0.24-0.48s-0.080-0.4-0.24-0.48zM13.52 6.4l-1.28-2.16c-0.24-0.32-0.64-0.48-0.96-0.24s-0.48 0.64-0.24 0.96l1.28 2.16c0.16 0.24 0.4 0.4 0.64 0.4 0.16 0 0.24 0 0.4-0.080 0.24-0.24 0.4-0.64 0.16-1.040zM26 3.92c-0.32-0.24-0.8-0.080-0.96 0.24l-1.28 2.24c-0.24 0.32-0.080 0.8 0.24 0.96 0.080 0.080 0.24 0.080 0.4 0.080 0.24 0 0.48-0.16 0.64-0.4l1.28-2.16c0.16-0.24 0-0.72-0.32-0.96z\"><\/path><\/svg>\n                <\/div>\n          <\/div>\n                        <div class=\"box-body\">\n                            <h3 class=\"elementskit-info-box-title\">\n                    Misi\u00f3n                <\/h3>\n                        \t\t  \t<p>Nuestra misi\u00f3n es ofrecer la mejor gama de productos con el mejor equilibrio en costo-beneficio, adem\u00e1s de brindar la asesor\u00eda correcta, mejorando continuamente nuestros procesos para superar las expectativas de nuestros clientes.<\/p>\n                                <\/div>\n        \n        \n                <\/div>\n                <\/a>\n        <\/div>\t\t\t\t<\/div>\n\t\t\t\t<div class=\"elementor-element elementor-element-d722413 ekit-equal-height-disable elementor-widget elementor-widget-elementskit-icon-box\" data-id=\"d722413\" data-element_type=\"widget\" data-e-type=\"widget\" data-widget_type=\"elementskit-icon-box.default\">\n\t\t\t\t\t<div class=\"ekit-wid-con\" >        <!-- link opening -->\n                <a href=\"#\" class=\"ekit_global_links\">\n                <!-- end link opening -->\n\n        <div class=\"elementskit-infobox text-left text-left icon-lef-right-aligin elementor-animation- media\">\n                    <div class=\"elementskit-box-header elementor-animation-\">\n                <div class=\"elementskit-info-box-icon  text-center\">\n                    <svg class=\"elementkit-infobox-icon ekit-svg-icon icon-eye3\" viewbox=\"0 0 29 32\" xmlns=\"http:\/\/www.w3.org\/2000\/svg\"><path d=\"M10.645 13.514c0.319 0 0.637-0.255 0.637-0.637 0-0.319-0.255-0.637-0.637-0.637-0.319 0-0.637 0.255-0.637 0.637 0.064 0.319 0.319 0.637 0.637 0.637z\"><\/path><path d=\"M14.406 5.418c0.319 0 0.637-0.255 0.637-0.637v-4.143c0-0.319-0.255-0.637-0.637-0.637s-0.637 0.255-0.637 0.637v4.143c0 0.319 0.319 0.637 0.637 0.637z\"><\/path><path d=\"M13.769 27.219v4.143c0 0.319 0.255 0.637 0.637 0.637s0.637-0.255 0.637-0.637v-4.143c0-0.319-0.255-0.637-0.637-0.637s-0.637 0.319-0.637 0.637z\"><\/path><path d=\"M4.781 8.478c0.255 0.255 0.637 0.255 0.892 0s0.255-0.637 0-0.892l-2.677-2.677c-0.255-0.255-0.637-0.255-0.892 0s-0.255 0.637 0 0.892l2.677 2.677z\"><\/path><path d=\"M23.139 24.096c-0.255 0.255-0.255 0.637 0 0.892l2.677 2.677c0.255 0.255 0.637 0.255 0.892 0s0.255-0.637 0-0.892l-2.677-2.677c-0.255-0.191-0.637-0.191-0.892 0z\"><\/path><path d=\"M24.032 8.478l2.677-2.677c0.255-0.255 0.255-0.637 0-0.892s-0.637-0.255-0.892 0l-2.677 2.677c-0.255 0.255-0.255 0.637 0 0.892s0.637 0.255 0.892 0z\"><\/path><path d=\"M4.781 24.096l-2.677 2.677c-0.255 0.255-0.255 0.637 0 0.892s0.637 0.255 0.892 0l2.677-2.677c0.255-0.255 0.255-0.637 0-0.892-0.255-0.191-0.637-0.191-0.892 0z\"><\/path><path d=\"M4.016 20.526c3.251 2.741 6.821 4.207 10.39 4.207 3.506 0 7.139-1.466 10.39-4.207 2.422-2.040 3.825-4.080 3.888-4.207 0.128-0.191 0.128-0.51 0-0.701-0.064-0.064-1.466-2.104-3.888-4.207-3.251-2.741-6.821-4.207-10.39-4.207-3.506 0-7.139 1.466-10.39 4.207-2.422 2.040-3.825 4.080-3.888 4.207-0.128 0.191-0.128 0.51 0 0.701 0.128 0.128 1.466 2.167 3.888 4.207zM4.845 12.43c2.104-1.785 5.482-3.888 9.562-3.888s7.458 2.104 9.562 3.888c1.721 1.466 2.932 2.932 3.442 3.57-0.51 0.637-1.657 2.104-3.378 3.57-2.104 1.785-5.482 3.888-9.562 3.888s-7.458-2.104-9.562-3.888c-1.721-1.466-2.932-2.932-3.442-3.57 0.446-0.637 1.657-2.104 3.379-3.57z\"><\/path><path d=\"M14.406 21.61c3.123 0 5.61-2.55 5.61-5.61 0-3.123-2.486-5.61-5.61-5.61-0.637 0-1.339 0.127-2.040 0.382-0.319 0.127-0.51 0.51-0.382 0.829s0.446 0.51 0.892 0.319 1.020-0.255 1.466-0.255c2.422 0 4.335 1.976 4.335 4.335 0 2.422-1.976 4.335-4.335 4.335-2.422 0-4.335-1.976-4.335-4.335 0-0.319 0-0.51 0.064-0.765 0.064-0.319-0.127-0.637-0.51-0.701-0.319-0.064-0.637 0.191-0.701 0.51s-0.064 0.701-0.064 1.020c0 3.060 2.486 5.546 5.61 5.546z\"><\/path><path d=\"M16.892 16c0-1.402-1.147-2.486-2.486-2.486s-2.486 1.147-2.486 2.486 1.147 2.486 2.486 2.486c1.275 0 2.486-1.084 2.486-2.486zM13.131 16c0-0.701 0.574-1.275 1.275-1.275s1.275 0.574 1.275 1.275-0.574 1.275-1.275 1.275-1.275-0.574-1.275-1.275z\"><\/path><\/svg>\n                <\/div>\n          <\/div>\n                        <div class=\"box-body\">\n                            <h3 class=\"elementskit-info-box-title\">\n                    Visi\u00f3n                <\/h3>\n                        \t\t  \t<p>Enfocar nuestro esfuerzo y experiencia en mejorar d\u00eda con d\u00eda nuestro servicio al cliente, con la mayor calidad e innovaci\u00f3n de los productos que ofrecemos en nuestras tiendas.<\/p>\n                                <\/div>\n        \n        \n                <\/div>\n                <\/a>\n        <\/div>\t\t\t\t<\/div>\n\t\t\t\t<\/div>\n\t\t\t\t\t<\/div>\n\t\t\t\t<\/div>\n\t\t<div class=\"wd-negative-gap elementor-element elementor-element-0aaf669 wd-section-stretch e-flex e-con-boxed e-con e-parent\" data-id=\"0aaf669\" data-element_type=\"container\" data-e-type=\"container\" data-settings=\"{&quot;background_background&quot;:&quot;classic&quot;}\">\n\t\t\t\t\t<div class=\"e-con-inner\">\n\t\t<div class=\"elementor-element elementor-element-49529c7 color-scheme-light e-con-full e-flex e-con e-child\" data-id=\"49529c7\" data-element_type=\"container\" data-e-type=\"container\">\n\t\t\t\t<div class=\"elementor-element elementor-element-30fa7b8 elementor-widget elementor-widget-heading\" data-id=\"30fa7b8\" data-element_type=\"widget\" data-e-type=\"widget\" data-widget_type=\"heading.default\">\n\t\t\t\t\t<h2 class=\"elementor-heading-title elementor-size-default\">Nuestra capacidad mensual<\/h2>\t\t\t\t<\/div>\n\t\t\t\t<\/div>\n\t\t<div class=\"elementor-element elementor-element-112f98a e-con-full e-flex e-con e-child\" data-id=\"112f98a\" data-element_type=\"container\" data-e-type=\"container\">\n\t\t<div class=\"elementor-element elementor-element-48c7dd1 e-con-full e-flex e-con e-child\" data-id=\"48c7dd1\" data-element_type=\"container\" data-e-type=\"container\">\n\t\t<div class=\"elementor-element elementor-element-54eb2d3 e-con-full e-flex e-con e-child\" data-id=\"54eb2d3\" data-element_type=\"container\" data-e-type=\"container\">\n\t\t\t\t<div class=\"elementor-element elementor-element-a1f8813 elementor-widget elementor-widget-counter\" data-id=\"a1f8813\" data-element_type=\"widget\" data-e-type=\"widget\" data-widget_type=\"counter.default\">\n\t\t\t\t\t\t\t<div class=\"elementor-counter\">\n\t\t\t<p class=\"elementor-counter-title\">Entregas a domicilo mensuales<\/p>\t\t\t<div class=\"elementor-counter-number-wrapper\">\n\t\t\t\t<span class=\"elementor-counter-number-prefix\">+<\/span>\n\t\t\t\t<span class=\"elementor-counter-number\" data-duration=\"2000\" data-to-value=\"1300\" data-from-value=\"0\" data-delimiter=\",\">0<\/span>\n\t\t\t\t<span class=\"elementor-counter-number-suffix\"><\/span>\n\t\t\t<\/div>\n\t\t<\/div>\n\t\t\t\t\t\t<\/div>\n\t\t\t\t<\/div>\n\t\t<div class=\"elementor-element elementor-element-668ca24 e-con-full e-flex e-con e-child\" data-id=\"668ca24\" data-element_type=\"container\" data-e-type=\"container\">\n\t\t\t\t<div class=\"elementor-element elementor-element-560796c elementor-widget elementor-widget-counter\" data-id=\"560796c\" data-element_type=\"widget\" data-e-type=\"widget\" data-widget_type=\"counter.default\">\n\t\t\t\t\t\t\t<div class=\"elementor-counter\">\n\t\t\t<p class=\"elementor-counter-title\">Productos disponibles<\/p>\t\t\t<div class=\"elementor-counter-number-wrapper\">\n\t\t\t\t<span class=\"elementor-counter-number-prefix\">+<\/span>\n\t\t\t\t<span class=\"elementor-counter-number\" data-duration=\"2000\" data-to-value=\"2500\" data-from-value=\"0\" data-delimiter=\",\">0<\/span>\n\t\t\t\t<span class=\"elementor-counter-number-suffix\"><\/span>\n\t\t\t<\/div>\n\t\t<\/div>\n\t\t\t\t\t\t<\/div>\n\t\t\t\t<\/div>\n\t\t\t\t<\/div>\n\t\t<div class=\"elementor-element elementor-element-6b5c35a e-con-full e-flex e-con e-child\" data-id=\"6b5c35a\" data-element_type=\"container\" data-e-type=\"container\">\n\t\t<div class=\"elementor-element elementor-element-214e692 e-con-full e-flex e-con e-child\" data-id=\"214e692\" data-element_type=\"container\" data-e-type=\"container\">\n\t\t\t\t<div class=\"elementor-element elementor-element-3bae0d2 elementor-widget elementor-widget-counter\" data-id=\"3bae0d2\" data-element_type=\"widget\" data-e-type=\"widget\" data-widget_type=\"counter.default\">\n\t\t\t\t\t\t\t<div class=\"elementor-counter\">\n\t\t\t<p class=\"elementor-counter-title\">Clientes atendidos<\/p>\t\t\t<div class=\"elementor-counter-number-wrapper\">\n\t\t\t\t<span class=\"elementor-counter-number-prefix\">+<\/span>\n\t\t\t\t<span class=\"elementor-counter-number\" data-duration=\"2000\" data-to-value=\"1000\" data-from-value=\"0\" data-delimiter=\",\">0<\/span>\n\t\t\t\t<span class=\"elementor-counter-number-suffix\"><\/span>\n\t\t\t<\/div>\n\t\t<\/div>\n\t\t\t\t\t\t<\/div>\n\t\t\t\t<\/div>\n\t\t<div class=\"elementor-element elementor-element-214de82 e-con-full e-flex e-con e-child\" data-id=\"214de82\" data-element_type=\"container\" data-e-type=\"container\">\n\t\t\t\t<div class=\"elementor-element elementor-element-961ef05 elementor-widget elementor-widget-counter\" data-id=\"961ef05\" data-element_type=\"widget\" data-e-type=\"widget\" data-widget_type=\"counter.default\">\n\t\t\t\t\t\t\t<div class=\"elementor-counter\">\n\t\t\t<p class=\"elementor-counter-title\">Cortes de dimensionados<\/p>\t\t\t<div class=\"elementor-counter-number-wrapper\">\n\t\t\t\t<span class=\"elementor-counter-number-prefix\">+<\/span>\n\t\t\t\t<span class=\"elementor-counter-number\" data-duration=\"2000\" data-to-value=\"45000\" data-from-value=\"0\" data-delimiter=\",\">0<\/span>\n\t\t\t\t<span class=\"elementor-counter-number-suffix\"><\/span>\n\t\t\t<\/div>\n\t\t<\/div>\n\t\t\t\t\t\t<\/div>\n\t\t\t\t<\/div>\n\t\t\t\t<\/div>\n\t\t<div class=\"elementor-element elementor-element-2d29667 e-con-full e-flex e-con e-child\" data-id=\"2d29667\" data-element_type=\"container\" data-e-type=\"container\">\n\t\t<div class=\"elementor-element elementor-element-9b12710 e-con-full e-flex e-con e-child\" data-id=\"9b12710\" data-element_type=\"container\" data-e-type=\"container\">\n\t\t\t\t<div class=\"elementor-element elementor-element-49d0482 elementor-widget elementor-widget-counter\" data-id=\"49d0482\" data-element_type=\"widget\" data-e-type=\"widget\" data-widget_type=\"counter.default\">\n\t\t\t\t\t\t\t<div class=\"elementor-counter\">\n\t\t\t<p class=\"elementor-counter-title\">Pies de madera cepillados<\/p>\t\t\t<div class=\"elementor-counter-number-wrapper\">\n\t\t\t\t<span class=\"elementor-counter-number-prefix\">+<\/span>\n\t\t\t\t<span class=\"elementor-counter-number\" data-duration=\"2000\" data-to-value=\"15000\" data-from-value=\"0\" data-delimiter=\",\">0<\/span>\n\t\t\t\t<span class=\"elementor-counter-number-suffix\"><\/span>\n\t\t\t<\/div>\n\t\t<\/div>\n\t\t\t\t\t\t<\/div>\n\t\t\t\t<\/div>\n\t\t<div class=\"elementor-element elementor-element-cc152f4 e-con-full e-flex e-con e-child\" data-id=\"cc152f4\" data-element_type=\"container\" data-e-type=\"container\">\n\t\t\t\t<\/div>\n\t\t\t\t<\/div>\n\t\t\t\t<\/div>\n\t\t\t\t\t<\/div>\n\t\t\t\t<\/div>\n\t\t<div class=\"wd-negative-gap elementor-element elementor-element-7a6c008 e-flex e-con-boxed e-con e-parent\" data-id=\"7a6c008\" data-element_type=\"container\" data-e-type=\"container\">\n\t\t\t\t\t<div class=\"e-con-inner\">\n\t\t\t\t<div class=\"elementor-element elementor-element-219f46d elementor-widget elementor-widget-heading\" data-id=\"219f46d\" data-element_type=\"widget\" data-e-type=\"widget\" data-widget_type=\"heading.default\">\n\t\t\t\t\t<h2 class=\"elementor-heading-title elementor-size-default\">Pol\u00edtica de Calidad de Gavil\u00e1n Maderas y tableros<\/h2>\t\t\t\t<\/div>\n\t\t\t\t<div class=\"elementor-element elementor-element-7022532 color-scheme-inherit text-left elementor-widget elementor-widget-text-editor\" data-id=\"7022532\" data-element_type=\"widget\" data-e-type=\"widget\" data-widget_type=\"text-editor.default\">\n\t\t\t\t\t\t\t\t\t<p>En\u00a0<strong>Gavil\u00e1n Maderas y tableros<\/strong>, nos comprometemos a proporcionar a nuestros clientes productos y servicios de la m\u00e1s alta calidad para sus proyectos de carpinter\u00eda, construcci\u00f3n y remodelaci\u00f3n, esto con el objetivo de satisfacer sus necesidades y superar sus expectativas. Nuestra pol\u00edtica de calidad se basa en los siguientes principios:<\/p><p><strong>\u2022 Variedad y calidad de productos:<\/strong>\u00a0Nos esforzamos por ofrecer a nuestros clientes una amplia gama de productos, incluyendo tableros de melamina, enchapados, triplay, alto brillo, aglomerados y maderas s\u00f3lidas, garantizando que sean de la m\u00e1s alta calidad y cumplan con los est\u00e1ndares establecidos.<br \/><strong>\u2022 Servicios de valor agregado:<\/strong>\u00a0Brindamos servicios adicionales de calidad, como optimizaci\u00f3n de corte, dimensionado de tableros, enchapado de cantos, perforaci\u00f3n para bisagras y otros, para facilitar y mejorar la fabricaci\u00f3n de muebles por parte de nuestros clientes.<br \/><strong>\u2022 Mejora continua:<\/strong>\u00a0Buscamos constantemente la mejora en nuestros procesos, productos y servicios. A trav\u00e9s de la implementaci\u00f3n de mejoras, evaluaci\u00f3n de resultados y retroalimentaci\u00f3n de nuestros clientes, nos esforzamos por superar continuamente nuestras metas y est\u00e1ndares de calidad.<br \/><strong>\u2022 Equilibrio en costo-beneficio:<\/strong>\u00a0Nos preocupamos por ofrecer una excelente relaci\u00f3n costo-beneficio en nuestros productos y servicios. Buscamos optimizar costos sin comprometer la calidad, asegurando as\u00ed la satisfacci\u00f3n y fidelidad de nuestros clientes.<br \/><strong>\u2022 Cumplimiento de requisitos:<\/strong>\u00a0Nos comprometemos a cumplir con los requisitos legales, reglamentarios y contractuales aplicables a nuestra industria, garantizando la confiabilidad y legalidad de nuestras operaciones.<\/p>\t\t\t\t\t\t\t\t<\/div>\n\t\t\t\t\t<\/div>\n\t\t\t\t<\/div>\n\t\t<div class=\"wd-negative-gap elementor-element elementor-element-f168c0a e-flex e-con-boxed e-con e-parent\" data-id=\"f168c0a\" data-element_type=\"container\" data-e-type=\"container\">\n\t\t\t\t\t<div class=\"e-con-inner\">\n\t\t<div class=\"elementor-element elementor-element-5642404 e-con-full e-flex e-con e-child\" data-id=\"5642404\" data-element_type=\"container\" data-e-type=\"container\">\n\t\t\t\t<div class=\"elementor-element elementor-element-08821f3 color-scheme-inherit text-left elementor-widget elementor-widget-text-editor\" data-id=\"08821f3\" data-element_type=\"widget\" data-e-type=\"widget\" data-widget_type=\"text-editor.default\">\n\t\t\t\t\t\t\t\t\t<p>Esta pol\u00edtica de calidad es revisada y comunicada a todos los miembros de la organizaci\u00f3n, quienes se esfuerzan por implementarla en su trabajo diario para asegurar la excelencia en nuestros productos y servicios, con el objetivo de ser reconocidos como la red especializada de preferencia en el estado de Chihuahua, y ser l\u00edderes en la satisfacci\u00f3n de nuestros clientes en el sector de productos para carpinteros y mueblistas.<\/p>\t\t\t\t\t\t\t\t<\/div>\n\t\t\t\t<\/div>\n\t\t<div class=\"elementor-element elementor-element-b67633c e-con-full e-flex e-con e-child\" data-id=\"b67633c\" data-element_type=\"container\" data-e-type=\"container\">\n\t\t\t\t<div class=\"elementor-element elementor-element-fbc0b44 wd-width-100 elementor-widget elementor-widget-wd_video\" data-id=\"fbc0b44\" data-element_type=\"widget\" data-e-type=\"widget\" data-widget_type=\"wd_video.default\">\n\t\t\t\t<div class=\"elementor-widget-container\">\n\t\t\t\t\t\n\t\t<div class=\"wd-el-video wd-action-overlay wd-video-youtube wd-with-aspect-ratio\">\n\t\t\t\t\t\t\t<iframe data-lazy-load=\"https:\/\/www.youtube.com\/embed\/6BhheKQ4Lec?feature=oembed&loop=0&mute=0&controls=1\" allowfullscreen allow=\"accelerometer; autoplay; encrypted-media; gyroscope; picture-in-picture\" width=\"100%\" height=\"100%\" loading=\"lazy\" aria-label=\"Video player\"><\/iframe>\t\t\t\n\t\t\t\n\t\t\t\n\t\t\t\t\t\t\t<div class=\"wd-el-video-overlay wd-fill\">\n\t\t\t\t\t<img loading=\"lazy\" decoding=\"async\" width=\"1000\" height=\"563\" src=\"https:\/\/gavilanchi.amarilio.net\/wp-content\/uploads\/2021\/08\/2148813332.webp\" class=\"attachment-full size-full\" alt=\"\" \/>\t\t\t\t<\/div>\n\t\t\t\t<div class=\"wd-el-video-control color-scheme-light wd-fill\">\n\t\t\t\t\t<span class=\"wd-el-video-play-btn\"><\/span>\n\t\t\t\t\t\t\t\t\t<\/div>\n\n\t\t\t\t<a class=\"wd-el-video-link wd-el-video-btn-overlay wd-fill\" href=\"https:\/\/www.youtube.com\/watch?v=6BhheKQ4Lec\" aria-label=\"Play video\"><\/a>\n\t\t\t\t\t<\/div>\n\t\t\t\t\t\t<\/div>\n\t\t\t\t<\/div>\n\t\t\t\t<\/div>\n\t\t\t\t\t<\/div>\n\t\t\t\t<\/div>\n\t\t\t\t<\/div>","protected":false},"excerpt":{"rendered":"<p>Nosotros Gavil\u00e1n Maderas y tableros\u00a0concentra en un solo lugar todo para el carpintero y mueblista, ofreciendo un amplia variedad de<\/p>","protected":false},"author":2,"featured_media":0,"parent":0,"menu_order":0,"comment_status":"closed","ping_status":"closed","template":"","meta":{"footnotes":""},"class_list":["post-4400","page","type-page","status-publish","hentry"],"_links":{"self":[{"href":"https:\/\/gavilanchi.amarilio.net\/en\/wp-json\/wp\/v2\/pages\/4400","targetHints":{"allow":["GET"]}}],"collection":[{"href":"https:\/\/gavilanchi.amarilio.net\/en\/wp-json\/wp\/v2\/pages"}],"about":[{"href":"https:\/\/gavilanchi.amarilio.net\/en\/wp-json\/wp\/v2\/types\/page"}],"author":[{"embeddable":true,"href":"https:\/\/gavilanchi.amarilio.net\/en\/wp-json\/wp\/v2\/users\/2"}],"replies":[{"embeddable":true,"href":"https:\/\/gavilanchi.amarilio.net\/en\/wp-json\/wp\/v2\/comments?post=4400"}],"version-history":[{"count":13,"href":"https:\/\/gavilanchi.amarilio.net\/en\/wp-json\/wp\/v2\/pages\/4400\/revisions"}],"predecessor-version":[{"id":31044,"href":"https:\/\/gavilanchi.amarilio.net\/en\/wp-json\/wp\/v2\/pages\/4400\/revisions\/31044"}],"wp:attachment":[{"href":"https:\/\/gavilanchi.amarilio.net\/en\/wp-json\/wp\/v2\/media?parent=4400"}],"curies":[{"name":"wp","href":"https:\/\/api.w.org\/{rel}","templated":true}]}}