{"id":29080,"date":"2026-03-23T04:04:30","date_gmt":"2026-03-23T04:04:30","guid":{"rendered":"https:\/\/gavilanchi.amarilio.net\/?post_type=product&#038;p=29080"},"modified":"2026-04-30T05:48:38","modified_gmt":"2026-04-30T05:48:38","slug":"alder","status":"publish","type":"product","link":"https:\/\/gavilanchi.amarilio.net\/en\/product\/alder\/","title":{"rendered":"Alder"},"content":{"rendered":"","protected":false},"excerpt":{"rendered":"<p>PROPIEDADES DE CONVERSION<\/p>\n<p>La madera del alder\u00a0es apropiado para el maquinado y es excelente para tornear y pulir. Se clava, atornilla y encola bien, y puede ser lijado, pintado o entintada para lograr un buen acabado. Se seca f\u00e1cilmente con poca merma, adem\u00e1s de presentar buena estabilidad dimensional despu\u00e9s del secado.El alder\u00a0es una madera latifoliada relativamente suave de densidad media con poca resistencia a la flexi\u00f3n, al impacto y a la rigidez..<\/p>\n<p>&nbsp;<\/p>\n<p>DURABILIDAD<\/p>\n<p>El duramen no es resistente a la descomposici\u00f3n, y es susceptible al ataque de cole\u00f3pteros comunes del mobiliario, aunque es permeable al tratamiento con conservadores.<\/p>\n<p>&nbsp;<\/p>\n<p>USOS PRINCIPALES<\/p>\n<p>Muebles y gabinetes, puertas, molduras, torneado, grabado y utensilios de cocina.<\/p>","protected":false},"featured_media":29110,"comment_status":"open","ping_status":"closed","template":"","meta":[],"product_brand":[129],"product_cat":[76],"product_tag":[],"class_list":{"0":"post-29080","1":"product","2":"type-product","3":"status-publish","4":"has-post-thumbnail","6":"product_brand-mader","7":"product_cat-maderas","9":"first","10":"instock","11":"shipping-taxable","12":"purchasable","13":"product-type-simple"},"_links":{"self":[{"href":"https:\/\/gavilanchi.amarilio.net\/en\/wp-json\/wp\/v2\/product\/29080","targetHints":{"allow":["GET"]}}],"collection":[{"href":"https:\/\/gavilanchi.amarilio.net\/en\/wp-json\/wp\/v2\/product"}],"about":[{"href":"https:\/\/gavilanchi.amarilio.net\/en\/wp-json\/wp\/v2\/types\/product"}],"replies":[{"embeddable":true,"href":"https:\/\/gavilanchi.amarilio.net\/en\/wp-json\/wp\/v2\/comments?post=29080"}],"version-history":[{"count":1,"href":"https:\/\/gavilanchi.amarilio.net\/en\/wp-json\/wp\/v2\/product\/29080\/revisions"}],"predecessor-version":[{"id":29111,"href":"https:\/\/gavilanchi.amarilio.net\/en\/wp-json\/wp\/v2\/product\/29080\/revisions\/29111"}],"wp:featuredmedia":[{"embeddable":true,"href":"https:\/\/gavilanchi.amarilio.net\/en\/wp-json\/wp\/v2\/media\/29110"}],"wp:attachment":[{"href":"https:\/\/gavilanchi.amarilio.net\/en\/wp-json\/wp\/v2\/media?parent=29080"}],"wp:term":[{"taxonomy":"product_brand","embeddable":true,"href":"https:\/\/gavilanchi.amarilio.net\/en\/wp-json\/wp\/v2\/product_brand?post=29080"},{"taxonomy":"product_cat","embeddable":true,"href":"https:\/\/gavilanchi.amarilio.net\/en\/wp-json\/wp\/v2\/product_cat?post=29080"},{"taxonomy":"product_tag","embeddable":true,"href":"https:\/\/gavilanchi.amarilio.net\/en\/wp-json\/wp\/v2\/product_tag?post=29080"}],"curies":[{"name":"wp","href":"https:\/\/api.w.org\/{rel}","templated":true}]}}