{"id":29089,"date":"2026-03-23T04:04:31","date_gmt":"2026-03-23T04:04:31","guid":{"rendered":"https:\/\/gavilanchi.amarilio.net\/?post_type=product&#038;p=29089"},"modified":"2026-04-30T05:48:38","modified_gmt":"2026-04-30T05:48:38","slug":"cedro","status":"publish","type":"product","link":"https:\/\/gavilanchi.amarilio.net\/en\/product\/cedro\/","title":{"rendered":"Cedro"},"content":{"rendered":"<p>Propiedades:<\/p>\n<p>Ligera. Medianamente nerviosa. Blanda. Chapa: desenrollo y corte a la plana. Mecanizado: sin problemas. Encolado: se aconseja tratamiento previo superficie debido a la resina. Clavado y atornillado: sin problemas. Acabado: tratamiento previo con tapaporos<\/p>\n<p>&nbsp;<\/p>\n<p>Aplicaciones:<\/p>\n<p>Tableros contrachapados. Cajas de cigarros. Carpinter\u00eda exterior. Carpinter\u00eda interior. Mobiliario y ebanister\u00eda. Escultura. Carpinter\u00eda ligera. Construcci\u00f3n naval. Instrumentos musicales.<\/p>\n<p>&nbsp;<\/p>\n<p>Otros datos:<\/p>\n<p>Fibra: recta o ligeramente entrelazada. Fragancia distintiva. Polvo puede provocar irritaciones en mucosas y garganta. Duramen poco &#8211; no impregnable; albura impregnable &#8211; medianamente impregnable.<\/p>","protected":false},"excerpt":{"rendered":"<p><strong>Propiedades:<\/strong><\/p>\n<p>Ligera. Medianamente nerviosa. Blanda. Chapa: desenrollo y corte a la plana. Mecanizado: sin problemas. Encolado: se aconseja tratamiento previo superficie debido a la resina. Clavado y atornillado: sin problemas. Acabado: tratamiento previo con tapaporos<\/p>\n<p>&nbsp;<\/p>\n<p><strong>Aplicaciones:<\/strong><\/p>\n<p>Tableros contrachapados. Cajas de cigarros. Carpinter\u00eda exterior. Carpinter\u00eda interior. Mobiliario y ebanister\u00eda. Escultura. Carpinter\u00eda ligera. Construcci\u00f3n naval. Instrumentos musicales.<\/p>\n<p>&nbsp;<\/p>\n<p><strong>Otros datos:<\/strong><\/p>\n<p>Fibra: recta o ligeramente entrelazada. Fragancia distintiva. Polvo puede provocar irritaciones en mucosas y garganta. Duramen poco &#8211; no impregnable; albura impregnable &#8211; medianamente impregnable.<\/p>","protected":false},"featured_media":29145,"comment_status":"open","ping_status":"closed","template":"","meta":[],"product_brand":[129],"product_cat":[76],"product_tag":[],"class_list":{"0":"post-29089","1":"product","2":"type-product","3":"status-publish","4":"has-post-thumbnail","6":"product_brand-mader","7":"product_cat-maderas","9":"first","10":"instock","11":"shipping-taxable","12":"purchasable","13":"product-type-simple"},"_links":{"self":[{"href":"https:\/\/gavilanchi.amarilio.net\/en\/wp-json\/wp\/v2\/product\/29089","targetHints":{"allow":["GET"]}}],"collection":[{"href":"https:\/\/gavilanchi.amarilio.net\/en\/wp-json\/wp\/v2\/product"}],"about":[{"href":"https:\/\/gavilanchi.amarilio.net\/en\/wp-json\/wp\/v2\/types\/product"}],"replies":[{"embeddable":true,"href":"https:\/\/gavilanchi.amarilio.net\/en\/wp-json\/wp\/v2\/comments?post=29089"}],"version-history":[{"count":1,"href":"https:\/\/gavilanchi.amarilio.net\/en\/wp-json\/wp\/v2\/product\/29089\/revisions"}],"predecessor-version":[{"id":29146,"href":"https:\/\/gavilanchi.amarilio.net\/en\/wp-json\/wp\/v2\/product\/29089\/revisions\/29146"}],"wp:featuredmedia":[{"embeddable":true,"href":"https:\/\/gavilanchi.amarilio.net\/en\/wp-json\/wp\/v2\/media\/29145"}],"wp:attachment":[{"href":"https:\/\/gavilanchi.amarilio.net\/en\/wp-json\/wp\/v2\/media?parent=29089"}],"wp:term":[{"taxonomy":"product_brand","embeddable":true,"href":"https:\/\/gavilanchi.amarilio.net\/en\/wp-json\/wp\/v2\/product_brand?post=29089"},{"taxonomy":"product_cat","embeddable":true,"href":"https:\/\/gavilanchi.amarilio.net\/en\/wp-json\/wp\/v2\/product_cat?post=29089"},{"taxonomy":"product_tag","embeddable":true,"href":"https:\/\/gavilanchi.amarilio.net\/en\/wp-json\/wp\/v2\/product_tag?post=29089"}],"curies":[{"name":"wp","href":"https:\/\/api.w.org\/{rel}","templated":true}]}}