{"id":29106,"date":"2026-03-23T04:04:33","date_gmt":"2026-03-23T04:04:33","guid":{"rendered":"https:\/\/gavilanchi.amarilio.net\/?post_type=product&#038;p=29106"},"modified":"2026-04-30T05:47:55","modified_gmt":"2026-04-30T05:47:55","slug":"cubo-de-ensamble","status":"publish","type":"product","link":"https:\/\/gavilanchi.amarilio.net\/en\/product\/cubo-de-ensamble\/","title":{"rendered":"Cubo de Ensamble"},"content":{"rendered":"<p>Cubo pl\u00e1stico para ensamble de tableros de melamina, enchapados, mdf, triplay, etc.<\/p>\n<p>Te ofrecen una simplicidad de uso para poder armar piezas, muebles, cocinas, y muchos mas.<\/p>\n<p>&nbsp;<\/p>\n<p>Por su configuraci\u00f3n de fijaci\u00f3n con tornillos de manera cruzada ofrecen una resistencia para cualquier uso tradicional y dom\u00e9stico en tus proyectos.<\/p>\n<p>&nbsp;<\/p>\n<p>Acabados: Pl\u00e1stico<\/p>\n<p><span style=\"font-size: 12.16px;\">Colores disponibles: Caf\u00e9 y Negro<\/span><\/p>\n<p><span style=\"font-size: 12.16px;\">Medidas disponibles:<\/span><\/p>\n<ul>\n<li><span style=\"font-size: 12.16px;\">1\/2&#8243; X 3&#8243; X 1\/2&#8243;<\/span><\/li>\n<li><span style=\"font-size: 12.16px;\">1\/2 X 1 1\/2&#8243; X 1\/2&#8243;<\/span><\/li>\n<\/ul>","protected":false},"excerpt":{"rendered":"<p>Cubo pl\u00e1stico para ensamble de tableros de melamina, enchapados, mdf, triplay, etc.<\/p>\n<p>Te ofrecen una simplicidad de uso para poder armar piezas, muebles, cocinas, y muchos mas.<\/p>\n<p>&nbsp;<\/p>\n<p>Por su configuraci\u00f3n de fijaci\u00f3n con tornillos de manera cruzada ofrecen una resistencia para cualquier uso tradicional y dom\u00e9stico en tus proyectos.<\/p>\n<p>&nbsp;<\/p>\n<p>Acabados: Pl\u00e1stico<\/p>\n<p><span style=\"font-size: 12.16px;\">Colores disponibles: Caf\u00e9 y Negro<\/span><\/p>\n<p><span style=\"font-size: 12.16px;\">Medidas disponibles:<\/span><\/p>\n<ul>\n<li><span style=\"font-size: 12.16px;\">1\/2&#8243; X 3&#8243; X 1\/2&#8243;<\/span><\/li>\n<li><span style=\"font-size: 12.16px;\">1\/2 X 1 1\/2&#8243; X 1\/2&#8243;<\/span><\/li>\n<\/ul>","protected":false},"featured_media":29202,"comment_status":"open","ping_status":"closed","template":"","meta":[],"product_brand":[116],"product_cat":[77],"product_tag":[],"class_list":{"0":"post-29106","1":"product","2":"type-product","3":"status-publish","4":"has-post-thumbnail","6":"product_brand-herra","7":"product_cat-complementos","9":"first","10":"instock","11":"shipping-taxable","12":"purchasable","13":"product-type-simple"},"_links":{"self":[{"href":"https:\/\/gavilanchi.amarilio.net\/en\/wp-json\/wp\/v2\/product\/29106","targetHints":{"allow":["GET"]}}],"collection":[{"href":"https:\/\/gavilanchi.amarilio.net\/en\/wp-json\/wp\/v2\/product"}],"about":[{"href":"https:\/\/gavilanchi.amarilio.net\/en\/wp-json\/wp\/v2\/types\/product"}],"replies":[{"embeddable":true,"href":"https:\/\/gavilanchi.amarilio.net\/en\/wp-json\/wp\/v2\/comments?post=29106"}],"version-history":[{"count":1,"href":"https:\/\/gavilanchi.amarilio.net\/en\/wp-json\/wp\/v2\/product\/29106\/revisions"}],"predecessor-version":[{"id":29203,"href":"https:\/\/gavilanchi.amarilio.net\/en\/wp-json\/wp\/v2\/product\/29106\/revisions\/29203"}],"wp:featuredmedia":[{"embeddable":true,"href":"https:\/\/gavilanchi.amarilio.net\/en\/wp-json\/wp\/v2\/media\/29202"}],"wp:attachment":[{"href":"https:\/\/gavilanchi.amarilio.net\/en\/wp-json\/wp\/v2\/media?parent=29106"}],"wp:term":[{"taxonomy":"product_brand","embeddable":true,"href":"https:\/\/gavilanchi.amarilio.net\/en\/wp-json\/wp\/v2\/product_brand?post=29106"},{"taxonomy":"product_cat","embeddable":true,"href":"https:\/\/gavilanchi.amarilio.net\/en\/wp-json\/wp\/v2\/product_cat?post=29106"},{"taxonomy":"product_tag","embeddable":true,"href":"https:\/\/gavilanchi.amarilio.net\/en\/wp-json\/wp\/v2\/product_tag?post=29106"}],"curies":[{"name":"wp","href":"https:\/\/api.w.org\/{rel}","templated":true}]}}