{"id":29171,"date":"2026-03-23T04:04:54","date_gmt":"2026-03-23T04:04:54","guid":{"rendered":"https:\/\/gavilanchi.amarilio.net\/?post_type=product&#038;p=29171"},"modified":"2026-03-23T04:05:06","modified_gmt":"2026-03-23T04:05:06","slug":"triplay-de-pino-6mm-1-4-2","status":"publish","type":"product","link":"https:\/\/gavilanchi.amarilio.net\/en\/product\/triplay-de-pino-6mm-1-4-2\/","title":{"rendered":"Triplay de Pino 6mm &#8211; 1\/4&#8243;"},"content":{"rendered":"<p><span style=\"color: #000000; font-family: arial, helvetica, sans-serif; font-size: 16px;\">Nuestros tableros, utilizan madera seleccionada, y est\u00e1n formados por 5 capas compuestas de maderas de pino, unidas con pegamentos fen\u00f3licos. Informaci\u00f3n de capas internas; capas media de mayor tama\u00f1o de part\u00edculas y menor densidad, y dos externas con part\u00edculas m\u00e1s finas con mayor densidad. Todo esto en busca de una \u00f3ptima estructuraci\u00f3n y fuerza \u00a0caracter\u00edsticas de nuestro triplay<\/span><span style=\"color: #000000; font-family: arial, helvetica, sans-serif; font-size: 16px;\">, otorgando costo beneficio como ning\u00fan otro.<\/span><\/p>","protected":false},"excerpt":{"rendered":"<p><span style=\"color: #000000; font-family: arial, helvetica, sans-serif; font-size: 16px;\">Nuestros tableros, utilizan madera seleccionada, y est\u00e1n formados por 5 capas compuestas de maderas de pino, unidas con pegamentos fen\u00f3licos. Informaci\u00f3n de capas internas; capas media de mayor tama\u00f1o de part\u00edculas y menor densidad, y dos externas con part\u00edculas m\u00e1s finas con mayor densidad. Todo esto en busca de una \u00f3ptima estructuraci\u00f3n y fuerza \u00a0caracter\u00edsticas de nuestro triplay<\/span><span style=\"color: #000000; font-family: arial, helvetica, sans-serif; font-size: 16px;\">, otorgando costo beneficio como ning\u00fan otro.<\/span><\/p>","protected":false},"featured_media":29142,"comment_status":"open","ping_status":"closed","template":"","meta":[],"product_brand":[],"product_cat":[78],"product_tag":[],"class_list":{"0":"post-29171","1":"product","2":"type-product","3":"status-publish","4":"has-post-thumbnail","6":"product_cat-triplay","8":"first","9":"instock","10":"shipping-taxable","11":"product-type-simple"},"_links":{"self":[{"href":"https:\/\/gavilanchi.amarilio.net\/en\/wp-json\/wp\/v2\/product\/29171","targetHints":{"allow":["GET"]}}],"collection":[{"href":"https:\/\/gavilanchi.amarilio.net\/en\/wp-json\/wp\/v2\/product"}],"about":[{"href":"https:\/\/gavilanchi.amarilio.net\/en\/wp-json\/wp\/v2\/types\/product"}],"replies":[{"embeddable":true,"href":"https:\/\/gavilanchi.amarilio.net\/en\/wp-json\/wp\/v2\/comments?post=29171"}],"version-history":[{"count":1,"href":"https:\/\/gavilanchi.amarilio.net\/en\/wp-json\/wp\/v2\/product\/29171\/revisions"}],"predecessor-version":[{"id":29220,"href":"https:\/\/gavilanchi.amarilio.net\/en\/wp-json\/wp\/v2\/product\/29171\/revisions\/29220"}],"wp:featuredmedia":[{"embeddable":true,"href":"https:\/\/gavilanchi.amarilio.net\/en\/wp-json\/wp\/v2\/media\/29142"}],"wp:attachment":[{"href":"https:\/\/gavilanchi.amarilio.net\/en\/wp-json\/wp\/v2\/media?parent=29171"}],"wp:term":[{"taxonomy":"product_brand","embeddable":true,"href":"https:\/\/gavilanchi.amarilio.net\/en\/wp-json\/wp\/v2\/product_brand?post=29171"},{"taxonomy":"product_cat","embeddable":true,"href":"https:\/\/gavilanchi.amarilio.net\/en\/wp-json\/wp\/v2\/product_cat?post=29171"},{"taxonomy":"product_tag","embeddable":true,"href":"https:\/\/gavilanchi.amarilio.net\/en\/wp-json\/wp\/v2\/product_tag?post=29171"}],"curies":[{"name":"wp","href":"https:\/\/api.w.org\/{rel}","templated":true}]}}