{"id":29175,"date":"2026-03-23T04:04:54","date_gmt":"2026-03-23T04:04:54","guid":{"rendered":"https:\/\/gavilanchi.amarilio.net\/?post_type=product&#038;p=29175"},"modified":"2026-03-23T04:05:08","modified_gmt":"2026-03-23T04:05:08","slug":"pino","status":"publish","type":"product","link":"https:\/\/gavilanchi.amarilio.net\/en\/product\/pino\/","title":{"rendered":"Pino"},"content":{"rendered":"<p style=\"font-size: 12.16px;\"><b>DESCRIPCI\u00d3N<\/b><strong>\u00a0GENERAL<\/strong><\/p>\n<p style=\"font-size: 12.16px;\">Es especialmente adecuada para aplicaciones que deban soportar un tr\u00e1fico elevado tales como pavimentos de madera, pasarelas peatonales y forjados. Uniones con conectores \u2013 La capacidad del Pino frente al clavado y a otros tipos de conectores se encuentra entre las m\u00e1s altas de todas las con\u00edferas. La madera seca o pre-acondicionada de Pino Amarillo mejora la capacidad de uni\u00f3n con conectores. Impregnabilidad \u2013 El Pino Amarillo es una especie de preferencia cuando se requiere un tratamiento a presi\u00f3n de la madera. La estructura celular \u02d9nica del Pino Amarillo facilita la penetraci\u00f3n uniforme y en profundidad de los protectores, haciendo a la madera inadecuada como alimento de los hongos, termitas y otros microorganismos. La mayor parte de las especies son poco impregnables y deben ser perforadas o mecanizadas con una serie de peque\u00f1as hendiduras en la superficie de la madera en la direcci\u00f3n de la fibra.<\/p>\n<p style=\"font-size: 12.16px;\"><strong>CALIDAD\u00a0<\/strong><\/p>\n<p style=\"font-size: 12.16px;\">La madera de Pino es elaborada en diferentes calidades y dimensiones. Cada calidad limita ciertas caracter\u00edsticas tales como nudos, fendas superficiales y rajas. Junto con los posibles defectos de fabricaci\u00f3n, estas caracter\u00edsticas contribuyen al aspecto total de una pieza de madera aserrada.<\/p>","protected":false},"excerpt":{"rendered":"<p style=\"font-size: 12.16px;\"><b>DESCRIPCI\u00d3N<\/b><strong>\u00a0GENERAL<\/strong><\/p>\n<p style=\"font-size: 12.16px;\">Es especialmente adecuada para aplicaciones que deban soportar un tr\u00e1fico elevado tales como pavimentos de madera, pasarelas peatonales y forjados. Uniones con conectores \u2013 La capacidad del Pino frente al clavado y a otros tipos de conectores se encuentra entre las m\u00e1s altas de todas las con\u00edferas. La madera seca o pre-acondicionada de Pino Amarillo mejora la capacidad de uni\u00f3n con conectores. Impregnabilidad \u2013 El Pino Amarillo es una especie de preferencia cuando se requiere un tratamiento a presi\u00f3n de la madera. La estructura celular \u02d9nica del Pino Amarillo facilita la penetraci\u00f3n uniforme y en profundidad de los protectores, haciendo a la madera inadecuada como alimento de los hongos, termitas y otros microorganismos. La mayor parte de las especies son poco impregnables y deben ser perforadas o mecanizadas con una serie de peque\u00f1as hendiduras en la superficie de la madera en la direcci\u00f3n de la fibra.<\/p>\n<p style=\"font-size: 12.16px;\"><strong>CALIDAD\u00a0<\/strong><\/p>\n<p style=\"font-size: 12.16px;\">La madera de Pino es elaborada en diferentes calidades y dimensiones. Cada calidad limita ciertas caracter\u00edsticas tales como nudos, fendas superficiales y rajas. Junto con los posibles defectos de fabricaci\u00f3n, estas caracter\u00edsticas contribuyen al aspecto total de una pieza de madera aserrada.<\/p>","protected":false},"featured_media":29231,"comment_status":"open","ping_status":"closed","template":"","meta":[],"product_brand":[],"product_cat":[76],"product_tag":[],"class_list":{"0":"post-29175","1":"product","2":"type-product","3":"status-publish","4":"has-post-thumbnail","6":"product_cat-maderas","8":"first","9":"instock","10":"shipping-taxable","11":"product-type-simple"},"_links":{"self":[{"href":"https:\/\/gavilanchi.amarilio.net\/en\/wp-json\/wp\/v2\/product\/29175","targetHints":{"allow":["GET"]}}],"collection":[{"href":"https:\/\/gavilanchi.amarilio.net\/en\/wp-json\/wp\/v2\/product"}],"about":[{"href":"https:\/\/gavilanchi.amarilio.net\/en\/wp-json\/wp\/v2\/types\/product"}],"replies":[{"embeddable":true,"href":"https:\/\/gavilanchi.amarilio.net\/en\/wp-json\/wp\/v2\/comments?post=29175"}],"version-history":[{"count":1,"href":"https:\/\/gavilanchi.amarilio.net\/en\/wp-json\/wp\/v2\/product\/29175\/revisions"}],"predecessor-version":[{"id":29232,"href":"https:\/\/gavilanchi.amarilio.net\/en\/wp-json\/wp\/v2\/product\/29175\/revisions\/29232"}],"wp:featuredmedia":[{"embeddable":true,"href":"https:\/\/gavilanchi.amarilio.net\/en\/wp-json\/wp\/v2\/media\/29231"}],"wp:attachment":[{"href":"https:\/\/gavilanchi.amarilio.net\/en\/wp-json\/wp\/v2\/media?parent=29175"}],"wp:term":[{"taxonomy":"product_brand","embeddable":true,"href":"https:\/\/gavilanchi.amarilio.net\/en\/wp-json\/wp\/v2\/product_brand?post=29175"},{"taxonomy":"product_cat","embeddable":true,"href":"https:\/\/gavilanchi.amarilio.net\/en\/wp-json\/wp\/v2\/product_cat?post=29175"},{"taxonomy":"product_tag","embeddable":true,"href":"https:\/\/gavilanchi.amarilio.net\/en\/wp-json\/wp\/v2\/product_tag?post=29175"}],"curies":[{"name":"wp","href":"https:\/\/api.w.org\/{rel}","templated":true}]}}