{"id":29176,"date":"2026-03-23T04:04:54","date_gmt":"2026-03-23T04:04:54","guid":{"rendered":"https:\/\/gavilanchi.amarilio.net\/?post_type=product&#038;p=29176"},"modified":"2026-03-23T04:05:10","modified_gmt":"2026-03-23T04:05:10","slug":"encino-2","status":"publish","type":"product","link":"https:\/\/gavilanchi.amarilio.net\/en\/product\/encino-2\/","title":{"rendered":"Encino"},"content":{"rendered":"<p>DESCRIPCI\u00d3N GENERAL<\/p>\n<p>El color del albura del encino rojo va de blanco a caf\u00e9 claro y el del duramen es caf\u00e9 rosado rojizo. La madera es similar en apariencia general al encino blanco, pero con un dibujo ligeramente menos pronunciado, producto de rayos m\u00e1s peque\u00f1os. La madera en su mayor\u00eda contiene vetas rectas, y es de textura \u00e1spera. El \u00e1rbol de encino rojo obtiene su nombre del color de sus hojas en el oto\u00f1o.<\/p>\n<p>&nbsp;<\/p>\n<p>PROPIEDADES DE CONVERSI\u00d3N<\/p>\n<p>El encino rojo se maquina bien. El clavado y el atornillado resulta bueno, aunque se recomienda el taladrado previo. Se entinta y se pule para lograr un buen acabado. Seca con lentitud y tiene tendencia a separarse y a pandearse. El encogimiento es elevado, y es susceptible a fluctuaci\u00f3n en el rendimiento.<\/p>\n<p>&nbsp;<\/p>\n<p>PROPIEDADES F\u00cdSICAS<\/p>\n<p>La madera es dura y pesada, con resistencia y rigidez media a la flexi\u00f3n, as\u00ed como alta resistencia al impacto, es muy buena en el curvado por vapor. El encino rojo del Sur tiene un crecimiento m\u00e1s r\u00e1pido que el del encino rojo del Norte y tiende a ser m\u00e1s duro y pesado.<\/p>\n<p>&nbsp;<\/p>\n<p>DURABILIDAD<\/p>\n<p>Esta clasificada de ligeramente a no resistente a la descomposici\u00f3n del duramen, y es moderadamente f\u00e1cil de tratar con conservadores.<\/p>\n<p>&nbsp;<\/p>\n<p>USOS PRINCIPALES<\/p>\n<p>Construcci\u00f3n, muebles, duela, interiores arquitect\u00f3nicos, ebanister\u00eda y molduras interiores, puertas, gabinetes de cocina, paneles, ata\u00fades y cofres. No es conveniente para barriler\u00eda herm\u00e9tica. El encino rojo puede variar en color, textura, caracter\u00edsticas y propiedades, dependiendo de la regi\u00f3n de crecimiento. Por lo anterior, se recomienda que los usuarios y los especificadores trabajen conjuntamente con sus proveedores para asegurarse de que la madera que est\u00e1n solicitando se ajusta a sus necesidades espec\u00edficas.<\/p>","protected":false},"excerpt":{"rendered":"<p>DESCRIPCI\u00d3N GENERAL<\/p>\n<p>El color del albura del encino rojo va de blanco a caf\u00e9 claro y el del duramen es caf\u00e9 rosado rojizo. La madera es similar en apariencia general al encino blanco, pero con un dibujo ligeramente menos pronunciado, producto de rayos m\u00e1s peque\u00f1os. La madera en su mayor\u00eda contiene vetas rectas, y es de textura \u00e1spera. El \u00e1rbol de encino rojo obtiene su nombre del color de sus hojas en el oto\u00f1o.<\/p>\n<p>&nbsp;<\/p>\n<p>PROPIEDADES DE CONVERSI\u00d3N<\/p>\n<p>El encino rojo se maquina bien. El clavado y el atornillado resulta bueno, aunque se recomienda el taladrado previo. Se entinta y se pule para lograr un buen acabado. Seca con lentitud y tiene tendencia a separarse y a pandearse. El encogimiento es elevado, y es susceptible a fluctuaci\u00f3n en el rendimiento.<\/p>\n<p>&nbsp;<\/p>\n<p>PROPIEDADES F\u00cdSICAS<\/p>\n<p>La madera es dura y pesada, con resistencia y rigidez media a la flexi\u00f3n, as\u00ed como alta resistencia al impacto, es muy buena en el curvado por vapor. El encino rojo del Sur tiene un crecimiento m\u00e1s r\u00e1pido que el del encino rojo del Norte y tiende a ser m\u00e1s duro y pesado.<\/p>\n<p>&nbsp;<\/p>\n<p>DURABILIDAD<\/p>\n<p>Esta clasificada de ligeramente a no resistente a la descomposici\u00f3n del duramen, y es moderadamente f\u00e1cil de tratar con conservadores.<\/p>\n<p>&nbsp;<\/p>\n<p>USOS PRINCIPALES<\/p>\n<p>Construcci\u00f3n, muebles, duela, interiores arquitect\u00f3nicos, ebanister\u00eda y molduras interiores, puertas, gabinetes de cocina, paneles, ata\u00fades y cofres. No es conveniente para barriler\u00eda herm\u00e9tica. El encino rojo puede variar en color, textura, caracter\u00edsticas y propiedades, dependiendo de la regi\u00f3n de crecimiento. Por lo anterior, se recomienda que los usuarios y los especificadores trabajen conjuntamente con sus proveedores para asegurarse de que la madera que est\u00e1n solicitando se ajusta a sus necesidades espec\u00edficas.<\/p>","protected":false},"featured_media":29235,"comment_status":"open","ping_status":"closed","template":"","meta":[],"product_brand":[],"product_cat":[76],"product_tag":[],"class_list":{"0":"post-29176","1":"product","2":"type-product","3":"status-publish","4":"has-post-thumbnail","6":"product_cat-maderas","8":"first","9":"instock","10":"shipping-taxable","11":"product-type-simple"},"_links":{"self":[{"href":"https:\/\/gavilanchi.amarilio.net\/en\/wp-json\/wp\/v2\/product\/29176","targetHints":{"allow":["GET"]}}],"collection":[{"href":"https:\/\/gavilanchi.amarilio.net\/en\/wp-json\/wp\/v2\/product"}],"about":[{"href":"https:\/\/gavilanchi.amarilio.net\/en\/wp-json\/wp\/v2\/types\/product"}],"replies":[{"embeddable":true,"href":"https:\/\/gavilanchi.amarilio.net\/en\/wp-json\/wp\/v2\/comments?post=29176"}],"version-history":[{"count":1,"href":"https:\/\/gavilanchi.amarilio.net\/en\/wp-json\/wp\/v2\/product\/29176\/revisions"}],"predecessor-version":[{"id":29236,"href":"https:\/\/gavilanchi.amarilio.net\/en\/wp-json\/wp\/v2\/product\/29176\/revisions\/29236"}],"wp:featuredmedia":[{"embeddable":true,"href":"https:\/\/gavilanchi.amarilio.net\/en\/wp-json\/wp\/v2\/media\/29235"}],"wp:attachment":[{"href":"https:\/\/gavilanchi.amarilio.net\/en\/wp-json\/wp\/v2\/media?parent=29176"}],"wp:term":[{"taxonomy":"product_brand","embeddable":true,"href":"https:\/\/gavilanchi.amarilio.net\/en\/wp-json\/wp\/v2\/product_brand?post=29176"},{"taxonomy":"product_cat","embeddable":true,"href":"https:\/\/gavilanchi.amarilio.net\/en\/wp-json\/wp\/v2\/product_cat?post=29176"},{"taxonomy":"product_tag","embeddable":true,"href":"https:\/\/gavilanchi.amarilio.net\/en\/wp-json\/wp\/v2\/product_tag?post=29176"}],"curies":[{"name":"wp","href":"https:\/\/api.w.org\/{rel}","templated":true}]}}