{"id":29177,"date":"2026-03-23T04:04:54","date_gmt":"2026-03-23T04:04:54","guid":{"rendered":"https:\/\/gavilanchi.amarilio.net\/?post_type=product&#038;p=29177"},"modified":"2026-03-23T04:05:11","modified_gmt":"2026-03-23T04:05:11","slug":"cumaru","status":"publish","type":"product","link":"https:\/\/gavilanchi.amarilio.net\/en\/product\/cumaru\/","title":{"rendered":"Cumar\u00fa"},"content":{"rendered":"<p>Propiedades:<\/p>\n<p>Muy pesada. Nerviosa. Muy dura. Chapas: apta corte a la plana. Mecanizado: dif\u00edcil debido a su dureza y fibra entrelazada. Encolado: delicado o dif\u00edcil debido a la presencia de aceites. Clavado y atornillado: taladros previos. Acabado: sin problemas.<\/p>\n<p>&nbsp;<\/p>\n<p>Aplicaciones:<\/p>\n<p>Carpinter\u00eda interior (suelos). Traviesas, postes, apeas de minas. Carpinter\u00eda de armar. Construcci\u00f3n naval. Obras hidr\u00e1ulicas.Chapa decorativas<\/p>\n<p>&nbsp;<\/p>\n<p>Otros datos:<\/p>\n<p>Fibra es entrelazada. Tacto ceroso o aceitoso. Madera durable frente a hongos e insectos xil\u00f3fagos. Duramen no impregnable, albura var\u00eda de impregnable a medianamente impregnable.<\/p>","protected":false},"excerpt":{"rendered":"<p><strong>Propiedades:<\/strong><\/p>\n<p>Muy pesada. Nerviosa. Muy dura. Chapas: apta corte a la plana. Mecanizado: dif\u00edcil debido a su dureza y fibra entrelazada. Encolado: delicado o dif\u00edcil debido a la presencia de aceites. Clavado y atornillado: taladros previos. Acabado: sin problemas.<\/p>\n<p><strong>Aplicaciones:<\/strong><\/p>\n<p>Carpinter\u00eda interior (suelos). Traviesas, postes, apeas de minas. Carpinter\u00eda de armar. Construcci\u00f3n naval. Obras hidr\u00e1ulicas.Chapa decorativas<\/p>\n<p><strong>Otros datos:<\/strong><\/p>\n<p>Fibra es entrelazada. Tacto ceroso o aceitoso. Madera durable frente a hongos e insectos xil\u00f3fagos. Duramen no impregnable, albura var\u00eda de impregnable a medianamente impregnable.<\/p>","protected":false},"featured_media":29239,"comment_status":"open","ping_status":"closed","template":"","meta":[],"product_brand":[],"product_cat":[76],"product_tag":[],"class_list":{"0":"post-29177","1":"product","2":"type-product","3":"status-publish","4":"has-post-thumbnail","6":"product_cat-maderas","8":"first","9":"instock","10":"shipping-taxable","11":"product-type-simple"},"_links":{"self":[{"href":"https:\/\/gavilanchi.amarilio.net\/en\/wp-json\/wp\/v2\/product\/29177","targetHints":{"allow":["GET"]}}],"collection":[{"href":"https:\/\/gavilanchi.amarilio.net\/en\/wp-json\/wp\/v2\/product"}],"about":[{"href":"https:\/\/gavilanchi.amarilio.net\/en\/wp-json\/wp\/v2\/types\/product"}],"replies":[{"embeddable":true,"href":"https:\/\/gavilanchi.amarilio.net\/en\/wp-json\/wp\/v2\/comments?post=29177"}],"version-history":[{"count":1,"href":"https:\/\/gavilanchi.amarilio.net\/en\/wp-json\/wp\/v2\/product\/29177\/revisions"}],"predecessor-version":[{"id":29240,"href":"https:\/\/gavilanchi.amarilio.net\/en\/wp-json\/wp\/v2\/product\/29177\/revisions\/29240"}],"wp:featuredmedia":[{"embeddable":true,"href":"https:\/\/gavilanchi.amarilio.net\/en\/wp-json\/wp\/v2\/media\/29239"}],"wp:attachment":[{"href":"https:\/\/gavilanchi.amarilio.net\/en\/wp-json\/wp\/v2\/media?parent=29177"}],"wp:term":[{"taxonomy":"product_brand","embeddable":true,"href":"https:\/\/gavilanchi.amarilio.net\/en\/wp-json\/wp\/v2\/product_brand?post=29177"},{"taxonomy":"product_cat","embeddable":true,"href":"https:\/\/gavilanchi.amarilio.net\/en\/wp-json\/wp\/v2\/product_cat?post=29177"},{"taxonomy":"product_tag","embeddable":true,"href":"https:\/\/gavilanchi.amarilio.net\/en\/wp-json\/wp\/v2\/product_tag?post=29177"}],"curies":[{"name":"wp","href":"https:\/\/api.w.org\/{rel}","templated":true}]}}