{"id":29180,"date":"2026-03-23T04:04:55","date_gmt":"2026-03-23T04:04:55","guid":{"rendered":"https:\/\/gavilanchi.amarilio.net\/?post_type=product&#038;p=29180"},"modified":"2026-03-23T04:05:12","modified_gmt":"2026-03-23T04:05:12","slug":"mdf-natural-9mm-3-8","status":"publish","type":"product","link":"https:\/\/gavilanchi.amarilio.net\/en\/product\/mdf-natural-9mm-3-8\/","title":{"rendered":"MDF Natural 9mm &#8211; 3\/8&#8243;"},"content":{"rendered":"<p style=\"margin: 0px 0px 20px; color: #747474;\">Es un tablero de fibras de madera unidas por adhesivos urea-formaldeh\u00eddo. Las fibras de madera son obtenidas mediante un proceso termo-mec\u00e1nico y unidas con adhesivo que polimeriza mediante altas presiones y temperaturas.<\/p>\n<p style=\"margin: 0px 0px 20px; color: #747474;\">Cuenta con\u00a0de fibras de densidad media, de baja emisi\u00f3n de formaldehido, es el \u00fanico fabricado pensando en las necesidades y econom\u00eda de sus usuarios.<\/p>\n<p style=\"margin: 0px 0px 20px; color: #747474;\"><b>PRINCIPALES USOS<\/b><\/p>\n<p style=\"margin: 0px 0px 20px; color: #747474;\">\u2022 Muebles laqueados y con molduras<\/p>\n<p style=\"margin: 0px 0px 20px; color: #747474;\">\u2022 Armado de elementos no sujetos a peso (cuerpo de cajones, puertas laterales, divisiones\u00a0 etc. )<\/p>\n<p style=\"margin: 0px 0px 20px; color: #747474;\">\u2022 Estructuraci\u00f3n de muebles<\/p>\n<p style=\"margin: 0px 0px 20px; color: #747474;\">\u2022 Recubrimientos de mamparas<\/p>\n<p style=\"margin: 0px 0px 20px; color: #747474;\">\u2022 Cubiertas de muebles<\/p>\n<p style=\"margin: 0px 0px 20px; color: #747474;\">\u2022 Muros divisorios<\/p>\n<p style=\"margin: 0px 0px 20px; color: #747474;\"><b>RECOMENDACIONES DE USO<\/b><\/p>\n<p style=\"margin: 0px 0px 20px; color: #747474;\">Excelente pintabilidad y moldurabilidad, que permite excelentes terminaciones, con un importante ahorro de pintura y un menor desgaste de herramientas. La amplia variedad de tableros (gruesos, delgados, desnudos y recubiertos) y su gran versatilidad, hacen que Masisa MDF\u00a0 sea la respuesta a las necesidades de dise\u00f1adores, arquitect\u00f3nicos e industria del mueble.<\/p>","protected":false},"excerpt":{"rendered":"<p style=\"margin: 0px 0px 20px; color: #747474;\">Es un tablero de fibras de madera unidas por adhesivos urea-formaldeh\u00eddo. Las fibras de madera son obtenidas mediante un proceso termo-mec\u00e1nico y unidas con adhesivo que polimeriza mediante altas presiones y temperaturas.<\/p>\n<p style=\"margin: 0px 0px 20px; color: #747474;\">Cuenta con\u00a0de fibras de densidad media, de baja emisi\u00f3n de formaldehido, es el \u00fanico fabricado pensando en las necesidades y econom\u00eda de sus usuarios.<\/p>\n<p style=\"margin: 0px 0px 20px; color: #747474;\"><b>PRINCIPALES USOS<\/b><\/p>\n<p style=\"margin: 0px 0px 20px; color: #747474;\">\u2022 Muebles laqueados y con molduras<\/p>\n<p style=\"margin: 0px 0px 20px; color: #747474;\">\u2022 Armado de elementos no sujetos a peso (cuerpo de cajones, puertas laterales, divisiones\u00a0 etc. )<\/p>\n<p style=\"margin: 0px 0px 20px; color: #747474;\">\u2022 Estructuraci\u00f3n de muebles<\/p>\n<p style=\"margin: 0px 0px 20px; color: #747474;\">\u2022 Recubrimientos de mamparas<\/p>\n<p style=\"margin: 0px 0px 20px; color: #747474;\">\u2022 Cubiertas de muebles<\/p>\n<p style=\"margin: 0px 0px 20px; color: #747474;\">\u2022 Muros divisorios<\/p>\n<p style=\"margin: 0px 0px 20px; color: #747474;\"><b>RECOMENDACIONES DE USO<\/b><\/p>\n<p style=\"margin: 0px 0px 20px; color: #747474;\">Excelente pintabilidad y moldurabilidad, que permite excelentes terminaciones, con un importante ahorro de pintura y un menor desgaste de herramientas. La amplia variedad de tableros (gruesos, delgados, desnudos y recubiertos) y su gran versatilidad, hacen que Masisa MDF\u00a0 sea la respuesta a las necesidades de dise\u00f1adores, arquitect\u00f3nicos e industria del mueble.<\/p>","protected":false},"featured_media":29249,"comment_status":"open","ping_status":"closed","template":"","meta":[],"product_brand":[],"product_cat":[83],"product_tag":[],"class_list":{"0":"post-29180","1":"product","2":"type-product","3":"status-publish","4":"has-post-thumbnail","6":"product_cat-mdf-natural","8":"first","9":"instock","10":"shipping-taxable","11":"product-type-simple"},"_links":{"self":[{"href":"https:\/\/gavilanchi.amarilio.net\/en\/wp-json\/wp\/v2\/product\/29180","targetHints":{"allow":["GET"]}}],"collection":[{"href":"https:\/\/gavilanchi.amarilio.net\/en\/wp-json\/wp\/v2\/product"}],"about":[{"href":"https:\/\/gavilanchi.amarilio.net\/en\/wp-json\/wp\/v2\/types\/product"}],"replies":[{"embeddable":true,"href":"https:\/\/gavilanchi.amarilio.net\/en\/wp-json\/wp\/v2\/comments?post=29180"}],"version-history":[{"count":1,"href":"https:\/\/gavilanchi.amarilio.net\/en\/wp-json\/wp\/v2\/product\/29180\/revisions"}],"predecessor-version":[{"id":29250,"href":"https:\/\/gavilanchi.amarilio.net\/en\/wp-json\/wp\/v2\/product\/29180\/revisions\/29250"}],"wp:featuredmedia":[{"embeddable":true,"href":"https:\/\/gavilanchi.amarilio.net\/en\/wp-json\/wp\/v2\/media\/29249"}],"wp:attachment":[{"href":"https:\/\/gavilanchi.amarilio.net\/en\/wp-json\/wp\/v2\/media?parent=29180"}],"wp:term":[{"taxonomy":"product_brand","embeddable":true,"href":"https:\/\/gavilanchi.amarilio.net\/en\/wp-json\/wp\/v2\/product_brand?post=29180"},{"taxonomy":"product_cat","embeddable":true,"href":"https:\/\/gavilanchi.amarilio.net\/en\/wp-json\/wp\/v2\/product_cat?post=29180"},{"taxonomy":"product_tag","embeddable":true,"href":"https:\/\/gavilanchi.amarilio.net\/en\/wp-json\/wp\/v2\/product_tag?post=29180"}],"curies":[{"name":"wp","href":"https:\/\/api.w.org\/{rel}","templated":true}]}}