{"id":29185,"date":"2026-03-23T04:04:55","date_gmt":"2026-03-23T04:04:55","guid":{"rendered":"https:\/\/gavilanchi.amarilio.net\/?post_type=product&#038;p=29185"},"modified":"2026-04-30T05:48:38","modified_gmt":"2026-04-30T05:48:38","slug":"caoba","status":"publish","type":"product","link":"https:\/\/gavilanchi.amarilio.net\/en\/product\/caoba\/","title":{"rendered":"Caoba"},"content":{"rendered":"<p>Propiedades:<\/p>\n<p>Semipesada. Medianamente nerviosa. Semidura. Chapas: apta por desenrollo y corte a la plana. Mecanizado: sin problemas. Encolado, Clavado y atornillado, y Acabado: sin problemas.<\/p>\n<p>&nbsp;<\/p>\n<p>Aplicaciones:<\/p>\n<p>Mobiliario y ebanister\u00eda. Chapas para recubrimientos decorativos. Carpinter\u00eda exterior. Carpinter\u00eda interior. Construcci\u00f3n naval. Torner\u00eda. Talla y escultura. Elementos deportivos y mangos de herramientas. Tableros contrachapados. Instrumentos musicales.<\/p>","protected":false},"excerpt":{"rendered":"<p><strong>Propiedades:<\/strong><\/p>\n<p>Semipesada. Medianamente nerviosa. Semidura. Chapas: apta por desenrollo y corte a la plana. Mecanizado: sin problemas. Encolado, Clavado y atornillado, y Acabado: sin problemas.<\/p>\n<p>&nbsp;<\/p>\n<p><strong>Aplicaciones:<\/strong><\/p>\n<p>Mobiliario y ebanister\u00eda. Chapas para recubrimientos decorativos. Carpinter\u00eda exterior. Carpinter\u00eda interior. Construcci\u00f3n naval. Torner\u00eda. Talla y escultura. Elementos deportivos y mangos de herramientas. Tableros contrachapados. Instrumentos musicales.<\/p>","protected":false},"featured_media":29260,"comment_status":"open","ping_status":"closed","template":"","meta":[],"product_brand":[129],"product_cat":[76],"product_tag":[],"class_list":{"0":"post-29185","1":"product","2":"type-product","3":"status-publish","4":"has-post-thumbnail","6":"product_brand-mader","7":"product_cat-maderas","9":"first","10":"instock","11":"shipping-taxable","12":"purchasable","13":"product-type-simple"},"_links":{"self":[{"href":"https:\/\/gavilanchi.amarilio.net\/en\/wp-json\/wp\/v2\/product\/29185","targetHints":{"allow":["GET"]}}],"collection":[{"href":"https:\/\/gavilanchi.amarilio.net\/en\/wp-json\/wp\/v2\/product"}],"about":[{"href":"https:\/\/gavilanchi.amarilio.net\/en\/wp-json\/wp\/v2\/types\/product"}],"replies":[{"embeddable":true,"href":"https:\/\/gavilanchi.amarilio.net\/en\/wp-json\/wp\/v2\/comments?post=29185"}],"version-history":[{"count":1,"href":"https:\/\/gavilanchi.amarilio.net\/en\/wp-json\/wp\/v2\/product\/29185\/revisions"}],"predecessor-version":[{"id":29261,"href":"https:\/\/gavilanchi.amarilio.net\/en\/wp-json\/wp\/v2\/product\/29185\/revisions\/29261"}],"wp:featuredmedia":[{"embeddable":true,"href":"https:\/\/gavilanchi.amarilio.net\/en\/wp-json\/wp\/v2\/media\/29260"}],"wp:attachment":[{"href":"https:\/\/gavilanchi.amarilio.net\/en\/wp-json\/wp\/v2\/media?parent=29185"}],"wp:term":[{"taxonomy":"product_brand","embeddable":true,"href":"https:\/\/gavilanchi.amarilio.net\/en\/wp-json\/wp\/v2\/product_brand?post=29185"},{"taxonomy":"product_cat","embeddable":true,"href":"https:\/\/gavilanchi.amarilio.net\/en\/wp-json\/wp\/v2\/product_cat?post=29185"},{"taxonomy":"product_tag","embeddable":true,"href":"https:\/\/gavilanchi.amarilio.net\/en\/wp-json\/wp\/v2\/product_tag?post=29185"}],"curies":[{"name":"wp","href":"https:\/\/api.w.org\/{rel}","templated":true}]}}