{"id":29186,"date":"2026-03-23T04:04:55","date_gmt":"2026-03-23T04:04:55","guid":{"rendered":"https:\/\/gavilanchi.amarilio.net\/?post_type=product&#038;p=29186"},"modified":"2026-03-23T04:05:20","modified_gmt":"2026-03-23T04:05:20","slug":"teka","status":"publish","type":"product","link":"https:\/\/gavilanchi.amarilio.net\/en\/product\/teka\/","title":{"rendered":"Teka"},"content":{"rendered":"<p>Propiedades:<\/p>\n<p>Semipesada. Poco nerviosa. Semidura. Chapa: apta. Mecanizado: sin problemas. Encolado: sin problemas. Clavado y atornillado: taladros previos. Acabado: tratamiento superficial previo.<\/p>\n<p>&nbsp;<\/p>\n<p>Aplicaciones:<\/p>\n<p>Chapas decorativas. Mobiliario y ebanister\u00eda. Carpinter\u00eda interior y exterior. Construcci\u00f3n naval. Puentes. Torner\u00eda.<\/p>\n<p>&nbsp;<\/p>\n<p>Otros datos:<\/p>\n<p>Fibra: recta, a veces ondulada. Tacto aceitoso. Presenta tasas de s\u00edlice variables. Duramen no impregnable, albura poco impregnable.<\/p>","protected":false},"excerpt":{"rendered":"<p>Propiedades:<\/p>\n<p>Semipesada. Poco nerviosa. Semidura. Chapa: apta. Mecanizado: sin problemas. Encolado: sin problemas. Clavado y atornillado: taladros previos. Acabado: tratamiento superficial previo.<\/p>\n<p>&nbsp;<\/p>\n<p>Aplicaciones:<\/p>\n<p>Chapas decorativas. Mobiliario y ebanister\u00eda. Carpinter\u00eda interior y exterior. Construcci\u00f3n naval. Puentes. Torner\u00eda.<\/p>\n<p>&nbsp;<\/p>\n<p>Otros datos:<\/p>\n<p>Fibra: recta, a veces ondulada. Tacto aceitoso. Presenta tasas de s\u00edlice variables. Duramen no impregnable, albura poco impregnable.<\/p>","protected":false},"featured_media":29290,"comment_status":"open","ping_status":"closed","template":"","meta":[],"product_brand":[],"product_cat":[76],"product_tag":[],"class_list":{"0":"post-29186","1":"product","2":"type-product","3":"status-publish","4":"has-post-thumbnail","6":"product_cat-maderas","8":"first","9":"instock","10":"shipping-taxable","11":"product-type-simple"},"_links":{"self":[{"href":"https:\/\/gavilanchi.amarilio.net\/en\/wp-json\/wp\/v2\/product\/29186","targetHints":{"allow":["GET"]}}],"collection":[{"href":"https:\/\/gavilanchi.amarilio.net\/en\/wp-json\/wp\/v2\/product"}],"about":[{"href":"https:\/\/gavilanchi.amarilio.net\/en\/wp-json\/wp\/v2\/types\/product"}],"replies":[{"embeddable":true,"href":"https:\/\/gavilanchi.amarilio.net\/en\/wp-json\/wp\/v2\/comments?post=29186"}],"version-history":[{"count":1,"href":"https:\/\/gavilanchi.amarilio.net\/en\/wp-json\/wp\/v2\/product\/29186\/revisions"}],"predecessor-version":[{"id":29291,"href":"https:\/\/gavilanchi.amarilio.net\/en\/wp-json\/wp\/v2\/product\/29186\/revisions\/29291"}],"wp:featuredmedia":[{"embeddable":true,"href":"https:\/\/gavilanchi.amarilio.net\/en\/wp-json\/wp\/v2\/media\/29290"}],"wp:attachment":[{"href":"https:\/\/gavilanchi.amarilio.net\/en\/wp-json\/wp\/v2\/media?parent=29186"}],"wp:term":[{"taxonomy":"product_brand","embeddable":true,"href":"https:\/\/gavilanchi.amarilio.net\/en\/wp-json\/wp\/v2\/product_brand?post=29186"},{"taxonomy":"product_cat","embeddable":true,"href":"https:\/\/gavilanchi.amarilio.net\/en\/wp-json\/wp\/v2\/product_cat?post=29186"},{"taxonomy":"product_tag","embeddable":true,"href":"https:\/\/gavilanchi.amarilio.net\/en\/wp-json\/wp\/v2\/product_tag?post=29186"}],"curies":[{"name":"wp","href":"https:\/\/api.w.org\/{rel}","templated":true}]}}