{"id":29187,"date":"2026-03-23T04:04:55","date_gmt":"2026-03-23T04:04:55","guid":{"rendered":"https:\/\/gavilanchi.amarilio.net\/?post_type=product&#038;p=29187"},"modified":"2026-03-23T04:05:21","modified_gmt":"2026-03-23T04:05:21","slug":"nogal","status":"publish","type":"product","link":"https:\/\/gavilanchi.amarilio.net\/en\/product\/nogal\/","title":{"rendered":"Nogal"},"content":{"rendered":"<p>Propiedades:<\/p>\n<p>Semipesada. Medianamente nerviosa. Chapa: buenas aptitudes. Mecanizado: sin problemas. Encolado: sin datos. Clavado y atornillado: sin problemas. Acabado: sin problemas.<\/p>\n<p>&nbsp;<\/p>\n<p>Aplicaciones:<\/p>\n<p>Mobiliario y ebanister\u00eda. Carpinter\u00eda interior. Chapas decorativas. Tableros contrachapados. Torner\u00eda y talla. Instrumentos musicales. Art\u00edculos deportivos.<\/p>\n<p>&nbsp;<\/p>\n<p>Otros datos:<\/p>\n<p>Fibra: recta u ondulada. Duramen medianamente impregnable, albura impregnable.<\/p>","protected":false},"excerpt":{"rendered":"<p>Propiedades:<\/p>\n<p>Semipesada. Medianamente nerviosa. Chapa: buenas aptitudes. Mecanizado: sin problemas. Encolado: sin datos. Clavado y atornillado: sin problemas. Acabado: sin problemas.<\/p>\n<p>&nbsp;<\/p>\n<p>Aplicaciones:<\/p>\n<p>Mobiliario y ebanister\u00eda. Carpinter\u00eda interior. Chapas decorativas. Tableros contrachapados. Torner\u00eda y talla. Instrumentos musicales. Art\u00edculos deportivos.<\/p>\n<p>&nbsp;<\/p>\n<p>Otros datos:<\/p>\n<p>Fibra: recta u ondulada. Duramen medianamente impregnable, albura impregnable.<\/p>","protected":false},"featured_media":29294,"comment_status":"open","ping_status":"closed","template":"","meta":[],"product_brand":[],"product_cat":[76],"product_tag":[],"class_list":{"0":"post-29187","1":"product","2":"type-product","3":"status-publish","4":"has-post-thumbnail","6":"product_cat-maderas","8":"first","9":"instock","10":"shipping-taxable","11":"product-type-simple"},"_links":{"self":[{"href":"https:\/\/gavilanchi.amarilio.net\/en\/wp-json\/wp\/v2\/product\/29187","targetHints":{"allow":["GET"]}}],"collection":[{"href":"https:\/\/gavilanchi.amarilio.net\/en\/wp-json\/wp\/v2\/product"}],"about":[{"href":"https:\/\/gavilanchi.amarilio.net\/en\/wp-json\/wp\/v2\/types\/product"}],"replies":[{"embeddable":true,"href":"https:\/\/gavilanchi.amarilio.net\/en\/wp-json\/wp\/v2\/comments?post=29187"}],"version-history":[{"count":1,"href":"https:\/\/gavilanchi.amarilio.net\/en\/wp-json\/wp\/v2\/product\/29187\/revisions"}],"predecessor-version":[{"id":29295,"href":"https:\/\/gavilanchi.amarilio.net\/en\/wp-json\/wp\/v2\/product\/29187\/revisions\/29295"}],"wp:featuredmedia":[{"embeddable":true,"href":"https:\/\/gavilanchi.amarilio.net\/en\/wp-json\/wp\/v2\/media\/29294"}],"wp:attachment":[{"href":"https:\/\/gavilanchi.amarilio.net\/en\/wp-json\/wp\/v2\/media?parent=29187"}],"wp:term":[{"taxonomy":"product_brand","embeddable":true,"href":"https:\/\/gavilanchi.amarilio.net\/en\/wp-json\/wp\/v2\/product_brand?post=29187"},{"taxonomy":"product_cat","embeddable":true,"href":"https:\/\/gavilanchi.amarilio.net\/en\/wp-json\/wp\/v2\/product_cat?post=29187"},{"taxonomy":"product_tag","embeddable":true,"href":"https:\/\/gavilanchi.amarilio.net\/en\/wp-json\/wp\/v2\/product_tag?post=29187"}],"curies":[{"name":"wp","href":"https:\/\/api.w.org\/{rel}","templated":true}]}}