{"id":29188,"date":"2026-03-23T04:04:55","date_gmt":"2026-03-23T04:04:55","guid":{"rendered":"https:\/\/gavilanchi.amarilio.net\/?post_type=product&#038;p=29188"},"modified":"2026-04-30T05:48:40","modified_gmt":"2026-04-30T05:48:40","slug":"parota","status":"publish","type":"product","link":"https:\/\/gavilanchi.amarilio.net\/en\/product\/parota\/","title":{"rendered":"Parota"},"content":{"rendered":"<p>Caracter\u00edsticas<\/p>\n<p>La Madera de Parota es reconocida por su incre\u00edble belleza dada sus propiedades de color y textura as\u00ed como su resistencia a la humedad. Es moderadamente resistente al ataque de hongos y termitas. \u200bEsta madera tiene un peso bajo \u2013 medio. Tambi\u00e9n presenta caracter\u00edsticas que permiten darle un excelente acabado.<\/p>\n<p>\u200b<\/p>\n<p>Estufado<\/p>\n<p>La madera de parota es dif\u00edcil de secar al aire libre, por eso es necesario someterla \u00a0a un proceso de secado artificial \u201cKD\u201d por un periodo de alrededor de 30 d\u00edas, y poder utilizarla en proyectos de ebanister\u00eda, dise\u00f1o interior y exterior entre otros.<\/p>","protected":false},"excerpt":{"rendered":"<p>Caracter\u00edsticas<\/p>\n<p>La Madera de Parota es reconocida por su incre\u00edble belleza dada sus propiedades de color y textura as\u00ed como su resistencia a la humedad. Es moderadamente resistente al ataque de hongos y termitas. \u200bEsta madera tiene un peso bajo \u2013 medio. Tambi\u00e9n presenta caracter\u00edsticas que permiten darle un excelente acabado.<\/p>\n<p>\u200b<\/p>\n<p>Estufado<\/p>\n<p>La madera de parota es dif\u00edcil de secar al aire libre, por eso es necesario someterla \u00a0a un proceso de secado artificial \u201cKD\u201d por un periodo de alrededor de 30 d\u00edas, y poder utilizarla en proyectos de ebanister\u00eda, dise\u00f1o interior y exterior entre otros.<\/p>","protected":false},"featured_media":29298,"comment_status":"open","ping_status":"closed","template":"","meta":[],"product_brand":[129],"product_cat":[76],"product_tag":[],"class_list":{"0":"post-29188","1":"product","2":"type-product","3":"status-publish","4":"has-post-thumbnail","6":"product_brand-mader","7":"product_cat-maderas","9":"first","10":"instock","11":"shipping-taxable","12":"purchasable","13":"product-type-simple"},"_links":{"self":[{"href":"https:\/\/gavilanchi.amarilio.net\/en\/wp-json\/wp\/v2\/product\/29188","targetHints":{"allow":["GET"]}}],"collection":[{"href":"https:\/\/gavilanchi.amarilio.net\/en\/wp-json\/wp\/v2\/product"}],"about":[{"href":"https:\/\/gavilanchi.amarilio.net\/en\/wp-json\/wp\/v2\/types\/product"}],"replies":[{"embeddable":true,"href":"https:\/\/gavilanchi.amarilio.net\/en\/wp-json\/wp\/v2\/comments?post=29188"}],"version-history":[{"count":1,"href":"https:\/\/gavilanchi.amarilio.net\/en\/wp-json\/wp\/v2\/product\/29188\/revisions"}],"predecessor-version":[{"id":29299,"href":"https:\/\/gavilanchi.amarilio.net\/en\/wp-json\/wp\/v2\/product\/29188\/revisions\/29299"}],"wp:featuredmedia":[{"embeddable":true,"href":"https:\/\/gavilanchi.amarilio.net\/en\/wp-json\/wp\/v2\/media\/29298"}],"wp:attachment":[{"href":"https:\/\/gavilanchi.amarilio.net\/en\/wp-json\/wp\/v2\/media?parent=29188"}],"wp:term":[{"taxonomy":"product_brand","embeddable":true,"href":"https:\/\/gavilanchi.amarilio.net\/en\/wp-json\/wp\/v2\/product_brand?post=29188"},{"taxonomy":"product_cat","embeddable":true,"href":"https:\/\/gavilanchi.amarilio.net\/en\/wp-json\/wp\/v2\/product_cat?post=29188"},{"taxonomy":"product_tag","embeddable":true,"href":"https:\/\/gavilanchi.amarilio.net\/en\/wp-json\/wp\/v2\/product_tag?post=29188"}],"curies":[{"name":"wp","href":"https:\/\/api.w.org\/{rel}","templated":true}]}}