{"id":29189,"date":"2026-03-23T04:04:55","date_gmt":"2026-03-23T04:04:55","guid":{"rendered":"https:\/\/gavilanchi.amarilio.net\/?post_type=product&#038;p=29189"},"modified":"2026-03-23T04:05:23","modified_gmt":"2026-03-23T04:05:23","slug":"maple","status":"publish","type":"product","link":"https:\/\/gavilanchi.amarilio.net\/en\/product\/maple\/","title":{"rendered":"Maple"},"content":{"rendered":"<p>Propiedades:<\/p>\n<p>Ligera. Medianamente nerviosa. Semidura. Chapa: buenas aptitudes corte a la plana. Mecanizado: algunos problemas debido a la fibra entrelazada. Encolado: sin problemas. Clavado y atornillado: sin problemas. Acabado: sin problemas. Madera impregnable.<\/p>\n<p>&nbsp;<\/p>\n<p>Aplicaciones:<\/p>\n<p>Chapas para recubrimientos decorativos. Mobiliario y ebanister\u00eda. Carpinter\u00eda interior: suelos. Torner\u00eda.<\/p>\n<p>&nbsp;<\/p>\n<p>Otros datos:<\/p>\n<p>Fibra: recta u ondulada. Radios le\u00f1osos: visibles, aparecen como rayas muy finas y decorativas. Durable frente a hongos y sensible a insectos xil\u00f3fagos. Duramen y albura impregnables.<\/p>","protected":false},"excerpt":{"rendered":"<p>Propiedades:<\/p>\n<p>Ligera. Medianamente nerviosa. Semidura. Chapa: buenas aptitudes corte a la plana. Mecanizado: algunos problemas debido a la fibra entrelazada. Encolado: sin problemas. Clavado y atornillado: sin problemas. Acabado: sin problemas. Madera impregnable.<\/p>\n<p>&nbsp;<\/p>\n<p>Aplicaciones:<\/p>\n<p>Chapas para recubrimientos decorativos. Mobiliario y ebanister\u00eda. Carpinter\u00eda interior: suelos. Torner\u00eda.<\/p>\n<p>&nbsp;<\/p>\n<p>Otros datos:<\/p>\n<p>Fibra: recta u ondulada. Radios le\u00f1osos: visibles, aparecen como rayas muy finas y decorativas. Durable frente a hongos y sensible a insectos xil\u00f3fagos. Duramen y albura impregnables.<\/p>","protected":false},"featured_media":29302,"comment_status":"open","ping_status":"closed","template":"","meta":[],"product_brand":[],"product_cat":[76],"product_tag":[],"class_list":{"0":"post-29189","1":"product","2":"type-product","3":"status-publish","4":"has-post-thumbnail","6":"product_cat-maderas","8":"first","9":"instock","10":"shipping-taxable","11":"product-type-simple"},"_links":{"self":[{"href":"https:\/\/gavilanchi.amarilio.net\/en\/wp-json\/wp\/v2\/product\/29189","targetHints":{"allow":["GET"]}}],"collection":[{"href":"https:\/\/gavilanchi.amarilio.net\/en\/wp-json\/wp\/v2\/product"}],"about":[{"href":"https:\/\/gavilanchi.amarilio.net\/en\/wp-json\/wp\/v2\/types\/product"}],"replies":[{"embeddable":true,"href":"https:\/\/gavilanchi.amarilio.net\/en\/wp-json\/wp\/v2\/comments?post=29189"}],"version-history":[{"count":1,"href":"https:\/\/gavilanchi.amarilio.net\/en\/wp-json\/wp\/v2\/product\/29189\/revisions"}],"predecessor-version":[{"id":29303,"href":"https:\/\/gavilanchi.amarilio.net\/en\/wp-json\/wp\/v2\/product\/29189\/revisions\/29303"}],"wp:featuredmedia":[{"embeddable":true,"href":"https:\/\/gavilanchi.amarilio.net\/en\/wp-json\/wp\/v2\/media\/29302"}],"wp:attachment":[{"href":"https:\/\/gavilanchi.amarilio.net\/en\/wp-json\/wp\/v2\/media?parent=29189"}],"wp:term":[{"taxonomy":"product_brand","embeddable":true,"href":"https:\/\/gavilanchi.amarilio.net\/en\/wp-json\/wp\/v2\/product_brand?post=29189"},{"taxonomy":"product_cat","embeddable":true,"href":"https:\/\/gavilanchi.amarilio.net\/en\/wp-json\/wp\/v2\/product_cat?post=29189"},{"taxonomy":"product_tag","embeddable":true,"href":"https:\/\/gavilanchi.amarilio.net\/en\/wp-json\/wp\/v2\/product_tag?post=29189"}],"curies":[{"name":"wp","href":"https:\/\/api.w.org\/{rel}","templated":true}]}}