{"id":29265,"date":"2026-03-23T04:05:17","date_gmt":"2026-03-23T04:05:17","guid":{"rendered":"https:\/\/gavilanchi.amarilio.net\/?post_type=product&#038;p=29265"},"modified":"2026-03-23T04:05:26","modified_gmt":"2026-03-23T04:05:26","slug":"tzalam","status":"publish","type":"product","link":"https:\/\/gavilanchi.amarilio.net\/en\/product\/tzalam\/","title":{"rendered":"Tzalam"},"content":{"rendered":"<p><span style=\"color: #565451; font-family: Helvetica, Arial, sans-serif;\"><span style=\"font-size: 14px;\">Propiedades:<\/span><\/span><\/p>\n<p>La madera es muy dura y pesada, fuerte y resistente al paso del tiempo. Color: Su dur\u00e1men es lustroso, caf\u00e9 algunas veces con l\u00edneas rojizas difuminadas. La superficie va de colores rojizos a caf\u00e9s obscuros. Su textura una vez terminada es fina y toma un pulido natural. Usos: decking, pisos, interiores, exteriores.<\/p>\n<p>&nbsp;<\/p>\n<p>Descripci\u00f3n.<\/p>\n<p>Su duramen \u00a0es lustroso, caf\u00e9 \u00a0algunas veces con l\u00edneas rojizas difuminadas, \u00a0se diferencia claramente de la blanca albura. La superficie puede contener \u00a0colores que van de rojizos a caf\u00e9s obscuros. \u00a0Su grano es recto.\u00a0Su textura una vez terminada es fina y toma un pulido natural, no tiene olor ni \u00a0sabor caracter\u00edsticos.<\/p>","protected":false},"excerpt":{"rendered":"<p><span style=\"color: #565451; font-family: Helvetica, Arial, sans-serif;\"><span style=\"font-size: 14px;\">Propiedades:<\/span><\/span><\/p>\n<p>La madera es muy dura y pesada, fuerte y resistente al paso del tiempo. Color: Su dur\u00e1men es lustroso, caf\u00e9 algunas veces con l\u00edneas rojizas difuminadas. La superficie va de colores rojizos a caf\u00e9s obscuros. Su textura una vez terminada es fina y toma un pulido natural. Usos: decking, pisos, interiores, exteriores.<\/p>\n<p>&nbsp;<\/p>\n<p>Descripci\u00f3n.<\/p>\n<p>Su duramen \u00a0es lustroso, caf\u00e9 \u00a0algunas veces con l\u00edneas rojizas difuminadas, \u00a0se diferencia claramente de la blanca albura. La superficie puede contener \u00a0colores que van de rojizos a caf\u00e9s obscuros. \u00a0Su grano es recto.\u00a0Su textura una vez terminada es fina y toma un pulido natural, no tiene olor ni \u00a0sabor caracter\u00edsticos.<\/p>\n<p>&nbsp;<\/p>","protected":false},"featured_media":29309,"comment_status":"open","ping_status":"closed","template":"","meta":[],"product_brand":[],"product_cat":[76],"product_tag":[],"class_list":{"0":"post-29265","1":"product","2":"type-product","3":"status-publish","4":"has-post-thumbnail","6":"product_cat-maderas","8":"first","9":"instock","10":"shipping-taxable","11":"product-type-simple"},"_links":{"self":[{"href":"https:\/\/gavilanchi.amarilio.net\/en\/wp-json\/wp\/v2\/product\/29265","targetHints":{"allow":["GET"]}}],"collection":[{"href":"https:\/\/gavilanchi.amarilio.net\/en\/wp-json\/wp\/v2\/product"}],"about":[{"href":"https:\/\/gavilanchi.amarilio.net\/en\/wp-json\/wp\/v2\/types\/product"}],"replies":[{"embeddable":true,"href":"https:\/\/gavilanchi.amarilio.net\/en\/wp-json\/wp\/v2\/comments?post=29265"}],"version-history":[{"count":1,"href":"https:\/\/gavilanchi.amarilio.net\/en\/wp-json\/wp\/v2\/product\/29265\/revisions"}],"predecessor-version":[{"id":29310,"href":"https:\/\/gavilanchi.amarilio.net\/en\/wp-json\/wp\/v2\/product\/29265\/revisions\/29310"}],"wp:featuredmedia":[{"embeddable":true,"href":"https:\/\/gavilanchi.amarilio.net\/en\/wp-json\/wp\/v2\/media\/29309"}],"wp:attachment":[{"href":"https:\/\/gavilanchi.amarilio.net\/en\/wp-json\/wp\/v2\/media?parent=29265"}],"wp:term":[{"taxonomy":"product_brand","embeddable":true,"href":"https:\/\/gavilanchi.amarilio.net\/en\/wp-json\/wp\/v2\/product_brand?post=29265"},{"taxonomy":"product_cat","embeddable":true,"href":"https:\/\/gavilanchi.amarilio.net\/en\/wp-json\/wp\/v2\/product_cat?post=29265"},{"taxonomy":"product_tag","embeddable":true,"href":"https:\/\/gavilanchi.amarilio.net\/en\/wp-json\/wp\/v2\/product_tag?post=29265"}],"curies":[{"name":"wp","href":"https:\/\/api.w.org\/{rel}","templated":true}]}}