{"id":29266,"date":"2026-03-23T04:05:17","date_gmt":"2026-03-23T04:05:17","guid":{"rendered":"https:\/\/gavilanchi.amarilio.net\/?post_type=product&#038;p=29266"},"modified":"2026-03-23T04:05:27","modified_gmt":"2026-03-23T04:05:27","slug":"okume","status":"publish","type":"product","link":"https:\/\/gavilanchi.amarilio.net\/en\/product\/okume\/","title":{"rendered":"Okum\u00e9"},"content":{"rendered":"<p>Caracter\u00edsticas:<\/p>\n<p>El Okum\u00e9 es un tipo de madera calurosa, roja con una composici\u00f3n bastante uniforme\u00a0de textura bastante fina, sin caracter\u00edsticas destacadas. Algunas veces presenta cierto dibujo, pero generalmente es de grano recto. Es de peso similar al de la madera del falso abeto o al de la del tulipanero americano. Su contenido en s\u00edlice la hace abrasiva para las sierras y para las herramientas cortantes, por lo que raramente es aserrada. En vez de ello es exfoliada formando chapas que se secan bien, se colocan bien y forman un excelente contrachapado, pero no es adecuada en aquellos menesteres en los que deba estar expuesta a la podredumbre.<\/p>\n<p>&nbsp;<\/p>\n<p>Usos:<\/p>\n<p>Tiene numerosas aplicaciones, como revestimiento de puertas, fabricaci\u00f3n de muebles, tabiques de separaci\u00f3n, etc, y por su poco peso es utilizada tambi\u00e9n en la fabricaci\u00f3n de tableros de latas y tableros de alma de latas peque\u00f1as. Otros usos: Chapas decorativas, Tableros alistonados, Frisos, Molduras, Rodapies, Embarcaciones, Embalajes.<\/p>","protected":false},"excerpt":{"rendered":"<p>Caracter\u00edsticas:<\/p>\n<p>El Okum\u00e9 es un tipo de madera calurosa, roja con una composici\u00f3n bastante uniforme\u00a0de textura bastante fina, sin caracter\u00edsticas destacadas. Algunas veces presenta cierto dibujo, pero generalmente es de grano recto. Es de peso similar al de la madera del falso abeto o al de la del tulipanero americano. Su contenido en s\u00edlice la hace abrasiva para las sierras y para las herramientas cortantes, por lo que raramente es aserrada. En vez de ello es exfoliada formando chapas que se secan bien, se colocan bien y forman un excelente contrachapado, pero no es adecuada en aquellos menesteres en los que deba estar expuesta a la podredumbre.<\/p>\n<p>&nbsp;<\/p>\n<p>Usos:<\/p>\n<p>Tiene numerosas aplicaciones, como revestimiento de puertas, fabricaci\u00f3n de muebles, tabiques de separaci\u00f3n, etc, y por su poco peso es utilizada tambi\u00e9n en la fabricaci\u00f3n de tableros de latas y tableros de alma de latas peque\u00f1as. Otros usos: Chapas decorativas, Tableros alistonados, Frisos, Molduras, Rodapies, Embarcaciones, Embalajes.<\/p>","protected":false},"featured_media":29314,"comment_status":"open","ping_status":"closed","template":"","meta":[],"product_brand":[],"product_cat":[76],"product_tag":[],"class_list":{"0":"post-29266","1":"product","2":"type-product","3":"status-publish","4":"has-post-thumbnail","6":"product_cat-maderas","8":"first","9":"instock","10":"shipping-taxable","11":"product-type-simple"},"_links":{"self":[{"href":"https:\/\/gavilanchi.amarilio.net\/en\/wp-json\/wp\/v2\/product\/29266","targetHints":{"allow":["GET"]}}],"collection":[{"href":"https:\/\/gavilanchi.amarilio.net\/en\/wp-json\/wp\/v2\/product"}],"about":[{"href":"https:\/\/gavilanchi.amarilio.net\/en\/wp-json\/wp\/v2\/types\/product"}],"replies":[{"embeddable":true,"href":"https:\/\/gavilanchi.amarilio.net\/en\/wp-json\/wp\/v2\/comments?post=29266"}],"version-history":[{"count":1,"href":"https:\/\/gavilanchi.amarilio.net\/en\/wp-json\/wp\/v2\/product\/29266\/revisions"}],"predecessor-version":[{"id":29315,"href":"https:\/\/gavilanchi.amarilio.net\/en\/wp-json\/wp\/v2\/product\/29266\/revisions\/29315"}],"wp:featuredmedia":[{"embeddable":true,"href":"https:\/\/gavilanchi.amarilio.net\/en\/wp-json\/wp\/v2\/media\/29314"}],"wp:attachment":[{"href":"https:\/\/gavilanchi.amarilio.net\/en\/wp-json\/wp\/v2\/media?parent=29266"}],"wp:term":[{"taxonomy":"product_brand","embeddable":true,"href":"https:\/\/gavilanchi.amarilio.net\/en\/wp-json\/wp\/v2\/product_brand?post=29266"},{"taxonomy":"product_cat","embeddable":true,"href":"https:\/\/gavilanchi.amarilio.net\/en\/wp-json\/wp\/v2\/product_cat?post=29266"},{"taxonomy":"product_tag","embeddable":true,"href":"https:\/\/gavilanchi.amarilio.net\/en\/wp-json\/wp\/v2\/product_tag?post=29266"}],"curies":[{"name":"wp","href":"https:\/\/api.w.org\/{rel}","templated":true}]}}