{"id":29267,"date":"2026-03-23T04:05:17","date_gmt":"2026-03-23T04:05:17","guid":{"rendered":"https:\/\/gavilanchi.amarilio.net\/?post_type=product&#038;p=29267"},"modified":"2026-04-30T05:48:43","modified_gmt":"2026-04-30T05:48:43","slug":"poplar","status":"publish","type":"product","link":"https:\/\/gavilanchi.amarilio.net\/en\/product\/poplar\/","title":{"rendered":"Poplar"},"content":{"rendered":"<p>Caracter\u00edsticas:<\/p>\n<p>La \u00a0madera tiene una textura que se clasifica de mediana a fina y su veta es recta, el tama\u00f1o de la albura varia con respecto \u00a0a su regi\u00f3n de crecimiento. La \u00a0albura es de color blanco cremoso con vetas que van desde un color \u00a0amarillento p\u00e1lido a un \u00a0verde oliva. El color verde en el duramen tender\u00e1 a oscurecer con la exposici\u00f3n a la luz \u00a0y tomar\u00e1 un color obscuro entre caf\u00e9 y morado.<\/p>\n<p>&nbsp;<\/p>\n<p>Propiedades:<\/p>\n<p>Es una madera vers\u00e1til, clasificada como f\u00e1cil de maquinar, de cepillar, de tornear, de pegar y de taladrar. Sobre ella se utilizan f\u00e1cilmente \u00a0pinturas y \u00a0esmaltes. La contracci\u00f3n es de baja a moderada por lo que tiene buena estabilidad.<\/p>","protected":false},"excerpt":{"rendered":"<p>Caracter\u00edsticas:<\/p>\n<p>La \u00a0madera tiene una textura que se clasifica de mediana a fina y su veta es recta, el tama\u00f1o de la albura varia con respecto \u00a0a su regi\u00f3n de crecimiento. La \u00a0albura es de color blanco cremoso con vetas que van desde un color \u00a0amarillento p\u00e1lido a un \u00a0verde oliva. El color verde en el duramen tender\u00e1 a oscurecer con la exposici\u00f3n a la luz \u00a0y tomar\u00e1 un color obscuro entre caf\u00e9 y morado.<\/p>\n<p>&nbsp;<\/p>\n<p>Propiedades:<\/p>\n<p>Es una madera vers\u00e1til, clasificada como f\u00e1cil de maquinar, de cepillar, de tornear, de pegar y de taladrar. Sobre ella se utilizan f\u00e1cilmente \u00a0pinturas y \u00a0esmaltes. La contracci\u00f3n es de baja a moderada por lo que tiene buena estabilidad.<\/p>","protected":false},"featured_media":29318,"comment_status":"open","ping_status":"closed","template":"","meta":[],"product_brand":[129],"product_cat":[76],"product_tag":[],"class_list":{"0":"post-29267","1":"product","2":"type-product","3":"status-publish","4":"has-post-thumbnail","6":"product_brand-mader","7":"product_cat-maderas","9":"first","10":"instock","11":"shipping-taxable","12":"purchasable","13":"product-type-simple"},"_links":{"self":[{"href":"https:\/\/gavilanchi.amarilio.net\/en\/wp-json\/wp\/v2\/product\/29267","targetHints":{"allow":["GET"]}}],"collection":[{"href":"https:\/\/gavilanchi.amarilio.net\/en\/wp-json\/wp\/v2\/product"}],"about":[{"href":"https:\/\/gavilanchi.amarilio.net\/en\/wp-json\/wp\/v2\/types\/product"}],"replies":[{"embeddable":true,"href":"https:\/\/gavilanchi.amarilio.net\/en\/wp-json\/wp\/v2\/comments?post=29267"}],"version-history":[{"count":1,"href":"https:\/\/gavilanchi.amarilio.net\/en\/wp-json\/wp\/v2\/product\/29267\/revisions"}],"predecessor-version":[{"id":29319,"href":"https:\/\/gavilanchi.amarilio.net\/en\/wp-json\/wp\/v2\/product\/29267\/revisions\/29319"}],"wp:featuredmedia":[{"embeddable":true,"href":"https:\/\/gavilanchi.amarilio.net\/en\/wp-json\/wp\/v2\/media\/29318"}],"wp:attachment":[{"href":"https:\/\/gavilanchi.amarilio.net\/en\/wp-json\/wp\/v2\/media?parent=29267"}],"wp:term":[{"taxonomy":"product_brand","embeddable":true,"href":"https:\/\/gavilanchi.amarilio.net\/en\/wp-json\/wp\/v2\/product_brand?post=29267"},{"taxonomy":"product_cat","embeddable":true,"href":"https:\/\/gavilanchi.amarilio.net\/en\/wp-json\/wp\/v2\/product_cat?post=29267"},{"taxonomy":"product_tag","embeddable":true,"href":"https:\/\/gavilanchi.amarilio.net\/en\/wp-json\/wp\/v2\/product_tag?post=29267"}],"curies":[{"name":"wp","href":"https:\/\/api.w.org\/{rel}","templated":true}]}}