{"id":29273,"date":"2026-03-23T04:05:17","date_gmt":"2026-03-23T04:05:17","guid":{"rendered":"https:\/\/gavilanchi.amarilio.net\/?post_type=product&#038;p=29273"},"modified":"2026-04-30T05:50:16","modified_gmt":"2026-04-30T05:50:16","slug":"caobilla-meranti","status":"publish","type":"product","link":"https:\/\/gavilanchi.amarilio.net\/en\/product\/caobilla-meranti\/","title":{"rendered":"Caobilla Meranti"},"content":{"rendered":"<p style=\"margin: 0px 0px 20px; color: #747474;\">Es un tablero contrachapado de gran estabilidad y resistencia, fabricado con laminas de madera dura tropical originaria de Malasia e Indonesia, unidas mediante una resina Fenol Formaldeh\u00edda.<\/p>\n<p style=\"margin: 0px 0px 20px; color: #747474;\">Sus caras poseen una veta suave y homog\u00e9nea en tonalidades que van del rojizo al marr\u00f3n<b>.<\/b><\/p>\n<p style=\"margin: 0px 0px 20px; color: #747474;\">Para su variedad de espesores es ideal para la fabricaci\u00f3n de todo tipo de muebles, puertas y carpinter\u00eda en general, asi como para decoraci\u00f3n y acabados en interiores.<\/p>\n<p style=\"margin: 0px 0px 20px; color: #747474;\"><b>Largo x ancho:.\u00a0<\/b>2.44 x 1.22 \u00a0mts<\/p>\n<p style=\"margin: 0px 0px 20px; color: #747474;\"><b>Espesores disponibles:<\/b> 2.7mm 4.5mm 5.2mm<\/p>","protected":false},"excerpt":{"rendered":"<p style=\"margin: 0px 0px 20px; color: #747474;\">Es un tablero contrachapado de gran estabilidad y resistencia, fabricado con laminas de madera dura tropical originaria de Malasia e Indonesia, unidas mediante una resina Fenol Formaldeh\u00edda.<\/p>\n<p style=\"margin: 0px 0px 20px; color: #747474;\">Sus caras poseen una veta suave y homog\u00e9nea en tonalidades que van del rojizo al marr\u00f3n<b>.<\/b><\/p>\n<p style=\"margin: 0px 0px 20px; color: #747474;\">Para su variedad de espesores es ideal para la fabricaci\u00f3n de todo tipo de muebles, puertas y carpinter\u00eda en general, asi como para decoraci\u00f3n y acabados en interiores.<\/p>\n<p style=\"margin: 0px 0px 20px; color: #747474;\"><b>Largo x ancho:.\u00a0<\/b>2.44 x 1.22 \u00a0mts<\/p>\n<p style=\"margin: 0px 0px 20px; color: #747474;\"><b>Espesores disponibles:<\/b> 2.7mm 4.5mm 5.2mm<\/p>","protected":false},"featured_media":29338,"comment_status":"open","ping_status":"closed","template":"","meta":[],"product_brand":[128],"product_cat":[78],"product_tag":[],"class_list":{"0":"post-29273","1":"product","2":"type-product","3":"status-publish","4":"has-post-thumbnail","6":"product_brand-tplay","7":"product_cat-triplay","9":"first","10":"instock","11":"shipping-taxable","12":"purchasable","13":"product-type-simple"},"_links":{"self":[{"href":"https:\/\/gavilanchi.amarilio.net\/en\/wp-json\/wp\/v2\/product\/29273","targetHints":{"allow":["GET"]}}],"collection":[{"href":"https:\/\/gavilanchi.amarilio.net\/en\/wp-json\/wp\/v2\/product"}],"about":[{"href":"https:\/\/gavilanchi.amarilio.net\/en\/wp-json\/wp\/v2\/types\/product"}],"replies":[{"embeddable":true,"href":"https:\/\/gavilanchi.amarilio.net\/en\/wp-json\/wp\/v2\/comments?post=29273"}],"version-history":[{"count":1,"href":"https:\/\/gavilanchi.amarilio.net\/en\/wp-json\/wp\/v2\/product\/29273\/revisions"}],"predecessor-version":[{"id":29339,"href":"https:\/\/gavilanchi.amarilio.net\/en\/wp-json\/wp\/v2\/product\/29273\/revisions\/29339"}],"wp:featuredmedia":[{"embeddable":true,"href":"https:\/\/gavilanchi.amarilio.net\/en\/wp-json\/wp\/v2\/media\/29338"}],"wp:attachment":[{"href":"https:\/\/gavilanchi.amarilio.net\/en\/wp-json\/wp\/v2\/media?parent=29273"}],"wp:term":[{"taxonomy":"product_brand","embeddable":true,"href":"https:\/\/gavilanchi.amarilio.net\/en\/wp-json\/wp\/v2\/product_brand?post=29273"},{"taxonomy":"product_cat","embeddable":true,"href":"https:\/\/gavilanchi.amarilio.net\/en\/wp-json\/wp\/v2\/product_cat?post=29273"},{"taxonomy":"product_tag","embeddable":true,"href":"https:\/\/gavilanchi.amarilio.net\/en\/wp-json\/wp\/v2\/product_tag?post=29273"}],"curies":[{"name":"wp","href":"https:\/\/api.w.org\/{rel}","templated":true}]}}