{"id":29277,"date":"2026-03-23T04:05:18","date_gmt":"2026-03-23T04:05:18","guid":{"rendered":"https:\/\/gavilanchi.amarilio.net\/?post_type=product&#038;p=29277"},"modified":"2026-03-23T04:05:37","modified_gmt":"2026-03-23T04:05:37","slug":"aglomerado-natural-15mm-5-8","status":"publish","type":"product","link":"https:\/\/gavilanchi.amarilio.net\/en\/product\/aglomerado-natural-15mm-5-8\/","title":{"rendered":"Aglomerado Natural 15mm &#8211; 5\/8&#8243;"},"content":{"rendered":"<p>Es un tablero de part\u00edculas de madera unidas entre s\u00ed mediante un adhesivo en base a resina ureica, agrupando las ventajas m\u00e1s importantes de los tableros aglomerados: grandes dimensiones, variados espesores, superficies lisas y homog\u00e9neas y cualidades normalizadas seg\u00fan normas DIN* para tableros de part\u00edculas.<\/p>\n<p>&nbsp;<\/p>\n<p>PRINCIPALES USOS<\/p>\n<p>&nbsp;<\/p>\n<ul>\n<li>Tapas y traseras de muebles, fondos de cajones.<\/li>\n<li>Recubrimiento de mamparas.<\/li>\n<li>Sub \u2013 base para pisos y entrepisos.<\/li>\n<li>Muros divisorios.<\/li>\n<li>Cubiertas y estructuraci\u00f3n de muebles<\/li>\n<li>Armado de elementos no sujetos a peso (cuerpo de cajones, puertas , laterales, divisiones, etc.)<\/li>\n<\/ul>\n<p>&nbsp;<\/p>\n<p>RECOMENDACIONES DE USO<\/p>\n<p>&nbsp;<\/p>\n<p>En construcci\u00f3n, el aglomerado MASISA\u00a0en general es recomendado como revestimiento de tabiques, muros y pisos de zonas no expuestas a la humedad, como tambi\u00e9n en instalaciones comerciales, utiler\u00eda y escenograf\u00edas. En muebler\u00eda, como parte integral de muebles, y partes y piezas para su posterior recubrimiento.<\/p>","protected":false},"excerpt":{"rendered":"<p>Es un tablero de part\u00edculas de madera unidas entre s\u00ed mediante un adhesivo en base a resina ureica, agrupando las ventajas m\u00e1s importantes de los tableros aglomerados: grandes dimensiones, variados espesores, superficies lisas y homog\u00e9neas y cualidades normalizadas seg\u00fan normas DIN* para tableros de part\u00edculas.<\/p>\n<p>&nbsp;<\/p>\n<p>PRINCIPALES USOS<\/p>\n<p>&nbsp;<\/p>\n<ul>\n<li>Tapas y traseras de muebles, fondos de cajones.<\/li>\n<li>Recubrimiento de mamparas.<\/li>\n<li>Sub \u2013 base para pisos y entrepisos.<\/li>\n<li>Muros divisorios.<\/li>\n<li>Cubiertas y estructuraci\u00f3n de muebles<\/li>\n<li>Armado de elementos no sujetos a peso (cuerpo de cajones, puertas , laterales, divisiones, etc.)<\/li>\n<\/ul>\n<p>&nbsp;<\/p>\n<p>RECOMENDACIONES DE USO<\/p>\n<p>&nbsp;<\/p>\n<p>En construcci\u00f3n, el aglomerado MASISA\u00a0en general es recomendado como revestimiento de tabiques, muros y pisos de zonas no expuestas a la humedad, como tambi\u00e9n en instalaciones comerciales, utiler\u00eda y escenograf\u00edas. En muebler\u00eda, como parte integral de muebles, y partes y piezas para su posterior recubrimiento.<\/p>","protected":false},"featured_media":29351,"comment_status":"open","ping_status":"closed","template":"","meta":[],"product_brand":[],"product_cat":[84],"product_tag":[],"class_list":{"0":"post-29277","1":"product","2":"type-product","3":"status-publish","4":"has-post-thumbnail","6":"product_cat-aglomerados","8":"first","9":"instock","10":"shipping-taxable","11":"product-type-simple"},"_links":{"self":[{"href":"https:\/\/gavilanchi.amarilio.net\/en\/wp-json\/wp\/v2\/product\/29277","targetHints":{"allow":["GET"]}}],"collection":[{"href":"https:\/\/gavilanchi.amarilio.net\/en\/wp-json\/wp\/v2\/product"}],"about":[{"href":"https:\/\/gavilanchi.amarilio.net\/en\/wp-json\/wp\/v2\/types\/product"}],"replies":[{"embeddable":true,"href":"https:\/\/gavilanchi.amarilio.net\/en\/wp-json\/wp\/v2\/comments?post=29277"}],"version-history":[{"count":1,"href":"https:\/\/gavilanchi.amarilio.net\/en\/wp-json\/wp\/v2\/product\/29277\/revisions"}],"predecessor-version":[{"id":29352,"href":"https:\/\/gavilanchi.amarilio.net\/en\/wp-json\/wp\/v2\/product\/29277\/revisions\/29352"}],"wp:featuredmedia":[{"embeddable":true,"href":"https:\/\/gavilanchi.amarilio.net\/en\/wp-json\/wp\/v2\/media\/29351"}],"wp:attachment":[{"href":"https:\/\/gavilanchi.amarilio.net\/en\/wp-json\/wp\/v2\/media?parent=29277"}],"wp:term":[{"taxonomy":"product_brand","embeddable":true,"href":"https:\/\/gavilanchi.amarilio.net\/en\/wp-json\/wp\/v2\/product_brand?post=29277"},{"taxonomy":"product_cat","embeddable":true,"href":"https:\/\/gavilanchi.amarilio.net\/en\/wp-json\/wp\/v2\/product_cat?post=29277"},{"taxonomy":"product_tag","embeddable":true,"href":"https:\/\/gavilanchi.amarilio.net\/en\/wp-json\/wp\/v2\/product_tag?post=29277"}],"curies":[{"name":"wp","href":"https:\/\/api.w.org\/{rel}","templated":true}]}}