{"id":29443,"date":"2026-03-23T04:06:03","date_gmt":"2026-03-23T04:06:03","guid":{"rendered":"https:\/\/gavilanchi.amarilio.net\/?post_type=product&#038;p=29443"},"modified":"2026-03-23T04:06:08","modified_gmt":"2026-03-23T04:06:08","slug":"okume-2","status":"publish","type":"product","link":"https:\/\/gavilanchi.amarilio.net\/en\/product\/okume-2\/","title":{"rendered":"Okum\u00e9"},"content":{"rendered":"<p style=\"box-sizing: border-box;\">\n<p><span style=\"color: #5d5d5d;\">Ideales para la fabricaci\u00f3n de: muebles para el hogar, de oficina, fabricaci\u00f3n de gabinetes, puertas, mesas, cl\u00f3set.<\/span><\/p>\n<ul>\n<li><span style=\"color: #5d5d5d;\">Recubierto con chapas finas\u00a0<\/span><\/li>\n<li><span style=\"color: #5d5d5d;\">Contrachapado con cara y trascara de Okum\u00e9<\/span><\/li>\n<li><span style=\"color: #5d5d5d;\">Baja resistencia a la abrasi\u00f3n en el corte\u00a0<\/span><\/li>\n<li><span style=\"color: #5d5d5d;\">Excelente comportamiento al maquinado (rasurado, rauteado, troquelado, etc.)\u00a0<\/span><\/li>\n<li><span style=\"color: #5d5d5d;\">Gran estabilidad y resistencia estructural del MDF\u00a0<\/span><\/li>\n<li><span style=\"color: #5d5d5d;\">Caras lisas para un mejor acabado<\/span><\/li>\n<\/ul>","protected":false},"excerpt":{"rendered":"<p>MDF 2440 x 1220<\/p>\n<p>6 mm y 15 mm<\/p>\n<p>&nbsp;<\/p>\n<p>Usos:<\/p>\n<ul>\n<li><span style=\"color: #5d5d5d;\">Recubierto con chapas finas\u00a0<\/span><\/li>\n<li><span style=\"color: #5d5d5d;\">Contrachapado con cara y trascara de Okum\u00e9<\/span><\/li>\n<li><span style=\"color: #5d5d5d;\">Baja resistencia a la abrasi\u00f3n en el corte\u00a0<\/span><\/li>\n<li><span style=\"color: #5d5d5d;\">Excelente comportamiento al maquinado (rasurado, rauteado, troquelado, etc.)\u00a0<\/span><\/li>\n<li><span style=\"color: #5d5d5d;\">Gran estabilidad y resistencia estructural del MDF\u00a0<\/span><\/li>\n<li><span style=\"color: #5d5d5d;\">Caras lisas para un mejor acabado<\/span><\/li>\n<\/ul>","protected":false},"featured_media":29475,"comment_status":"open","ping_status":"closed","template":"","meta":[],"product_brand":[],"product_cat":[79,80],"product_tag":[],"class_list":{"0":"post-29443","1":"product","2":"type-product","3":"status-publish","4":"has-post-thumbnail","6":"product_cat-enchapados","7":"product_cat-enchapados-en-mdf","9":"first","10":"instock","11":"shipping-taxable","12":"product-type-simple"},"_links":{"self":[{"href":"https:\/\/gavilanchi.amarilio.net\/en\/wp-json\/wp\/v2\/product\/29443","targetHints":{"allow":["GET"]}}],"collection":[{"href":"https:\/\/gavilanchi.amarilio.net\/en\/wp-json\/wp\/v2\/product"}],"about":[{"href":"https:\/\/gavilanchi.amarilio.net\/en\/wp-json\/wp\/v2\/types\/product"}],"replies":[{"embeddable":true,"href":"https:\/\/gavilanchi.amarilio.net\/en\/wp-json\/wp\/v2\/comments?post=29443"}],"version-history":[{"count":1,"href":"https:\/\/gavilanchi.amarilio.net\/en\/wp-json\/wp\/v2\/product\/29443\/revisions"}],"predecessor-version":[{"id":29476,"href":"https:\/\/gavilanchi.amarilio.net\/en\/wp-json\/wp\/v2\/product\/29443\/revisions\/29476"}],"wp:featuredmedia":[{"embeddable":true,"href":"https:\/\/gavilanchi.amarilio.net\/en\/wp-json\/wp\/v2\/media\/29475"}],"wp:attachment":[{"href":"https:\/\/gavilanchi.amarilio.net\/en\/wp-json\/wp\/v2\/media?parent=29443"}],"wp:term":[{"taxonomy":"product_brand","embeddable":true,"href":"https:\/\/gavilanchi.amarilio.net\/en\/wp-json\/wp\/v2\/product_brand?post=29443"},{"taxonomy":"product_cat","embeddable":true,"href":"https:\/\/gavilanchi.amarilio.net\/en\/wp-json\/wp\/v2\/product_cat?post=29443"},{"taxonomy":"product_tag","embeddable":true,"href":"https:\/\/gavilanchi.amarilio.net\/en\/wp-json\/wp\/v2\/product_tag?post=29443"}],"curies":[{"name":"wp","href":"https:\/\/api.w.org\/{rel}","templated":true}]}}