{"id":29445,"date":"2026-03-23T04:06:03","date_gmt":"2026-03-23T04:06:03","guid":{"rendered":"https:\/\/gavilanchi.amarilio.net\/?post_type=product&#038;p=29445"},"modified":"2026-03-23T04:06:10","modified_gmt":"2026-03-23T04:06:10","slug":"nogal-2","status":"publish","type":"product","link":"https:\/\/gavilanchi.amarilio.net\/en\/product\/nogal-2\/","title":{"rendered":"Nogal"},"content":{"rendered":"<p style=\"box-sizing: border-box;\">De gran calidad para fabricaci\u00f3n de muebles para el hogar u oficina, fabricaci\u00f3n de gabinetes, puertas, cl\u00f3set, etc. Fabricado con MDF\u00a0recubierto con chapas de Nogal\u00a0para una cara lisa y obtener una gran estabilidad y resistencia estructural, esto hace que sea excelente para cortes y maquinado (rasurado, rauteado, troquelado, etc.). Contrachapado con cara y trascara de Nogal\u00a0para obtener una mejor calidad en los proyectos de fabricaci\u00f3n de muebles. Por su gran calidad obtiene\u00a0un excelente manchado y barnizado.<\/p>\n<p><span style=\"color: #5d5d5d;\">Ideales para la fabricaci\u00f3n de: muebles para el hogar, de oficina, fabricaci\u00f3n de gabinetes, puertas, mesas, cl\u00f3set.<\/span><\/p>\n<ul>\n<li><span style=\"color: #5d5d5d;\">Recubierto con chapas finas\u00a0<\/span><\/li>\n<li><span style=\"color: #5d5d5d;\">Contrachapado con cara y trascara de Nogal\u00a0<\/span><\/li>\n<li><span style=\"color: #5d5d5d;\">Baja resistencia a la abrasi\u00f3n en el corte\u00a0<\/span><\/li>\n<li><span style=\"color: #5d5d5d;\">Excelente comportamiento al maquinado (rasurado, rauteado, troquelado, etc.)\u00a0<\/span><\/li>\n<li><span style=\"color: #5d5d5d;\">Gran estabilidad y resistencia estructural del MDF\u00a0<\/span><\/li>\n<li><span style=\"color: #5d5d5d;\">Caras lisas para un mejor acabado<\/span><\/li>\n<\/ul>","protected":false},"excerpt":{"rendered":"<p style=\"box-sizing: border-box;\">De gran calidad para fabricaci\u00f3n de muebles para el hogar u oficina, fabricaci\u00f3n de gabinetes, puertas, cl\u00f3set, etc. Fabricado con MDF\u00a0recubierto con chapas de Nogal\u00a0para una cara lisa y obtener una gran estabilidad y resistencia estructural, esto hace que sea excelente para cortes y maquinado (rasurado, rauteado, troquelado, etc.). Contrachapado con cara y trascara de Nogal\u00a0para obtener una mejor calidad en los proyectos de fabricaci\u00f3n de muebles. Por su gran calidad obtiene\u00a0un excelente manchado y barnizado.<\/p>\n<p><span style=\"color: #5d5d5d;\">Ideales para la fabricaci\u00f3n de: muebles para el hogar, de oficina, fabricaci\u00f3n de gabinetes, puertas, mesas, cl\u00f3set.<\/span><\/p>\n<ul>\n<li><span style=\"color: #5d5d5d;\">Recubierto con chapas finas\u00a0<\/span><\/li>\n<li><span style=\"color: #5d5d5d;\">Contrachapado con cara y trascara de Nogal\u00a0<\/span><\/li>\n<li><span style=\"color: #5d5d5d;\">Baja resistencia a la abrasi\u00f3n en el corte\u00a0<\/span><\/li>\n<li><span style=\"color: #5d5d5d;\">Excelente comportamiento al maquinado (rasurado, rauteado, troquelado, etc.)\u00a0<\/span><\/li>\n<li><span style=\"color: #5d5d5d;\">Gran estabilidad y resistencia estructural del MDF\u00a0<\/span><\/li>\n<li><span style=\"color: #5d5d5d;\">Caras lisas para un mejor acabado<\/span><\/li>\n<\/ul>","protected":false},"featured_media":29479,"comment_status":"open","ping_status":"closed","template":"","meta":[],"product_brand":[],"product_cat":[79,80],"product_tag":[],"class_list":{"0":"post-29445","1":"product","2":"type-product","3":"status-publish","4":"has-post-thumbnail","6":"product_cat-enchapados","7":"product_cat-enchapados-en-mdf","9":"first","10":"instock","11":"shipping-taxable","12":"product-type-simple"},"_links":{"self":[{"href":"https:\/\/gavilanchi.amarilio.net\/en\/wp-json\/wp\/v2\/product\/29445","targetHints":{"allow":["GET"]}}],"collection":[{"href":"https:\/\/gavilanchi.amarilio.net\/en\/wp-json\/wp\/v2\/product"}],"about":[{"href":"https:\/\/gavilanchi.amarilio.net\/en\/wp-json\/wp\/v2\/types\/product"}],"replies":[{"embeddable":true,"href":"https:\/\/gavilanchi.amarilio.net\/en\/wp-json\/wp\/v2\/comments?post=29445"}],"version-history":[{"count":1,"href":"https:\/\/gavilanchi.amarilio.net\/en\/wp-json\/wp\/v2\/product\/29445\/revisions"}],"predecessor-version":[{"id":29480,"href":"https:\/\/gavilanchi.amarilio.net\/en\/wp-json\/wp\/v2\/product\/29445\/revisions\/29480"}],"wp:featuredmedia":[{"embeddable":true,"href":"https:\/\/gavilanchi.amarilio.net\/en\/wp-json\/wp\/v2\/media\/29479"}],"wp:attachment":[{"href":"https:\/\/gavilanchi.amarilio.net\/en\/wp-json\/wp\/v2\/media?parent=29445"}],"wp:term":[{"taxonomy":"product_brand","embeddable":true,"href":"https:\/\/gavilanchi.amarilio.net\/en\/wp-json\/wp\/v2\/product_brand?post=29445"},{"taxonomy":"product_cat","embeddable":true,"href":"https:\/\/gavilanchi.amarilio.net\/en\/wp-json\/wp\/v2\/product_cat?post=29445"},{"taxonomy":"product_tag","embeddable":true,"href":"https:\/\/gavilanchi.amarilio.net\/en\/wp-json\/wp\/v2\/product_tag?post=29445"}],"curies":[{"name":"wp","href":"https:\/\/api.w.org\/{rel}","templated":true}]}}