{"id":29521,"date":"2026-03-23T04:06:26","date_gmt":"2026-03-23T04:06:26","guid":{"rendered":"https:\/\/gavilanchi.amarilio.net\/?post_type=product&#038;p=29521"},"modified":"2026-03-23T04:06:40","modified_gmt":"2026-03-23T04:06:40","slug":"pegamento-de-contacto","status":"publish","type":"product","link":"https:\/\/gavilanchi.amarilio.net\/en\/product\/pegamento-de-contacto\/","title":{"rendered":"Pegamento de Contacto"},"content":{"rendered":"<p>El Adhesivo de Contacto Placacentro es un l\u00edquido a base de hule policloropreno con base solvente, formulado para pegado permanente en cualquier operaci\u00f3n en la que se requiere un fuerte agarre y gran resistencia al despegue y al calor. Es t\u00f3xico, vol\u00e1til e inflamable.<\/p>\n<p>&nbsp;<\/p>\n<p>Usos y aplicaciones:<\/p>\n<p>\u2022 Hule \u2022 Cuero \u2022 Piel \u2022 Suela natural y sint\u00e9tica \u2022 Laminados pl\u00e1sticos \u2022 Cart\u00f3n \u2022 Madera \u2022 Fibracel \u2022 Corcho \u2022 Esponja \u2022 Metales \u2022 Cristal \u2022 Porcelana \u2022 Algunos pl\u00e1sticos, etc<\/p>\n<p>&nbsp;<\/p>\n<p>Tiempo de secado: 15-20 minutos<\/p>\n<p>Tiempo de prensado:\u00a05 minutos<\/p>\n<p>Resistencia al despegue: 58.2 lbs\/pulg 6 horas<\/p>\n<p>Presentaci\u00f3n: 1Lts, Gal\u00f3n 3.75 Lts y Cubeta 18 Lts<\/p>","protected":false},"excerpt":{"rendered":"<p>El Adhesivo de Contacto Placacentro es un l\u00edquido a base de hule policloropreno con base solvente, formulado para pegado permanente en cualquier operaci\u00f3n en la que se requiere un fuerte agarre y gran resistencia al despegue y al calor. Es t\u00f3xico, vol\u00e1til e inflamable.<\/p>\n<p>&nbsp;<\/p>\n<p>Usos y aplicaciones:<\/p>\n<p>\u2022 Hule \u2022 Cuero \u2022 Piel \u2022 Suela natural y sint\u00e9tica \u2022 Laminados pl\u00e1sticos \u2022 Cart\u00f3n \u2022 Madera \u2022 Fibracel \u2022 Corcho \u2022 Esponja \u2022 Metales \u2022 Cristal \u2022 Porcelana \u2022 Algunos pl\u00e1sticos, etc<\/p>\n<p>&nbsp;<\/p>\n<p>Tiempo de secado: 15-20 minutos<\/p>\n<p>Tiempo de prensado:\u00a05 minutos<\/p>\n<p>Resistencia al despegue: 58.2 lbs\/pulg 6 horas<\/p>\n<p>Presentaci\u00f3n: 1Lts, Gal\u00f3n 3.75 Lts y Cubeta 18 Lts<\/p>","protected":false},"featured_media":29564,"comment_status":"open","ping_status":"closed","template":"","meta":[],"product_brand":[],"product_cat":[93],"product_tag":[],"class_list":{"0":"post-29521","1":"product","2":"type-product","3":"status-publish","4":"has-post-thumbnail","6":"product_cat-pegamentos","8":"first","9":"instock","10":"shipping-taxable","11":"product-type-simple"},"_links":{"self":[{"href":"https:\/\/gavilanchi.amarilio.net\/en\/wp-json\/wp\/v2\/product\/29521","targetHints":{"allow":["GET"]}}],"collection":[{"href":"https:\/\/gavilanchi.amarilio.net\/en\/wp-json\/wp\/v2\/product"}],"about":[{"href":"https:\/\/gavilanchi.amarilio.net\/en\/wp-json\/wp\/v2\/types\/product"}],"replies":[{"embeddable":true,"href":"https:\/\/gavilanchi.amarilio.net\/en\/wp-json\/wp\/v2\/comments?post=29521"}],"version-history":[{"count":1,"href":"https:\/\/gavilanchi.amarilio.net\/en\/wp-json\/wp\/v2\/product\/29521\/revisions"}],"predecessor-version":[{"id":29565,"href":"https:\/\/gavilanchi.amarilio.net\/en\/wp-json\/wp\/v2\/product\/29521\/revisions\/29565"}],"wp:featuredmedia":[{"embeddable":true,"href":"https:\/\/gavilanchi.amarilio.net\/en\/wp-json\/wp\/v2\/media\/29564"}],"wp:attachment":[{"href":"https:\/\/gavilanchi.amarilio.net\/en\/wp-json\/wp\/v2\/media?parent=29521"}],"wp:term":[{"taxonomy":"product_brand","embeddable":true,"href":"https:\/\/gavilanchi.amarilio.net\/en\/wp-json\/wp\/v2\/product_brand?post=29521"},{"taxonomy":"product_cat","embeddable":true,"href":"https:\/\/gavilanchi.amarilio.net\/en\/wp-json\/wp\/v2\/product_cat?post=29521"},{"taxonomy":"product_tag","embeddable":true,"href":"https:\/\/gavilanchi.amarilio.net\/en\/wp-json\/wp\/v2\/product_tag?post=29521"}],"curies":[{"name":"wp","href":"https:\/\/api.w.org\/{rel}","templated":true}]}}