{"id":29523,"date":"2026-03-23T04:06:26","date_gmt":"2026-03-23T04:06:26","guid":{"rendered":"https:\/\/gavilanchi.amarilio.net\/?post_type=product&#038;p=29523"},"modified":"2026-03-23T04:06:41","modified_gmt":"2026-03-23T04:06:41","slug":"pegamento-amarillo-base-agua","status":"publish","type":"product","link":"https:\/\/gavilanchi.amarilio.net\/en\/product\/pegamento-amarillo-base-agua\/","title":{"rendered":"Pegamento Amarillo (Base agua)"},"content":{"rendered":"<p>El Adhesivo Amarillo Placacentro est\u00e1 formulado especialmente para tener un agarre extraordinario en h\u00famedo y una fuerza de pegado excepcional, adem\u00e1s de ser lijable y pintable. No es t\u00f3xico y no es inflamable.<\/p>\n<p>Usos y aplicaciones:<\/p>\n<p>Fabricaci\u00f3n de: \u2022 Puertas \u2022 Marcos \u2022 Muebles<\/p>\n<p>Para pegar: \u2022 Papel \u2022 Cart\u00f3n \u2022 Fibracel \u2022 Triplay \u2022 MDF \u2022 Aglomerado \u2022 Maderas finas \u2022 Corcho \u2022 Telas, etc. \u2022 Artesan\u00edas \u2022 Carpinter\u00eda en general<\/p>","protected":false},"excerpt":{"rendered":"<p>El Adhesivo Amarillo Placacentro est\u00e1 formulado especialmente para tener un agarre extraordinario en h\u00famedo y una fuerza de pegado excepcional, adem\u00e1s de ser lijable y pintable. No es t\u00f3xico y no es inflamable.<\/p>\n<p>Usos y aplicaciones:<\/p>\n<p>Fabricaci\u00f3n de: \u2022 Puertas \u2022 Marcos \u2022 Muebles<\/p>\n<p>Para pegar: \u2022 Papel \u2022 Cart\u00f3n \u2022 Fibracel \u2022 Triplay \u2022 MDF \u2022 Aglomerado \u2022 Maderas finas \u2022 Corcho \u2022 Telas, etc. \u2022 Artesan\u00edas \u2022 Carpinter\u00eda en general<\/p>\n<p>Tiempo de secado: 20 minutos<\/p>\n<p>Tiempo de prensado: 20-45 minutos<\/p>\n<p>Resistencia a la tracci\u00f3n: 115 Kg\/cm2 (ruptura)<\/p>\n<p>Presentaci\u00f3n: 1Lts, Gal\u00f3n 3.75 Lts y Cubeta 18 Lts<\/p>","protected":false},"featured_media":29570,"comment_status":"open","ping_status":"closed","template":"","meta":[],"product_brand":[],"product_cat":[93],"product_tag":[],"class_list":{"0":"post-29523","1":"product","2":"type-product","3":"status-publish","4":"has-post-thumbnail","6":"product_cat-pegamentos","8":"first","9":"instock","10":"shipping-taxable","11":"product-type-simple"},"_links":{"self":[{"href":"https:\/\/gavilanchi.amarilio.net\/en\/wp-json\/wp\/v2\/product\/29523","targetHints":{"allow":["GET"]}}],"collection":[{"href":"https:\/\/gavilanchi.amarilio.net\/en\/wp-json\/wp\/v2\/product"}],"about":[{"href":"https:\/\/gavilanchi.amarilio.net\/en\/wp-json\/wp\/v2\/types\/product"}],"replies":[{"embeddable":true,"href":"https:\/\/gavilanchi.amarilio.net\/en\/wp-json\/wp\/v2\/comments?post=29523"}],"version-history":[{"count":1,"href":"https:\/\/gavilanchi.amarilio.net\/en\/wp-json\/wp\/v2\/product\/29523\/revisions"}],"predecessor-version":[{"id":29571,"href":"https:\/\/gavilanchi.amarilio.net\/en\/wp-json\/wp\/v2\/product\/29523\/revisions\/29571"}],"wp:featuredmedia":[{"embeddable":true,"href":"https:\/\/gavilanchi.amarilio.net\/en\/wp-json\/wp\/v2\/media\/29570"}],"wp:attachment":[{"href":"https:\/\/gavilanchi.amarilio.net\/en\/wp-json\/wp\/v2\/media?parent=29523"}],"wp:term":[{"taxonomy":"product_brand","embeddable":true,"href":"https:\/\/gavilanchi.amarilio.net\/en\/wp-json\/wp\/v2\/product_brand?post=29523"},{"taxonomy":"product_cat","embeddable":true,"href":"https:\/\/gavilanchi.amarilio.net\/en\/wp-json\/wp\/v2\/product_cat?post=29523"},{"taxonomy":"product_tag","embeddable":true,"href":"https:\/\/gavilanchi.amarilio.net\/en\/wp-json\/wp\/v2\/product_tag?post=29523"}],"curies":[{"name":"wp","href":"https:\/\/api.w.org\/{rel}","templated":true}]}}