{"id":29525,"date":"2026-03-23T04:06:27","date_gmt":"2026-03-23T04:06:27","guid":{"rendered":"https:\/\/gavilanchi.amarilio.net\/?post_type=product&#038;p=29525"},"modified":"2026-04-27T21:35:07","modified_gmt":"2026-04-27T21:35:07","slug":"sin-tornillos","status":"publish","type":"product","link":"https:\/\/gavilanchi.amarilio.net\/en\/product\/sin-tornillos\/","title":{"rendered":"Sin Tornillos"},"content":{"rendered":"<p>El Sin Tornillos Placacentro es un extraordinario adhesivo con alto contenido de s\u00f3lidos que ha venido a revolucionar los sistemas de fijaci\u00f3n solucionando miles de problemas de pegado. Por su alta adherencia, una vez evaporados los solventes, la fijaci\u00f3n de los materiales es inmediata formando una pel\u00edcula flexible y de alta resistencia al calor, la intemperie, la humedad y el agua.<\/p>\n<p>Usos y aplicaciones:<\/p>\n<p>\u2022 Madera \u2022 Acero \u2022 Concreto \u2022 Yeso \u2022 Aluminio \u2022 Aglomerado \u2022 Tablaroca \u2022 Cantera \u2022 Piedra \u2022 Cer\u00e1mica \u2022 Barro \u2022 Pl\u00e1sticos \u2022 PVC, etc<\/p>","protected":false},"excerpt":{"rendered":"<p>El Sin Tornillos Placacentro es un extraordinario adhesivo con alto contenido de s\u00f3lidos que ha venido a revolucionar los sistemas de fijaci\u00f3n solucionando miles de problemas de pegado. Por su alta adherencia, una vez evaporados los solventes, la fijaci\u00f3n de los materiales es inmediata formando una pel\u00edcula flexible y de alta resistencia al calor, la intemperie, la humedad y el agua.<\/p>\n<p>Usos y aplicaciones:<\/p>\n<p>\u2022 Madera \u2022 Acero \u2022 Concreto \u2022 Yeso \u2022 Aluminio \u2022 Aglomerado \u2022 Tablaroca \u2022 Cantera \u2022 Piedra \u2022 Cer\u00e1mica \u2022 Barro \u2022 Pl\u00e1sticos \u2022 PVC, etc<\/p>","protected":false},"featured_media":29575,"comment_status":"open","ping_status":"closed","template":"","meta":[],"product_brand":[],"product_cat":[93],"product_tag":[],"class_list":{"0":"post-29525","1":"product","2":"type-product","3":"status-publish","4":"has-post-thumbnail","6":"product_cat-pegamentos","8":"first","9":"instock","10":"virtual","11":"product-type-simple"},"_links":{"self":[{"href":"https:\/\/gavilanchi.amarilio.net\/en\/wp-json\/wp\/v2\/product\/29525","targetHints":{"allow":["GET"]}}],"collection":[{"href":"https:\/\/gavilanchi.amarilio.net\/en\/wp-json\/wp\/v2\/product"}],"about":[{"href":"https:\/\/gavilanchi.amarilio.net\/en\/wp-json\/wp\/v2\/types\/product"}],"replies":[{"embeddable":true,"href":"https:\/\/gavilanchi.amarilio.net\/en\/wp-json\/wp\/v2\/comments?post=29525"}],"version-history":[{"count":1,"href":"https:\/\/gavilanchi.amarilio.net\/en\/wp-json\/wp\/v2\/product\/29525\/revisions"}],"predecessor-version":[{"id":29576,"href":"https:\/\/gavilanchi.amarilio.net\/en\/wp-json\/wp\/v2\/product\/29525\/revisions\/29576"}],"wp:featuredmedia":[{"embeddable":true,"href":"https:\/\/gavilanchi.amarilio.net\/en\/wp-json\/wp\/v2\/media\/29575"}],"wp:attachment":[{"href":"https:\/\/gavilanchi.amarilio.net\/en\/wp-json\/wp\/v2\/media?parent=29525"}],"wp:term":[{"taxonomy":"product_brand","embeddable":true,"href":"https:\/\/gavilanchi.amarilio.net\/en\/wp-json\/wp\/v2\/product_brand?post=29525"},{"taxonomy":"product_cat","embeddable":true,"href":"https:\/\/gavilanchi.amarilio.net\/en\/wp-json\/wp\/v2\/product_cat?post=29525"},{"taxonomy":"product_tag","embeddable":true,"href":"https:\/\/gavilanchi.amarilio.net\/en\/wp-json\/wp\/v2\/product_tag?post=29525"}],"curies":[{"name":"wp","href":"https:\/\/api.w.org\/{rel}","templated":true}]}}