{"id":29798,"date":"2026-03-23T04:07:28","date_gmt":"2026-03-23T04:07:28","guid":{"rendered":"https:\/\/gavilanchi.amarilio.net\/?post_type=product&#038;p=29798"},"modified":"2026-04-30T05:47:31","modified_gmt":"2026-04-30T05:47:31","slug":"boton-metalico-con-madera","status":"publish","type":"product","link":"https:\/\/gavilanchi.amarilio.net\/en\/product\/boton-metalico-con-madera\/","title":{"rendered":"Bot\u00f3n met\u00e1lico con madera"},"content":{"rendered":"<p>Bot\u00f3n met\u00e1lico con madera<\/p>\n<p><span style=\"font-size: 12.16px;\">Acabado: Madera (Zamac)<\/span><\/p>\n<p>Medidas disponibles: 32 mm<\/p>","protected":false},"excerpt":{"rendered":"<p>Bot\u00f3n met\u00e1lico con madera<\/p>\n<p><span style=\"font-size: 12.16px;\">Acabado: Madera (Zamac)<\/span><\/p>\n<p>Medidas disponibles: 32 mm<\/p>","protected":false},"featured_media":29833,"comment_status":"open","ping_status":"closed","template":"","meta":[],"product_brand":[116],"product_cat":[97],"product_tag":[],"class_list":{"0":"post-29798","1":"product","2":"type-product","3":"status-publish","4":"has-post-thumbnail","6":"product_brand-herra","7":"product_cat-jaladeras-y-botones","9":"first","10":"instock","11":"shipping-taxable","12":"purchasable","13":"product-type-simple"},"_links":{"self":[{"href":"https:\/\/gavilanchi.amarilio.net\/en\/wp-json\/wp\/v2\/product\/29798","targetHints":{"allow":["GET"]}}],"collection":[{"href":"https:\/\/gavilanchi.amarilio.net\/en\/wp-json\/wp\/v2\/product"}],"about":[{"href":"https:\/\/gavilanchi.amarilio.net\/en\/wp-json\/wp\/v2\/types\/product"}],"replies":[{"embeddable":true,"href":"https:\/\/gavilanchi.amarilio.net\/en\/wp-json\/wp\/v2\/comments?post=29798"}],"version-history":[{"count":1,"href":"https:\/\/gavilanchi.amarilio.net\/en\/wp-json\/wp\/v2\/product\/29798\/revisions"}],"predecessor-version":[{"id":29834,"href":"https:\/\/gavilanchi.amarilio.net\/en\/wp-json\/wp\/v2\/product\/29798\/revisions\/29834"}],"wp:featuredmedia":[{"embeddable":true,"href":"https:\/\/gavilanchi.amarilio.net\/en\/wp-json\/wp\/v2\/media\/29833"}],"wp:attachment":[{"href":"https:\/\/gavilanchi.amarilio.net\/en\/wp-json\/wp\/v2\/media?parent=29798"}],"wp:term":[{"taxonomy":"product_brand","embeddable":true,"href":"https:\/\/gavilanchi.amarilio.net\/en\/wp-json\/wp\/v2\/product_brand?post=29798"},{"taxonomy":"product_cat","embeddable":true,"href":"https:\/\/gavilanchi.amarilio.net\/en\/wp-json\/wp\/v2\/product_cat?post=29798"},{"taxonomy":"product_tag","embeddable":true,"href":"https:\/\/gavilanchi.amarilio.net\/en\/wp-json\/wp\/v2\/product_tag?post=29798"}],"curies":[{"name":"wp","href":"https:\/\/api.w.org\/{rel}","templated":true}]}}