{"id":29801,"date":"2026-03-23T04:07:28","date_gmt":"2026-03-23T04:07:28","guid":{"rendered":"https:\/\/gavilanchi.amarilio.net\/?post_type=product&#038;p=29801"},"modified":"2026-04-30T05:47:41","modified_gmt":"2026-04-30T05:47:41","slug":"ducloset-doble","status":"publish","type":"product","link":"https:\/\/gavilanchi.amarilio.net\/en\/product\/ducloset-doble\/","title":{"rendered":"Ducloset Doble"},"content":{"rendered":"<p>Sistema corredizo colgante para puertas de closet de montaje tradicional, con una capacidad de carga de hasta 45 kg por hoja.<\/p>\n<p>Aplicaciones:<\/p>\n<ul>\n<li>Puertas de closet<\/li>\n<\/ul>\n<p>Cualidades:<\/p>\n<ul>\n<li>La geometr\u00eda del riel y el alineamiento de la gu\u00eda al piso entregan mayor seguridad de sujeci\u00f3n.<\/li>\n<li>Gu\u00eda al piso ajustable para distintos espesores de hoja.<\/li>\n<li>El tope evita el traslape total de las puertas.<\/li>\n<li>Suavidad de rodadura.<\/li>\n<li>Mejor regulaci\u00f3n dada por sus perforaciones.<\/li>\n<\/ul>","protected":false},"excerpt":{"rendered":"<p>Sistema corredizo colgante para puertas de closet de montaje tradicional, con una capacidad de carga de hasta 45 kg por hoja.<\/p>\n<p>Aplicaciones:<\/p>\n<ul>\n<li>Puertas de closet<\/li>\n<\/ul>\n<p>Cualidades:<\/p>\n<ul>\n<li>La geometr\u00eda del riel y el alineamiento de la gu\u00eda al piso entregan mayor seguridad de sujeci\u00f3n.<\/li>\n<li>Gu\u00eda al piso ajustable para distintos espesores de hoja.<\/li>\n<li>El tope evita el traslape total de las puertas.<\/li>\n<li>Suavidad de rodadura.<\/li>\n<li>Mejor regulaci\u00f3n dada por sus perforaciones.<\/li>\n<\/ul>\n<p><img decoding=\"async\" class=\"alignnone size-full wp-image-1163\" src=\"http:\/\/placa.cciglobalcuu.com\/wp-content\/uploads\/2022\/08\/funciones_ducloset_simple_1897690174.png\" alt=\"\" \/> <img decoding=\"async\" class=\"alignnone size-medium wp-image-1164\" src=\"http:\/\/placa.cciglobalcuu.com\/wp-content\/uploads\/2022\/08\/duclosetdoble_f2producto_web.jpg\" alt=\"\" \/><\/p>","protected":false},"featured_media":29841,"comment_status":"open","ping_status":"closed","template":"","meta":[],"product_brand":[133],"product_cat":[95],"product_tag":[],"class_list":{"0":"post-29801","1":"product","2":"type-product","3":"status-publish","4":"has-post-thumbnail","6":"product_brand-ducas","7":"product_cat-herrajes","9":"first","10":"instock","11":"shipping-taxable","12":"purchasable","13":"product-type-simple"},"_links":{"self":[{"href":"https:\/\/gavilanchi.amarilio.net\/en\/wp-json\/wp\/v2\/product\/29801","targetHints":{"allow":["GET"]}}],"collection":[{"href":"https:\/\/gavilanchi.amarilio.net\/en\/wp-json\/wp\/v2\/product"}],"about":[{"href":"https:\/\/gavilanchi.amarilio.net\/en\/wp-json\/wp\/v2\/types\/product"}],"replies":[{"embeddable":true,"href":"https:\/\/gavilanchi.amarilio.net\/en\/wp-json\/wp\/v2\/comments?post=29801"}],"version-history":[{"count":1,"href":"https:\/\/gavilanchi.amarilio.net\/en\/wp-json\/wp\/v2\/product\/29801\/revisions"}],"predecessor-version":[{"id":29842,"href":"https:\/\/gavilanchi.amarilio.net\/en\/wp-json\/wp\/v2\/product\/29801\/revisions\/29842"}],"wp:featuredmedia":[{"embeddable":true,"href":"https:\/\/gavilanchi.amarilio.net\/en\/wp-json\/wp\/v2\/media\/29841"}],"wp:attachment":[{"href":"https:\/\/gavilanchi.amarilio.net\/en\/wp-json\/wp\/v2\/media?parent=29801"}],"wp:term":[{"taxonomy":"product_brand","embeddable":true,"href":"https:\/\/gavilanchi.amarilio.net\/en\/wp-json\/wp\/v2\/product_brand?post=29801"},{"taxonomy":"product_cat","embeddable":true,"href":"https:\/\/gavilanchi.amarilio.net\/en\/wp-json\/wp\/v2\/product_cat?post=29801"},{"taxonomy":"product_tag","embeddable":true,"href":"https:\/\/gavilanchi.amarilio.net\/en\/wp-json\/wp\/v2\/product_tag?post=29801"}],"curies":[{"name":"wp","href":"https:\/\/api.w.org\/{rel}","templated":true}]}}