{"id":29802,"date":"2026-03-23T04:07:28","date_gmt":"2026-03-23T04:07:28","guid":{"rendered":"https:\/\/gavilanchi.amarilio.net\/?post_type=product&#038;p=29802"},"modified":"2026-03-23T04:07:36","modified_gmt":"2026-03-23T04:07:36","slug":"dn-50","status":"publish","type":"product","link":"https:\/\/gavilanchi.amarilio.net\/en\/product\/dn-50\/","title":{"rendered":"DN 50"},"content":{"rendered":"<p>Sistema corredizo colgante para puertas de closet de montaje tradicional, con una capacidad de carga de hasta 45 kg por hoja.<\/p>\n<p>Aplicaciones:<\/p>\n<ul>\n<li>Puertas de closet<\/li>\n<\/ul>\n<p>Cualidades:<\/p>\n<ul>\n<li>Incorpora un sistema de enganche r\u00e1pido que facilita el montaje y desmontaje de la puerta.<\/li>\n<li>Producto de alta duraci\u00f3n y excelente comportamiento en el uso reiterado.<\/li>\n<li>Permite dejar una luz m\u00ednima de 2mm entre riel y puerta.<\/li>\n<li>Con tecnolog\u00eda Central Drive, en que el rodamiento est\u00e1 encapsulado en el chasis del carro, centro del eje de trasmisi\u00f3n de las dos ruedas.<\/li>\n<li>Al estar el rodamiento encapsulado, se garantiza una mayor protecci\u00f3n contra polvo, suciedad y agentes atmosf\u00e9ricos.<\/li>\n<li>Movimiento extremadamente suave y silencioso.<\/li>\n<\/ul>","protected":false},"excerpt":{"rendered":"<p>Sistema corredizo colgante para puertas de closet de montaje tradicional, con una capacidad de carga de hasta 45 kg por hoja.<\/p>\n<p>Aplicaciones:<\/p>\n<ul>\n<li>Puertas de closet<\/li>\n<\/ul>\n<p>Cualidades:<\/p>\n<ul>\n<li>Incorpora un sistema de enganche r\u00e1pido que facilita el montaje y desmontaje de la puerta.<\/li>\n<li>Producto de alta duraci\u00f3n y excelente comportamiento en el uso reiterado.<\/li>\n<li>Permite dejar una luz m\u00ednima de 2mm entre riel y puerta.<\/li>\n<li>Con tecnolog\u00eda Central Drive, en que el rodamiento est\u00e1 encapsulado en el chasis del carro, centro del eje de trasmisi\u00f3n de las dos ruedas.<\/li>\n<li>Al estar el rodamiento encapsulado, se garantiza una mayor protecci\u00f3n contra polvo, suciedad y agentes atmosf\u00e9ricos.<\/li>\n<li>Movimiento extremadamente suave y silencioso.<\/li>\n<\/ul>\n<p>&nbsp;<\/p>","protected":false},"featured_media":29843,"comment_status":"open","ping_status":"closed","template":"","meta":[],"product_brand":[],"product_cat":[95],"product_tag":[],"class_list":{"0":"post-29802","1":"product","2":"type-product","3":"status-publish","4":"has-post-thumbnail","6":"product_cat-herrajes","8":"first","9":"instock","10":"shipping-taxable","11":"product-type-simple"},"_links":{"self":[{"href":"https:\/\/gavilanchi.amarilio.net\/en\/wp-json\/wp\/v2\/product\/29802","targetHints":{"allow":["GET"]}}],"collection":[{"href":"https:\/\/gavilanchi.amarilio.net\/en\/wp-json\/wp\/v2\/product"}],"about":[{"href":"https:\/\/gavilanchi.amarilio.net\/en\/wp-json\/wp\/v2\/types\/product"}],"replies":[{"embeddable":true,"href":"https:\/\/gavilanchi.amarilio.net\/en\/wp-json\/wp\/v2\/comments?post=29802"}],"version-history":[{"count":1,"href":"https:\/\/gavilanchi.amarilio.net\/en\/wp-json\/wp\/v2\/product\/29802\/revisions"}],"predecessor-version":[{"id":29844,"href":"https:\/\/gavilanchi.amarilio.net\/en\/wp-json\/wp\/v2\/product\/29802\/revisions\/29844"}],"wp:featuredmedia":[{"embeddable":true,"href":"https:\/\/gavilanchi.amarilio.net\/en\/wp-json\/wp\/v2\/media\/29843"}],"wp:attachment":[{"href":"https:\/\/gavilanchi.amarilio.net\/en\/wp-json\/wp\/v2\/media?parent=29802"}],"wp:term":[{"taxonomy":"product_brand","embeddable":true,"href":"https:\/\/gavilanchi.amarilio.net\/en\/wp-json\/wp\/v2\/product_brand?post=29802"},{"taxonomy":"product_cat","embeddable":true,"href":"https:\/\/gavilanchi.amarilio.net\/en\/wp-json\/wp\/v2\/product_cat?post=29802"},{"taxonomy":"product_tag","embeddable":true,"href":"https:\/\/gavilanchi.amarilio.net\/en\/wp-json\/wp\/v2\/product_tag?post=29802"}],"curies":[{"name":"wp","href":"https:\/\/api.w.org\/{rel}","templated":true}]}}