{"id":29803,"date":"2026-03-23T04:07:28","date_gmt":"2026-03-23T04:07:28","guid":{"rendered":"https:\/\/gavilanchi.amarilio.net\/?post_type=product&#038;p=29803"},"modified":"2026-03-23T04:07:36","modified_gmt":"2026-03-23T04:07:36","slug":"cd-40-cx","status":"publish","type":"product","link":"https:\/\/gavilanchi.amarilio.net\/en\/product\/cd-40-cx\/","title":{"rendered":"CD 40 CX"},"content":{"rendered":"<p>Sistema corredizo al suelo con freno para puertas de closet de hasta 40 kg. El carro se instala embutido en la puerta para una m\u00ednima luz entre puertas. El rodamiento es convexo, lo que permite utilizar un riel c\u00f3ncavo que puede ser embutido en el vano, para una minima luz entre la puerta y el suelo.<\/p>\n<p>Aplicaciones:<\/p>\n<ul>\n<li>Puertas de closet<\/li>\n<li>Puertas de Madera y Aluminio<\/li>\n<\/ul>\n<p>Cualidades:<\/p>\n<ul>\n<li>F\u00e1cil instalaci\u00f3n y regulaci\u00f3n.<\/li>\n<li>Gu\u00eda superior con freno.<\/li>\n<li>Suavidad de rodadura.<\/li>\n<li>El carro se monta embutido en la madera, con lo que se obtiene una m\u00ednima separaci\u00f3n entre puertas.<\/li>\n<\/ul>","protected":false},"excerpt":{"rendered":"<p>Sistema corredizo al suelo con freno para puertas de closet de hasta 40 kg. El carro se instala embutido en la puerta para una m\u00ednima luz entre puertas. El rodamiento es convexo, lo que permite utilizar un riel c\u00f3ncavo que puede ser embutido en el vano, para una minima luz entre la puerta y el suelo.<\/p>\n<p>Aplicaciones:<\/p>\n<ul>\n<li>Puertas de closet<\/li>\n<li>Puertas de Madera y Aluminio<\/li>\n<\/ul>\n<p>Cualidades:<\/p>\n<ul>\n<li>F\u00e1cil instalaci\u00f3n y regulaci\u00f3n.<\/li>\n<li>Gu\u00eda superior con freno.<\/li>\n<li>Suavidad de rodadura.<\/li>\n<li>El carro se monta embutido en la madera, con lo que se obtiene una m\u00ednima separaci\u00f3n entre puertas.<\/li>\n<\/ul>\n<p><img decoding=\"async\" class=\"alignnone size-full wp-image-1169\" src=\"http:\/\/placa.cciglobalcuu.com\/wp-content\/uploads\/2022\/08\/cd40cxfunciones.png\" alt=\"\" \/> <img decoding=\"async\" class=\"alignnone size-medium wp-image-1170\" src=\"http:\/\/placa.cciglobalcuu.com\/wp-content\/uploads\/2022\/08\/cd40cx_f2producto_web.jpg\" alt=\"\" \/><\/p>","protected":false},"featured_media":29847,"comment_status":"open","ping_status":"closed","template":"","meta":[],"product_brand":[],"product_cat":[95],"product_tag":[],"class_list":{"0":"post-29803","1":"product","2":"type-product","3":"status-publish","4":"has-post-thumbnail","6":"product_cat-herrajes","8":"first","9":"instock","10":"shipping-taxable","11":"product-type-simple"},"_links":{"self":[{"href":"https:\/\/gavilanchi.amarilio.net\/en\/wp-json\/wp\/v2\/product\/29803","targetHints":{"allow":["GET"]}}],"collection":[{"href":"https:\/\/gavilanchi.amarilio.net\/en\/wp-json\/wp\/v2\/product"}],"about":[{"href":"https:\/\/gavilanchi.amarilio.net\/en\/wp-json\/wp\/v2\/types\/product"}],"replies":[{"embeddable":true,"href":"https:\/\/gavilanchi.amarilio.net\/en\/wp-json\/wp\/v2\/comments?post=29803"}],"version-history":[{"count":1,"href":"https:\/\/gavilanchi.amarilio.net\/en\/wp-json\/wp\/v2\/product\/29803\/revisions"}],"predecessor-version":[{"id":29848,"href":"https:\/\/gavilanchi.amarilio.net\/en\/wp-json\/wp\/v2\/product\/29803\/revisions\/29848"}],"wp:featuredmedia":[{"embeddable":true,"href":"https:\/\/gavilanchi.amarilio.net\/en\/wp-json\/wp\/v2\/media\/29847"}],"wp:attachment":[{"href":"https:\/\/gavilanchi.amarilio.net\/en\/wp-json\/wp\/v2\/media?parent=29803"}],"wp:term":[{"taxonomy":"product_brand","embeddable":true,"href":"https:\/\/gavilanchi.amarilio.net\/en\/wp-json\/wp\/v2\/product_brand?post=29803"},{"taxonomy":"product_cat","embeddable":true,"href":"https:\/\/gavilanchi.amarilio.net\/en\/wp-json\/wp\/v2\/product_cat?post=29803"},{"taxonomy":"product_tag","embeddable":true,"href":"https:\/\/gavilanchi.amarilio.net\/en\/wp-json\/wp\/v2\/product_tag?post=29803"}],"curies":[{"name":"wp","href":"https:\/\/api.w.org\/{rel}","templated":true}]}}