{"id":29805,"date":"2026-03-23T04:07:29","date_gmt":"2026-03-23T04:07:29","guid":{"rendered":"https:\/\/gavilanchi.amarilio.net\/?post_type=product&#038;p=29805"},"modified":"2026-03-23T04:07:38","modified_gmt":"2026-03-23T04:07:38","slug":"d30","status":"publish","type":"product","link":"https:\/\/gavilanchi.amarilio.net\/en\/product\/d30\/","title":{"rendered":"D30"},"content":{"rendered":"<p>Sistema corredizo al piso, para puertas peque\u00f1as de hasta 30 Kg.<\/p>\n<p>Cualidades:<\/p>\n<ul>\n<li>F\u00e1cil instalaci\u00f3n.<\/li>\n<li>El carro puede instalarse embutido o sobrepuesto.<\/li>\n<li>Posee una pesta\u00f1a de refuerzo que permite la instalaci\u00f3n con madera de menor calidad entreg\u00e1ndole mayor soporte a la puerta.<\/li>\n<li>Permite utilizar el mismo riel en la parte superior e inferior del vano.<\/li>\n<\/ul>","protected":false},"excerpt":{"rendered":"<p>Sistema corredizo al piso, para puertas peque\u00f1as de hasta 30 Kg.<\/p>\n<p>Cualidades:<\/p>\n<ul>\n<li>F\u00e1cil instalaci\u00f3n.<\/li>\n<li>El carro puede instalarse embutido o sobrepuesto.<\/li>\n<li>Posee una pesta\u00f1a de refuerzo que permite la instalaci\u00f3n con madera de menor calidad entreg\u00e1ndole mayor soporte a la puerta.<\/li>\n<li>Permite utilizar el mismo riel en la parte superior e inferior del vano.<\/li>\n<\/ul>","protected":false},"featured_media":29855,"comment_status":"open","ping_status":"closed","template":"","meta":[],"product_brand":[],"product_cat":[95],"product_tag":[],"class_list":{"0":"post-29805","1":"product","2":"type-product","3":"status-publish","4":"has-post-thumbnail","6":"product_cat-herrajes","8":"first","9":"instock","10":"shipping-taxable","11":"product-type-simple"},"_links":{"self":[{"href":"https:\/\/gavilanchi.amarilio.net\/en\/wp-json\/wp\/v2\/product\/29805","targetHints":{"allow":["GET"]}}],"collection":[{"href":"https:\/\/gavilanchi.amarilio.net\/en\/wp-json\/wp\/v2\/product"}],"about":[{"href":"https:\/\/gavilanchi.amarilio.net\/en\/wp-json\/wp\/v2\/types\/product"}],"replies":[{"embeddable":true,"href":"https:\/\/gavilanchi.amarilio.net\/en\/wp-json\/wp\/v2\/comments?post=29805"}],"version-history":[{"count":1,"href":"https:\/\/gavilanchi.amarilio.net\/en\/wp-json\/wp\/v2\/product\/29805\/revisions"}],"predecessor-version":[{"id":29856,"href":"https:\/\/gavilanchi.amarilio.net\/en\/wp-json\/wp\/v2\/product\/29805\/revisions\/29856"}],"wp:featuredmedia":[{"embeddable":true,"href":"https:\/\/gavilanchi.amarilio.net\/en\/wp-json\/wp\/v2\/media\/29855"}],"wp:attachment":[{"href":"https:\/\/gavilanchi.amarilio.net\/en\/wp-json\/wp\/v2\/media?parent=29805"}],"wp:term":[{"taxonomy":"product_brand","embeddable":true,"href":"https:\/\/gavilanchi.amarilio.net\/en\/wp-json\/wp\/v2\/product_brand?post=29805"},{"taxonomy":"product_cat","embeddable":true,"href":"https:\/\/gavilanchi.amarilio.net\/en\/wp-json\/wp\/v2\/product_cat?post=29805"},{"taxonomy":"product_tag","embeddable":true,"href":"https:\/\/gavilanchi.amarilio.net\/en\/wp-json\/wp\/v2\/product_tag?post=29805"}],"curies":[{"name":"wp","href":"https:\/\/api.w.org\/{rel}","templated":true}]}}