{"id":29806,"date":"2026-03-23T04:07:29","date_gmt":"2026-03-23T04:07:29","guid":{"rendered":"https:\/\/gavilanchi.amarilio.net\/?post_type=product&#038;p=29806"},"modified":"2026-03-23T04:07:38","modified_gmt":"2026-03-23T04:07:38","slug":"cd-50-cxr","status":"publish","type":"product","link":"https:\/\/gavilanchi.amarilio.net\/en\/product\/cd-50-cxr\/","title":{"rendered":"CD 50 CXR"},"content":{"rendered":"<p>Sistema crredizo al suelo con freno para puertas de closet de hasta 50 kg. Con regulaci\u00f3n de altura constante, gracias a sus dos resortes. El carro se instala embutido para una m\u00ednima luz entre puertas, o sobrepuesto para una mayor rapidez y facilidad de instalaci\u00f3n.<\/p>\n<p>Aplicaciones:<\/p>\n<ul>\n<li>Puertas de madera y aluminio<\/li>\n<li>Puertas de closet<\/li>\n<\/ul>\n<p>Cualidades:<\/p>\n<ul>\n<li>Posee un traba resorte, que permite una f\u00e1cil instalaci\u00f3n y desinstalaci\u00f3n.<\/li>\n<li>El carro puede ir sobrepuesto o embutido para una m\u00ednima separaci\u00f3n entre puertas.<\/li>\n<li>Permite eliminar el riesgo de descarrilamiento gracias al sistema de resortes.<\/li>\n<li>Regulaci\u00f3n constante y suave desplazamiento.<\/li>\n<li>Al utilizar con gu\u00eda oculta y perfil GO 22, GO 30 o GO 45, permite el ajuste din\u00e1mico de la puerta a los desniveles del vano.<\/li>\n<li>Permite la utilizaci\u00f3n de cierre suave.<\/li>\n<\/ul>","protected":false},"excerpt":{"rendered":"<p>Sistema crredizo al suelo con freno para puertas de closet de hasta 50 kg. Con regulaci\u00f3n de altura constante, gracias a sus dos resortes. El carro se instala embutido para una m\u00ednima luz entre puertas, o sobrepuesto para una mayor rapidez y facilidad de instalaci\u00f3n.<\/p>\n<p>Aplicaciones:<\/p>\n<ul>\n<li>Puertas de madera y aluminio<\/li>\n<li>Puertas de closet<\/li>\n<\/ul>\n<p>Cualidades:<\/p>\n<ul>\n<li>Posee un traba resorte, que permite una f\u00e1cil instalaci\u00f3n y desinstalaci\u00f3n.<\/li>\n<li>El carro puede ir sobrepuesto o embutido para una m\u00ednima separaci\u00f3n entre puertas.<\/li>\n<li>Permite eliminar el riesgo de descarrilamiento gracias al sistema de resortes.<\/li>\n<li>Regulaci\u00f3n constante y suave desplazamiento.<\/li>\n<li>Al utilizar con gu\u00eda oculta y perfil GO 22, GO 30 o GO 45, permite el ajuste din\u00e1mico de la puerta a los desniveles del vano.<\/li>\n<li>Permite la utilizaci\u00f3n de cierre suave.<\/li>\n<\/ul>","protected":false},"featured_media":29858,"comment_status":"open","ping_status":"closed","template":"","meta":[],"product_brand":[],"product_cat":[95],"product_tag":[],"class_list":{"0":"post-29806","1":"product","2":"type-product","3":"status-publish","4":"has-post-thumbnail","6":"product_cat-herrajes","8":"first","9":"instock","10":"shipping-taxable","11":"product-type-simple"},"_links":{"self":[{"href":"https:\/\/gavilanchi.amarilio.net\/en\/wp-json\/wp\/v2\/product\/29806","targetHints":{"allow":["GET"]}}],"collection":[{"href":"https:\/\/gavilanchi.amarilio.net\/en\/wp-json\/wp\/v2\/product"}],"about":[{"href":"https:\/\/gavilanchi.amarilio.net\/en\/wp-json\/wp\/v2\/types\/product"}],"replies":[{"embeddable":true,"href":"https:\/\/gavilanchi.amarilio.net\/en\/wp-json\/wp\/v2\/comments?post=29806"}],"version-history":[{"count":1,"href":"https:\/\/gavilanchi.amarilio.net\/en\/wp-json\/wp\/v2\/product\/29806\/revisions"}],"predecessor-version":[{"id":29859,"href":"https:\/\/gavilanchi.amarilio.net\/en\/wp-json\/wp\/v2\/product\/29806\/revisions\/29859"}],"wp:featuredmedia":[{"embeddable":true,"href":"https:\/\/gavilanchi.amarilio.net\/en\/wp-json\/wp\/v2\/media\/29858"}],"wp:attachment":[{"href":"https:\/\/gavilanchi.amarilio.net\/en\/wp-json\/wp\/v2\/media?parent=29806"}],"wp:term":[{"taxonomy":"product_brand","embeddable":true,"href":"https:\/\/gavilanchi.amarilio.net\/en\/wp-json\/wp\/v2\/product_brand?post=29806"},{"taxonomy":"product_cat","embeddable":true,"href":"https:\/\/gavilanchi.amarilio.net\/en\/wp-json\/wp\/v2\/product_cat?post=29806"},{"taxonomy":"product_tag","embeddable":true,"href":"https:\/\/gavilanchi.amarilio.net\/en\/wp-json\/wp\/v2\/product_tag?post=29806"}],"curies":[{"name":"wp","href":"https:\/\/api.w.org\/{rel}","templated":true}]}}