{"id":29807,"date":"2026-03-23T04:07:29","date_gmt":"2026-03-23T04:07:29","guid":{"rendered":"https:\/\/gavilanchi.amarilio.net\/?post_type=product&#038;p=29807"},"modified":"2026-03-23T04:07:39","modified_gmt":"2026-03-23T04:07:39","slug":"cd-50-s","status":"publish","type":"product","link":"https:\/\/gavilanchi.amarilio.net\/en\/product\/cd-50-s\/","title":{"rendered":"CD 50 S"},"content":{"rendered":"<p>Corredera al piso para puertas de closet de hasta 50 Kg. de instalaci\u00f3n sobrepuesta.<\/p>\n<p>Aplicaciones:<\/p>\n<ul>\n<li>Puertas de closet<\/li>\n<\/ul>\n<p>Cualidades:<\/p>\n<ul>\n<li><\/li>\n<li>F\u00e1cil instalaci\u00f3n del carro en la puerta, ya que \u00e9ste va sobrepuesto.<\/li>\n<li>istema de resorte en el rodamiento evita el descarrilamiento de puertas livianas.<\/li>\n<li>Deslizamiento suave y silencioso, gracias al rodamiento Ultra Premium con nueva tecnolog\u00eda.<\/li>\n<li>Posibilidad de tener cierre suave utilizando Easy Soft GOR (accesorio, comprar aparte).<\/li>\n<li>Gu\u00eda GOR se puede regular para ser utilizada con gu\u00edas con canal desde 28 a 41mm.<\/li>\n<li>Posibilidad de instalar en configuraciones de closet de 2 o m\u00e1s puertas.<\/li>\n<\/ul>","protected":false},"excerpt":{"rendered":"<p>Corredera al piso para puertas de closet de hasta 50 Kg. de instalaci\u00f3n sobrepuesta.<\/p>\n<p>Aplicaciones:<\/p>\n<ul>\n<li>Puertas de closet<\/li>\n<\/ul>\n<p>Cualidades:<\/p>\n<ul>\n<li><\/li>\n<li>F\u00e1cil instalaci\u00f3n del carro en la puerta, ya que \u00e9ste va sobrepuesto.<\/li>\n<li>istema de resorte en el rodamiento evita el descarrilamiento de puertas livianas.<\/li>\n<li>Deslizamiento suave y silencioso, gracias al rodamiento Ultra Premium con nueva tecnolog\u00eda.<\/li>\n<li>Posibilidad de tener cierre suave utilizando Easy Soft GOR (accesorio, comprar aparte).<\/li>\n<li>Gu\u00eda GOR se puede regular para ser utilizada con gu\u00edas con canal desde 28 a 41mm.<\/li>\n<li>Posibilidad de instalar en configuraciones de closet de 2 o m\u00e1s puertas.<\/li>\n<\/ul>\n<p><img decoding=\"async\" class=\"alignnone size-full wp-image-1180\" src=\"http:\/\/placa.cciglobalcuu.com\/wp-content\/uploads\/2022\/08\/cd50_s_f3producto_web_1_1884822152.jpg\" alt=\"\" \/> <img decoding=\"async\" class=\"alignnone size-medium wp-image-1182\" src=\"http:\/\/placa.cciglobalcuu.com\/wp-content\/uploads\/2022\/08\/cd50_s_f2producto_web.jpg\" alt=\"\" \/><\/p>","protected":false},"featured_media":29862,"comment_status":"open","ping_status":"closed","template":"","meta":[],"product_brand":[],"product_cat":[95],"product_tag":[],"class_list":{"0":"post-29807","1":"product","2":"type-product","3":"status-publish","4":"has-post-thumbnail","6":"product_cat-herrajes","8":"first","9":"instock","10":"shipping-taxable","11":"product-type-simple"},"_links":{"self":[{"href":"https:\/\/gavilanchi.amarilio.net\/en\/wp-json\/wp\/v2\/product\/29807","targetHints":{"allow":["GET"]}}],"collection":[{"href":"https:\/\/gavilanchi.amarilio.net\/en\/wp-json\/wp\/v2\/product"}],"about":[{"href":"https:\/\/gavilanchi.amarilio.net\/en\/wp-json\/wp\/v2\/types\/product"}],"replies":[{"embeddable":true,"href":"https:\/\/gavilanchi.amarilio.net\/en\/wp-json\/wp\/v2\/comments?post=29807"}],"version-history":[{"count":1,"href":"https:\/\/gavilanchi.amarilio.net\/en\/wp-json\/wp\/v2\/product\/29807\/revisions"}],"predecessor-version":[{"id":29863,"href":"https:\/\/gavilanchi.amarilio.net\/en\/wp-json\/wp\/v2\/product\/29807\/revisions\/29863"}],"wp:featuredmedia":[{"embeddable":true,"href":"https:\/\/gavilanchi.amarilio.net\/en\/wp-json\/wp\/v2\/media\/29862"}],"wp:attachment":[{"href":"https:\/\/gavilanchi.amarilio.net\/en\/wp-json\/wp\/v2\/media?parent=29807"}],"wp:term":[{"taxonomy":"product_brand","embeddable":true,"href":"https:\/\/gavilanchi.amarilio.net\/en\/wp-json\/wp\/v2\/product_brand?post=29807"},{"taxonomy":"product_cat","embeddable":true,"href":"https:\/\/gavilanchi.amarilio.net\/en\/wp-json\/wp\/v2\/product_cat?post=29807"},{"taxonomy":"product_tag","embeddable":true,"href":"https:\/\/gavilanchi.amarilio.net\/en\/wp-json\/wp\/v2\/product_tag?post=29807"}],"curies":[{"name":"wp","href":"https:\/\/api.w.org\/{rel}","templated":true}]}}