{"id":29808,"date":"2026-03-23T04:07:29","date_gmt":"2026-03-23T04:07:29","guid":{"rendered":"https:\/\/gavilanchi.amarilio.net\/?post_type=product&#038;p=29808"},"modified":"2026-03-23T04:07:40","modified_gmt":"2026-03-23T04:07:40","slug":"riel-d-25","status":"publish","type":"product","link":"https:\/\/gavilanchi.amarilio.net\/en\/product\/riel-d-25\/","title":{"rendered":"Riel D 25"},"content":{"rendered":"<p>Riel de PVC para instalaci\u00f3n embutida, dentro del vano. Esta instalaci\u00f3n otorga un look moderno y un acceso libre al vano, facilitando la manipulaci\u00f3n de los objetos como carpetas o loza, en el uso diario que se le de al mueble.<\/p>\n<p>Cualidades:<\/p>\n<ul>\n<li>Permite deslizar puertas corredizas en l\u00ednea.<\/li>\n<li>Para instalar puertas traslapables es necesario instalar 2 rieles.<\/li>\n<li>Riel se instala embutido, permitiendo un uso total del vano.<\/li>\n<\/ul>","protected":false},"excerpt":{"rendered":"<p>Riel de PVC para instalaci\u00f3n embutida, dentro del vano. Esta instalaci\u00f3n otorga un look moderno y un acceso libre al vano, facilitando la manipulaci\u00f3n de los objetos como carpetas o loza, en el uso diario que se le de al mueble.<\/p>\n<p>Cualidades:<\/p>\n<ul>\n<li>Permite deslizar puertas corredizas en l\u00ednea.<\/li>\n<li>Para instalar puertas traslapables es necesario instalar 2 rieles.<\/li>\n<li>Riel se instala embutido, permitiendo un uso total del vano.<\/li>\n<\/ul>","protected":false},"featured_media":29866,"comment_status":"open","ping_status":"closed","template":"","meta":[],"product_brand":[],"product_cat":[95],"product_tag":[],"class_list":{"0":"post-29808","1":"product","2":"type-product","3":"status-publish","4":"has-post-thumbnail","6":"product_cat-herrajes","8":"first","9":"instock","10":"shipping-taxable","11":"product-type-simple"},"_links":{"self":[{"href":"https:\/\/gavilanchi.amarilio.net\/en\/wp-json\/wp\/v2\/product\/29808","targetHints":{"allow":["GET"]}}],"collection":[{"href":"https:\/\/gavilanchi.amarilio.net\/en\/wp-json\/wp\/v2\/product"}],"about":[{"href":"https:\/\/gavilanchi.amarilio.net\/en\/wp-json\/wp\/v2\/types\/product"}],"replies":[{"embeddable":true,"href":"https:\/\/gavilanchi.amarilio.net\/en\/wp-json\/wp\/v2\/comments?post=29808"}],"version-history":[{"count":1,"href":"https:\/\/gavilanchi.amarilio.net\/en\/wp-json\/wp\/v2\/product\/29808\/revisions"}],"predecessor-version":[{"id":29867,"href":"https:\/\/gavilanchi.amarilio.net\/en\/wp-json\/wp\/v2\/product\/29808\/revisions\/29867"}],"wp:featuredmedia":[{"embeddable":true,"href":"https:\/\/gavilanchi.amarilio.net\/en\/wp-json\/wp\/v2\/media\/29866"}],"wp:attachment":[{"href":"https:\/\/gavilanchi.amarilio.net\/en\/wp-json\/wp\/v2\/media?parent=29808"}],"wp:term":[{"taxonomy":"product_brand","embeddable":true,"href":"https:\/\/gavilanchi.amarilio.net\/en\/wp-json\/wp\/v2\/product_brand?post=29808"},{"taxonomy":"product_cat","embeddable":true,"href":"https:\/\/gavilanchi.amarilio.net\/en\/wp-json\/wp\/v2\/product_cat?post=29808"},{"taxonomy":"product_tag","embeddable":true,"href":"https:\/\/gavilanchi.amarilio.net\/en\/wp-json\/wp\/v2\/product_tag?post=29808"}],"curies":[{"name":"wp","href":"https:\/\/api.w.org\/{rel}","templated":true}]}}