{"id":29809,"date":"2026-03-23T04:07:29","date_gmt":"2026-03-23T04:07:29","guid":{"rendered":"https:\/\/gavilanchi.amarilio.net\/?post_type=product&#038;p=29809"},"modified":"2026-03-23T04:07:40","modified_gmt":"2026-03-23T04:07:40","slug":"riel-u-28-al","status":"publish","type":"product","link":"https:\/\/gavilanchi.amarilio.net\/en\/product\/riel-u-28-al\/","title":{"rendered":"Riel U 28 AL"},"content":{"rendered":"<p>Riel de aluminio de doble pista para instalaci\u00f3n superior sobrepuesta, dentro del vano. F\u00e1cil y r\u00e1pido de instalar, especialmente en aplicaciones de puertas en traslape. Rango de espesor de puerta: 18 a 22mm.<\/p>\n<p>Cualidades:<\/p>\n<ul>\n<li>Perfil liso entrega una terminaci\u00f3n muy limpia y cont\u00ednua.<\/li>\n<li>Permite utilizar puertas de entre 18 y 22 mm de espesor.<\/li>\n<li>Permite esconder los frenos dentro del riel.<\/li>\n<\/ul>","protected":false},"excerpt":{"rendered":"<p>Riel de aluminio de doble pista para instalaci\u00f3n superior sobrepuesta, dentro del vano. F\u00e1cil y r\u00e1pido de instalar, especialmente en aplicaciones de puertas en traslape. Rango de espesor de puerta: 18 a 22mm.<\/p>\n<p>Cualidades:<\/p>\n<ul>\n<li>Perfil liso entrega una terminaci\u00f3n muy limpia y cont\u00ednua.<\/li>\n<li>Permite utilizar puertas de entre 18 y 22 mm de espesor.<\/li>\n<li>Permite esconder los frenos dentro del riel.<\/li>\n<\/ul>","protected":false},"featured_media":29869,"comment_status":"open","ping_status":"closed","template":"","meta":[],"product_brand":[],"product_cat":[95],"product_tag":[],"class_list":{"0":"post-29809","1":"product","2":"type-product","3":"status-publish","4":"has-post-thumbnail","6":"product_cat-herrajes","8":"first","9":"instock","10":"shipping-taxable","11":"product-type-simple"},"_links":{"self":[{"href":"https:\/\/gavilanchi.amarilio.net\/en\/wp-json\/wp\/v2\/product\/29809","targetHints":{"allow":["GET"]}}],"collection":[{"href":"https:\/\/gavilanchi.amarilio.net\/en\/wp-json\/wp\/v2\/product"}],"about":[{"href":"https:\/\/gavilanchi.amarilio.net\/en\/wp-json\/wp\/v2\/types\/product"}],"replies":[{"embeddable":true,"href":"https:\/\/gavilanchi.amarilio.net\/en\/wp-json\/wp\/v2\/comments?post=29809"}],"version-history":[{"count":1,"href":"https:\/\/gavilanchi.amarilio.net\/en\/wp-json\/wp\/v2\/product\/29809\/revisions"}],"predecessor-version":[{"id":29870,"href":"https:\/\/gavilanchi.amarilio.net\/en\/wp-json\/wp\/v2\/product\/29809\/revisions\/29870"}],"wp:featuredmedia":[{"embeddable":true,"href":"https:\/\/gavilanchi.amarilio.net\/en\/wp-json\/wp\/v2\/media\/29869"}],"wp:attachment":[{"href":"https:\/\/gavilanchi.amarilio.net\/en\/wp-json\/wp\/v2\/media?parent=29809"}],"wp:term":[{"taxonomy":"product_brand","embeddable":true,"href":"https:\/\/gavilanchi.amarilio.net\/en\/wp-json\/wp\/v2\/product_brand?post=29809"},{"taxonomy":"product_cat","embeddable":true,"href":"https:\/\/gavilanchi.amarilio.net\/en\/wp-json\/wp\/v2\/product_cat?post=29809"},{"taxonomy":"product_tag","embeddable":true,"href":"https:\/\/gavilanchi.amarilio.net\/en\/wp-json\/wp\/v2\/product_tag?post=29809"}],"curies":[{"name":"wp","href":"https:\/\/api.w.org\/{rel}","templated":true}]}}