{"id":29810,"date":"2026-03-23T04:07:29","date_gmt":"2026-03-23T04:07:29","guid":{"rendered":"https:\/\/gavilanchi.amarilio.net\/?post_type=product&#038;p=29810"},"modified":"2026-03-23T04:07:41","modified_gmt":"2026-03-23T04:07:41","slug":"riel-u-20-d","status":"publish","type":"product","link":"https:\/\/gavilanchi.amarilio.net\/en\/product\/riel-u-20-d\/","title":{"rendered":"Riel U 20 D"},"content":{"rendered":"<p>Riel de acero de doble pista para instalaci\u00f3n superior sobrepuesta, dentro del vano. F\u00e1cil y r\u00e1pido de instalar, especialmente en aplicaciones de puertas en traslape. Rango de espesor de puerta: 15 a 30mm.<\/p>\n<p>Riel U 20 D zinc 1m<\/p>\n<p>Riel U 20 D zinc 1.5m<\/p>\n<p>Riel U 20 D zinc 2m<\/p>\n<p>Riel U 20 D zinc 2.5m<\/p>\n<p>Riel U 20 D zinc 3m<\/p>\n<p>Riel U 20 D zinc 6m<\/p>\n<p>Riel U 20 D galv 2m<\/p>\n<p>Riel U 20 D galv 3m<\/p>\n<p>Riel U 20 D galv 6m<\/p>\n<p>Cualidades:<\/p>\n<ul>\n<li>Permite instalar 2 puertas traslapables en el mismo riel.<\/li>\n<li>Permite montar puertas de entre 15 y 30 mm de espesor.<\/li>\n<li>Disponibles en acero zincado y galvanizado.<\/li>\n<\/ul>","protected":false},"excerpt":{"rendered":"<p>Riel de acero de doble pista para instalaci\u00f3n superior sobrepuesta, dentro del vano. F\u00e1cil y r\u00e1pido de instalar, especialmente en aplicaciones de puertas en traslape. Rango de espesor de puerta: 15 a 30mm.<\/p>\n<p>Riel U 20 D zinc 1m<\/p>\n<p>Riel U 20 D zinc 1.5m<\/p>\n<p>Riel U 20 D zinc 2m<\/p>\n<p>Riel U 20 D zinc 2.5m<\/p>\n<p>Riel U 20 D zinc 3m<\/p>\n<p>Riel U 20 D zinc 6m<\/p>\n<p>Riel U 20 D galv 2m<\/p>\n<p>Riel U 20 D galv 3m<\/p>\n<p>Riel U 20 D galv 6m<\/p>\n<p>Cualidades:<\/p>\n<ul>\n<li><\/li>\n<li>Permite instalar 2 puertas traslapables en el mismo riel.<\/li>\n<li>Permite montar puertas de entre 15 y 30 mm de espesor.<\/li>\n<li>Disponibles en acero zincado y galvanizado.<\/li>\n<\/ul>","protected":false},"featured_media":29872,"comment_status":"open","ping_status":"closed","template":"","meta":[],"product_brand":[],"product_cat":[98],"product_tag":[],"class_list":{"0":"post-29810","1":"product","2":"type-product","3":"status-publish","4":"has-post-thumbnail","6":"product_cat-perfiles","8":"first","9":"instock","10":"shipping-taxable","11":"product-type-simple"},"_links":{"self":[{"href":"https:\/\/gavilanchi.amarilio.net\/en\/wp-json\/wp\/v2\/product\/29810","targetHints":{"allow":["GET"]}}],"collection":[{"href":"https:\/\/gavilanchi.amarilio.net\/en\/wp-json\/wp\/v2\/product"}],"about":[{"href":"https:\/\/gavilanchi.amarilio.net\/en\/wp-json\/wp\/v2\/types\/product"}],"replies":[{"embeddable":true,"href":"https:\/\/gavilanchi.amarilio.net\/en\/wp-json\/wp\/v2\/comments?post=29810"}],"version-history":[{"count":1,"href":"https:\/\/gavilanchi.amarilio.net\/en\/wp-json\/wp\/v2\/product\/29810\/revisions"}],"predecessor-version":[{"id":29873,"href":"https:\/\/gavilanchi.amarilio.net\/en\/wp-json\/wp\/v2\/product\/29810\/revisions\/29873"}],"wp:featuredmedia":[{"embeddable":true,"href":"https:\/\/gavilanchi.amarilio.net\/en\/wp-json\/wp\/v2\/media\/29872"}],"wp:attachment":[{"href":"https:\/\/gavilanchi.amarilio.net\/en\/wp-json\/wp\/v2\/media?parent=29810"}],"wp:term":[{"taxonomy":"product_brand","embeddable":true,"href":"https:\/\/gavilanchi.amarilio.net\/en\/wp-json\/wp\/v2\/product_brand?post=29810"},{"taxonomy":"product_cat","embeddable":true,"href":"https:\/\/gavilanchi.amarilio.net\/en\/wp-json\/wp\/v2\/product_cat?post=29810"},{"taxonomy":"product_tag","embeddable":true,"href":"https:\/\/gavilanchi.amarilio.net\/en\/wp-json\/wp\/v2\/product_tag?post=29810"}],"curies":[{"name":"wp","href":"https:\/\/api.w.org\/{rel}","templated":true}]}}