{"id":29811,"date":"2026-03-23T04:07:29","date_gmt":"2026-03-23T04:07:29","guid":{"rendered":"https:\/\/gavilanchi.amarilio.net\/?post_type=product&#038;p=29811"},"modified":"2026-03-23T04:07:42","modified_gmt":"2026-03-23T04:07:42","slug":"riel-doble-cx-al","status":"publish","type":"product","link":"https:\/\/gavilanchi.amarilio.net\/en\/product\/riel-doble-cx-al\/","title":{"rendered":"Riel Doble CX AL"},"content":{"rendered":"<p>Riel de aluminio de doble pista para instalaci\u00f3n sobrepuesta, dentro del vano. F\u00e1cil y r\u00e1pido de instalar, especialmente en aplicaciones de puertas en traslape. Rango de espesor de puerta: 18-22 mm. Usar con gu\u00eda superior.<\/p>\n<p>&nbsp;<\/p>\n<p>Gama Disponible<\/p>\n<p>Riel doble CX AL 2m<\/p>\n<p>Riel doble CX AL 3m<\/p>\n<p>Riel doble CX AL 6m<\/p>\n<p>&nbsp;<\/p>\n<p>Cualidades:<\/p>\n<p>Riel sobrepuesto inferior, de f\u00e1cil instalaci\u00f3n.<\/p>\n<p>Permite deslizar 2 puertas corredizas traslapables.<\/p>\n<p>Permite utilizar puertas de hasta 22 mm de espesor.<\/p>","protected":false},"excerpt":{"rendered":"<p>Riel de aluminio de doble pista para instalaci\u00f3n sobrepuesta, dentro del vano. F\u00e1cil y r\u00e1pido de instalar, especialmente en aplicaciones de puertas en traslape. Rango de espesor de puerta: 18-22 mm. Usar con gu\u00eda superior.<\/p>\n<p>Gama Disponible<\/p>\n<p>Riel doble CX AL 2m<\/p>\n<p>Riel doble CX AL 3m<\/p>\n<p>Riel doble CX AL 6m<\/p>\n<p>Cualidades:<\/p>\n<p>Riel sobrepuesto inferior, de f\u00e1cil instalaci\u00f3n.<\/p>\n<p>Permite deslizar 2 puertas corredizas traslapables.<\/p>\n<p>Permite utilizar puertas de hasta 22 mm de espesor.<\/p>","protected":false},"featured_media":29875,"comment_status":"open","ping_status":"closed","template":"","meta":[],"product_brand":[],"product_cat":[98],"product_tag":[],"class_list":{"0":"post-29811","1":"product","2":"type-product","3":"status-publish","4":"has-post-thumbnail","6":"product_cat-perfiles","8":"first","9":"instock","10":"shipping-taxable","11":"product-type-simple"},"_links":{"self":[{"href":"https:\/\/gavilanchi.amarilio.net\/en\/wp-json\/wp\/v2\/product\/29811","targetHints":{"allow":["GET"]}}],"collection":[{"href":"https:\/\/gavilanchi.amarilio.net\/en\/wp-json\/wp\/v2\/product"}],"about":[{"href":"https:\/\/gavilanchi.amarilio.net\/en\/wp-json\/wp\/v2\/types\/product"}],"replies":[{"embeddable":true,"href":"https:\/\/gavilanchi.amarilio.net\/en\/wp-json\/wp\/v2\/comments?post=29811"}],"version-history":[{"count":1,"href":"https:\/\/gavilanchi.amarilio.net\/en\/wp-json\/wp\/v2\/product\/29811\/revisions"}],"predecessor-version":[{"id":29876,"href":"https:\/\/gavilanchi.amarilio.net\/en\/wp-json\/wp\/v2\/product\/29811\/revisions\/29876"}],"wp:featuredmedia":[{"embeddable":true,"href":"https:\/\/gavilanchi.amarilio.net\/en\/wp-json\/wp\/v2\/media\/29875"}],"wp:attachment":[{"href":"https:\/\/gavilanchi.amarilio.net\/en\/wp-json\/wp\/v2\/media?parent=29811"}],"wp:term":[{"taxonomy":"product_brand","embeddable":true,"href":"https:\/\/gavilanchi.amarilio.net\/en\/wp-json\/wp\/v2\/product_brand?post=29811"},{"taxonomy":"product_cat","embeddable":true,"href":"https:\/\/gavilanchi.amarilio.net\/en\/wp-json\/wp\/v2\/product_cat?post=29811"},{"taxonomy":"product_tag","embeddable":true,"href":"https:\/\/gavilanchi.amarilio.net\/en\/wp-json\/wp\/v2\/product_tag?post=29811"}],"curies":[{"name":"wp","href":"https:\/\/api.w.org\/{rel}","templated":true}]}}