{"id":29933,"date":"2026-03-23T04:07:50","date_gmt":"2026-03-23T04:07:50","guid":{"rendered":"https:\/\/gavilanchi.amarilio.net\/?post_type=product&#038;p=29933"},"modified":"2026-04-30T05:47:28","modified_gmt":"2026-04-30T05:47:28","slug":"boton-blythe","status":"publish","type":"product","link":"https:\/\/gavilanchi.amarilio.net\/en\/product\/boton-blythe\/","title":{"rendered":"Bot\u00f3n Blythe"},"content":{"rendered":"<p><strong>Bot\u00f3n Blythe Sat\u00edn N\u00edquel 67 mm\u00a0<\/strong><\/p>","protected":false},"excerpt":{"rendered":"<p><strong>Bot\u00f3n Blythe Sat\u00edn N\u00edquel 67 mm\u00a0<\/strong><\/p>","protected":false},"featured_media":29986,"comment_status":"open","ping_status":"closed","template":"","meta":[],"product_brand":[118],"product_cat":[97],"product_tag":[],"class_list":{"0":"post-29933","1":"product","2":"type-product","3":"status-publish","4":"has-post-thumbnail","6":"product_brand-anbec","7":"product_cat-jaladeras-y-botones","9":"first","10":"instock","11":"shipping-taxable","12":"purchasable","13":"product-type-simple"},"_links":{"self":[{"href":"https:\/\/gavilanchi.amarilio.net\/en\/wp-json\/wp\/v2\/product\/29933","targetHints":{"allow":["GET"]}}],"collection":[{"href":"https:\/\/gavilanchi.amarilio.net\/en\/wp-json\/wp\/v2\/product"}],"about":[{"href":"https:\/\/gavilanchi.amarilio.net\/en\/wp-json\/wp\/v2\/types\/product"}],"replies":[{"embeddable":true,"href":"https:\/\/gavilanchi.amarilio.net\/en\/wp-json\/wp\/v2\/comments?post=29933"}],"version-history":[{"count":1,"href":"https:\/\/gavilanchi.amarilio.net\/en\/wp-json\/wp\/v2\/product\/29933\/revisions"}],"predecessor-version":[{"id":29987,"href":"https:\/\/gavilanchi.amarilio.net\/en\/wp-json\/wp\/v2\/product\/29933\/revisions\/29987"}],"wp:featuredmedia":[{"embeddable":true,"href":"https:\/\/gavilanchi.amarilio.net\/en\/wp-json\/wp\/v2\/media\/29986"}],"wp:attachment":[{"href":"https:\/\/gavilanchi.amarilio.net\/en\/wp-json\/wp\/v2\/media?parent=29933"}],"wp:term":[{"taxonomy":"product_brand","embeddable":true,"href":"https:\/\/gavilanchi.amarilio.net\/en\/wp-json\/wp\/v2\/product_brand?post=29933"},{"taxonomy":"product_cat","embeddable":true,"href":"https:\/\/gavilanchi.amarilio.net\/en\/wp-json\/wp\/v2\/product_cat?post=29933"},{"taxonomy":"product_tag","embeddable":true,"href":"https:\/\/gavilanchi.amarilio.net\/en\/wp-json\/wp\/v2\/product_tag?post=29933"}],"curies":[{"name":"wp","href":"https:\/\/api.w.org\/{rel}","templated":true}]}}