{"id":29994,"date":"2026-03-23T04:08:12","date_gmt":"2026-03-23T04:08:12","guid":{"rendered":"https:\/\/gavilanchi.amarilio.net\/?post_type=product&#038;p=29994"},"modified":"2026-04-30T05:48:34","modified_gmt":"2026-04-30T05:48:34","slug":"kitchen-pack","status":"publish","type":"product","link":"https:\/\/gavilanchi.amarilio.net\/en\/product\/kitchen-pack\/","title":{"rendered":"Kitchen Pack"},"content":{"rendered":"<p>Combo de Campana y Parrilla Kitchen Pack<\/p>\n<ul class=\"a-unordered-list a-vertical a-spacing-mini\">\n<li><span class=\"a-list-item\">Campana Picollo Novo: Panel de cristal templado, filtro purificador de carb\u00f3n activo con 3 velocidades de extracci\u00f3n y 2 luces de hal\u00f3geno (2 X 15 W).<br \/>\n<\/span>Medidas: 60 X 49.3 X 17.6 cm<br \/>\nAcabado: Acero Inoxidable<br \/>\nCapacidad de Extracci\u00f3n m\u00e1x: 450 m\u00b3\/h<br \/>\nFrecuencia: 60 Hz<\/li>\n<li><span class=\"a-list-item\">Parrilla Alina Novo: 4 quemadores, sistema antiderrames, encendido electr\u00f3nico, parrillas de hierro fundido y perillas metalicas con seguro<br \/>\nMedidas: 59 X 51 cm<br \/>\nAcabado: Acero Inoxidable<br \/>\nVoltaje: 110 v<br \/>\nFrecuencia: 60 Hz<br \/>\nQuemadores:<br \/>\n1 de 2.64 kw<br \/>\n2 de 1.11 kw<br \/>\n1 de 0.56 kw<\/span><\/li>\n<li><span class=\"a-list-item\">Trabaja con gas LP o gas natural<\/span><\/li>\n<li><span class=\"a-list-item\">Acero inoxidable<\/span><\/li>\n<\/ul>\n<p>&nbsp;<\/p>","protected":false},"excerpt":{"rendered":"<p>Combo de Campana y Parrilla Kitchen Pack<\/p>\n<ul class=\"a-unordered-list a-vertical a-spacing-mini\">\n<li><span class=\"a-list-item\">Campana Picollo Novo: Panel de cristal templado, filtro purificador de carb\u00f3n activo con 3 velocidades de extracci\u00f3n y 2 luces de hal\u00f3geno (2 X 15 W).<br \/>\n<\/span>Medidas: 60 X 49.3 X 17.6 cm<br \/>\nAcabado: Acero Inoxidable<br \/>\nCapacidad de Extracci\u00f3n m\u00e1x: 450 m\u00b3\/h<br \/>\nFrecuencia: 60 Hz<\/li>\n<li><span class=\"a-list-item\">Parrilla Alina Novo: 4 quemadores, sistema antiderrames, encendido electr\u00f3nico, parrillas de hierro fundido y perillas metalicas con seguro<br \/>\nMedidas: 59 X 51 cm<br \/>\nAcabado: Acero Inoxidable<br \/>\nVoltaje: 110 v<br \/>\nFrecuencia: 60 Hz<br \/>\nQuemadores:<br \/>\n1 de 2.64 kw<br \/>\n2 de 1.11 kw<br \/>\n1 de 0.56 kw<\/span><\/li>\n<li><span class=\"a-list-item\">Trabaja con gas LP o gas natural<\/span><\/li>\n<li><span class=\"a-list-item\">Acero inoxidable<\/span><\/li>\n<\/ul>\n<p>&nbsp;<\/p>","protected":false},"featured_media":30033,"comment_status":"open","ping_status":"closed","template":"","meta":[],"product_brand":[121],"product_cat":[102],"product_tag":[],"class_list":{"0":"post-29994","1":"product","2":"type-product","3":"status-publish","4":"has-post-thumbnail","6":"product_brand-axcen","7":"product_cat-campanas","9":"first","10":"instock","11":"shipping-taxable","12":"purchasable","13":"product-type-simple"},"_links":{"self":[{"href":"https:\/\/gavilanchi.amarilio.net\/en\/wp-json\/wp\/v2\/product\/29994","targetHints":{"allow":["GET"]}}],"collection":[{"href":"https:\/\/gavilanchi.amarilio.net\/en\/wp-json\/wp\/v2\/product"}],"about":[{"href":"https:\/\/gavilanchi.amarilio.net\/en\/wp-json\/wp\/v2\/types\/product"}],"replies":[{"embeddable":true,"href":"https:\/\/gavilanchi.amarilio.net\/en\/wp-json\/wp\/v2\/comments?post=29994"}],"version-history":[{"count":1,"href":"https:\/\/gavilanchi.amarilio.net\/en\/wp-json\/wp\/v2\/product\/29994\/revisions"}],"predecessor-version":[{"id":30034,"href":"https:\/\/gavilanchi.amarilio.net\/en\/wp-json\/wp\/v2\/product\/29994\/revisions\/30034"}],"wp:featuredmedia":[{"embeddable":true,"href":"https:\/\/gavilanchi.amarilio.net\/en\/wp-json\/wp\/v2\/media\/30033"}],"wp:attachment":[{"href":"https:\/\/gavilanchi.amarilio.net\/en\/wp-json\/wp\/v2\/media?parent=29994"}],"wp:term":[{"taxonomy":"product_brand","embeddable":true,"href":"https:\/\/gavilanchi.amarilio.net\/en\/wp-json\/wp\/v2\/product_brand?post=29994"},{"taxonomy":"product_cat","embeddable":true,"href":"https:\/\/gavilanchi.amarilio.net\/en\/wp-json\/wp\/v2\/product_cat?post=29994"},{"taxonomy":"product_tag","embeddable":true,"href":"https:\/\/gavilanchi.amarilio.net\/en\/wp-json\/wp\/v2\/product_tag?post=29994"}],"curies":[{"name":"wp","href":"https:\/\/api.w.org\/{rel}","templated":true}]}}