{"id":30442,"date":"2026-03-23T04:10:33","date_gmt":"2026-03-23T04:10:33","guid":{"rendered":"https:\/\/gavilanchi.amarilio.net\/?post_type=product&#038;p=30442"},"modified":"2026-03-23T04:10:51","modified_gmt":"2026-03-23T04:10:51","slug":"bisagra-100o-cie-automati-niquel-clavado","status":"publish","type":"product","link":"https:\/\/gavilanchi.amarilio.net\/en\/product\/bisagra-100o-cie-automati-niquel-clavado\/","title":{"rendered":"BISAGRA 100\u00ba CIE AUTOMATI NIQUEL CLAVADO"},"content":{"rendered":"","protected":false},"excerpt":{"rendered":"<p><strong>B71M258<\/strong><\/p>\n<ul data-start=\"113\" data-end=\"698\">\n<li class=\"\" data-start=\"113\" data-end=\"143\">\n<p class=\"\" data-start=\"115\" data-end=\"143\"><strong data-start=\"115\" data-end=\"138\">\u00c1ngulo de apertura:<\/strong> 100\u00b0<\/p>\n<\/li>\n<li class=\"\" data-start=\"144\" data-end=\"203\">\n<p class=\"\" data-start=\"146\" data-end=\"203\"><strong data-start=\"146\" data-end=\"165\">Tipo de cierre:<\/strong> <span class=\"relative -mx-px my-[-0.2rem] rounded px-px py-[0.2rem] transition-colors duration-100 ease-in-out\">Autom\u00e1tico por resorte (sin cierre suave BLUMOTION)<\/span><\/p>\n<\/li>\n<li class=\"\" data-start=\"204\" data-end=\"266\">\n<p class=\"\" data-start=\"206\" data-end=\"266\"><strong data-start=\"206\" data-end=\"226\">Tipo de montaje:<\/strong> <span class=\"relative -mx-px my-[-0.2rem] rounded px-px py-[0.2rem] transition-colors duration-100 ease-in-out\">Inserci\u00f3n a presi\u00f3n (dowel)<\/span><\/p>\n<\/li>\n<li class=\"\" data-start=\"267\" data-end=\"324\">\n<p class=\"\" data-start=\"269\" data-end=\"324\"><strong data-start=\"269\" data-end=\"284\">Aplicaci\u00f3n:<\/strong> <span class=\"relative -mx-px my-[-0.2rem] rounded px-px py-[0.2rem] transition-colors duration-100 ease-in-out\">Superposici\u00f3n total (full overlay)<\/span><\/p>\n<\/li>\n<li class=\"\" data-start=\"325\" data-end=\"396\">\n<p class=\"\" data-start=\"327\" data-end=\"396\"><strong data-start=\"327\" data-end=\"356\">Espesor m\u00e1ximo de puerta:<\/strong> <span class=\"relative -mx-px my-[-0.2rem] rounded px-px py-[0.2rem] transition-colors duration-100 ease-in-out\">24\u202fmm (15\/16&#8243;)<\/span><\/p>\n<\/li>\n<li class=\"\" data-start=\"397\" data-end=\"467\">\n<p class=\"\" data-start=\"399\" data-end=\"467\"><strong data-start=\"399\" data-end=\"427\">Di\u00e1metro de la cazoleta:<\/strong> <span class=\"relative -mx-px my-[-0.2rem] rounded px-px py-[0.2rem] transition-colors duration-100 ease-in-out\">35\u202fmm<\/span><\/p>\n<\/li>\n<li class=\"\" data-start=\"468\" data-end=\"541\">\n<p class=\"\" data-start=\"470\" data-end=\"541\"><strong data-start=\"470\" data-end=\"501\">Profundidad de la cazoleta:<\/strong> <span class=\"relative -mx-px my-[-0.2rem] rounded px-px py-[0.2rem] transition-colors duration-100 ease-in-out\">11\u202fmm<\/span><\/p>\n<\/li>\n<li class=\"\" data-start=\"542\" data-end=\"597\">\n<p class=\"\" data-start=\"544\" data-end=\"597\"><strong data-start=\"544\" data-end=\"557\">Material:<\/strong> <span class=\"relative -mx-px my-[-0.2rem] rounded px-px py-[0.2rem] transition-colors duration-100 ease-in-out\">Acero con acabado niquelado<\/span><\/p>\n<\/li>\n<li class=\"\" data-start=\"598\" data-end=\"698\">\n<p class=\"\" data-start=\"600\" data-end=\"698\"><strong data-start=\"600\" data-end=\"619\">Compatibilidad:<\/strong> <span class=\"relative -mx-px my-[-0.2rem] rounded px-px py-[0.2rem] transition-colors duration-100 ease-in-out\">Puede combinarse con placas de montaje CLIP top de Blum (se venden por separado)<\/span><\/p>\n<\/li>\n<\/ul>\n<p class=\"\" data-start=\"700\" data-end=\"818\"><span class=\"relative -mx-px my-[-0.2rem] rounded px-px py-[0.2rem] transition-colors duration-100 ease-in-out\">Esta bisagra es ideal para aplicaciones donde se requiere una apertura de 100\u00b0 y un cierre autom\u00e1tico sin la necesidad de un mecanismo de cierre suave.<\/span> <span class=\"relative -mx-px my-[-0.2rem] rounded px-px py-[0.2rem] transition-colors duration-100 ease-in-out\">Es compatible con puertas de hasta 24\u202fmm de espesor y se monta f\u00e1cilmente mediante inserci\u00f3n a presi\u00f3n.<\/span><\/p>\n","protected":false},"featured_media":30494,"comment_status":"open","ping_status":"closed","template":"","meta":[],"product_brand":[],"product_cat":[111],"product_tag":[],"class_list":{"0":"post-30442","1":"product","2":"type-product","3":"status-publish","4":"has-post-thumbnail","6":"product_cat-bisagras-blum","8":"first","9":"instock","10":"virtual","11":"product-type-simple"},"_links":{"self":[{"href":"https:\/\/gavilanchi.amarilio.net\/en\/wp-json\/wp\/v2\/product\/30442","targetHints":{"allow":["GET"]}}],"collection":[{"href":"https:\/\/gavilanchi.amarilio.net\/en\/wp-json\/wp\/v2\/product"}],"about":[{"href":"https:\/\/gavilanchi.amarilio.net\/en\/wp-json\/wp\/v2\/types\/product"}],"replies":[{"embeddable":true,"href":"https:\/\/gavilanchi.amarilio.net\/en\/wp-json\/wp\/v2\/comments?post=30442"}],"version-history":[{"count":1,"href":"https:\/\/gavilanchi.amarilio.net\/en\/wp-json\/wp\/v2\/product\/30442\/revisions"}],"predecessor-version":[{"id":30495,"href":"https:\/\/gavilanchi.amarilio.net\/en\/wp-json\/wp\/v2\/product\/30442\/revisions\/30495"}],"wp:featuredmedia":[{"embeddable":true,"href":"https:\/\/gavilanchi.amarilio.net\/en\/wp-json\/wp\/v2\/media\/30494"}],"wp:attachment":[{"href":"https:\/\/gavilanchi.amarilio.net\/en\/wp-json\/wp\/v2\/media?parent=30442"}],"wp:term":[{"taxonomy":"product_brand","embeddable":true,"href":"https:\/\/gavilanchi.amarilio.net\/en\/wp-json\/wp\/v2\/product_brand?post=30442"},{"taxonomy":"product_cat","embeddable":true,"href":"https:\/\/gavilanchi.amarilio.net\/en\/wp-json\/wp\/v2\/product_cat?post=30442"},{"taxonomy":"product_tag","embeddable":true,"href":"https:\/\/gavilanchi.amarilio.net\/en\/wp-json\/wp\/v2\/product_tag?post=30442"}],"curies":[{"name":"wp","href":"https:\/\/api.w.org\/{rel}","templated":true}]}}