{"id":30449,"date":"2026-03-23T04:10:34","date_gmt":"2026-03-23T04:10:34","guid":{"rendered":"https:\/\/gavilanchi.amarilio.net\/?post_type=product&#038;p=30449"},"modified":"2026-04-30T05:47:23","modified_gmt":"2026-04-30T05:47:23","slug":"bisagra-107o-cierre-automatico-clavado","status":"publish","type":"product","link":"https:\/\/gavilanchi.amarilio.net\/en\/product\/bisagra-107o-cierre-automatico-clavado\/","title":{"rendered":"BISAGRA 107\u00ba CIERRE AUTOMATICO CLAVADO"},"content":{"rendered":"","protected":false},"excerpt":{"rendered":"<p class=\"\" data-start=\"897\" data-end=\"1015\"><strong>B75T158<br \/>\n<\/strong><\/p>\n<ul data-start=\"111\" data-end=\"688\">\n<li class=\"\" data-start=\"111\" data-end=\"141\">\n<p class=\"\" data-start=\"113\" data-end=\"141\"><strong data-start=\"113\" data-end=\"136\">\u00c1ngulo de apertura:<\/strong> 107\u00b0<\/p>\n<\/li>\n<li class=\"\" data-start=\"142\" data-end=\"201\">\n<p class=\"\" data-start=\"144\" data-end=\"201\"><strong data-start=\"144\" data-end=\"163\">Tipo de cierre:<\/strong> <span class=\"relative -mx-px my-[-0.2rem] rounded px-px py-[0.2rem] transition-colors duration-100 ease-in-out\">Autom\u00e1tico (self-closing)<\/span><\/p>\n<\/li>\n<li class=\"\" data-start=\"202\" data-end=\"256\">\n<p class=\"\" data-start=\"204\" data-end=\"256\"><strong data-start=\"204\" data-end=\"216\">Montaje:<\/strong> <span class=\"relative -mx-px my-[-0.2rem] rounded px-px py-[0.2rem] transition-colors duration-100 ease-in-out\">Inserci\u00f3n a presi\u00f3n (dowel)<\/span><\/p>\n<\/li>\n<li class=\"\" data-start=\"257\" data-end=\"314\">\n<p class=\"\" data-start=\"259\" data-end=\"314\"><strong data-start=\"259\" data-end=\"274\">Aplicaci\u00f3n:<\/strong> <span class=\"relative -mx-px my-[-0.2rem] rounded px-px py-[0.2rem] transition-colors duration-100 ease-in-out\">Superposici\u00f3n total (full overlay)<\/span><\/p>\n<\/li>\n<li class=\"\" data-start=\"315\" data-end=\"385\">\n<p class=\"\" data-start=\"317\" data-end=\"385\"><strong data-start=\"317\" data-end=\"345\">Di\u00e1metro de la cazoleta:<\/strong> <span class=\"relative -mx-px my-[-0.2rem] rounded px-px py-[0.2rem] transition-colors duration-100 ease-in-out\">35\u202fmm<\/span><\/p>\n<\/li>\n<li class=\"\" data-start=\"386\" data-end=\"459\">\n<p class=\"\" data-start=\"388\" data-end=\"459\"><strong data-start=\"388\" data-end=\"419\">Profundidad de la cazoleta:<\/strong> <span class=\"relative -mx-px my-[-0.2rem] rounded px-px py-[0.2rem] transition-colors duration-100 ease-in-out\">11.5\u202fmm<\/span><\/p>\n<\/li>\n<li class=\"\" data-start=\"460\" data-end=\"515\">\n<p class=\"\" data-start=\"462\" data-end=\"515\"><strong data-start=\"462\" data-end=\"475\">Material:<\/strong> <span class=\"relative -mx-px my-[-0.2rem] rounded px-px py-[0.2rem] transition-colors duration-100 ease-in-out\">Acero con acabado niquelado<\/span><\/p>\n<\/li>\n<li class=\"\" data-start=\"516\" data-end=\"587\">\n<p class=\"\" data-start=\"518\" data-end=\"587\"><strong data-start=\"518\" data-end=\"547\">Ajustes tridimensionales:<\/strong> <span class=\"relative -mx-px my-[-0.2rem] rounded px-px py-[0.2rem] transition-colors duration-100 ease-in-out\">S\u00ed, permite ajustes en altura, lateralidad y profundidad<\/span><\/p>\n<\/li>\n<li class=\"\" data-start=\"588\" data-end=\"688\">\n<p class=\"\" data-start=\"590\" data-end=\"688\"><strong data-start=\"590\" data-end=\"609\">Compatibilidad:<\/strong> <span class=\"relative -mx-px my-[-0.2rem] rounded px-px py-[0.2rem] transition-colors duration-100 ease-in-out\">Adecuada para puertas con espesor de 15\u202fmm en adelante<\/span><\/p>\n<\/li>\n<\/ul>\n<p class=\"\" data-start=\"690\" data-end=\"768\"><span class=\"relative -mx-px my-[-0.2rem] rounded px-px py-[0.2rem] transition-colors duration-100 ease-in-out\">Esta bisagra es ideal para aplicaciones en gabinetes con superposici\u00f3n total, ofreciendo un cierre autom\u00e1tico y una instalaci\u00f3n sencilla mediante inserci\u00f3n a presi\u00f3n.<\/span><\/p>\n<p class=\"\" data-start=\"897\" data-end=\"1015\"><strong>\u00a0<\/strong><\/p>\n<p><strong>\u00a0<\/strong><\/p>\n","protected":false},"featured_media":30536,"comment_status":"open","ping_status":"closed","template":"","meta":[],"product_brand":[120],"product_cat":[111],"product_tag":[],"class_list":{"0":"post-30449","1":"product","2":"type-product","3":"status-publish","4":"has-post-thumbnail","6":"product_brand-blum","7":"product_cat-bisagras-blum","9":"first","10":"instock","11":"virtual","12":"purchasable","13":"product-type-simple"},"_links":{"self":[{"href":"https:\/\/gavilanchi.amarilio.net\/en\/wp-json\/wp\/v2\/product\/30449","targetHints":{"allow":["GET"]}}],"collection":[{"href":"https:\/\/gavilanchi.amarilio.net\/en\/wp-json\/wp\/v2\/product"}],"about":[{"href":"https:\/\/gavilanchi.amarilio.net\/en\/wp-json\/wp\/v2\/types\/product"}],"replies":[{"embeddable":true,"href":"https:\/\/gavilanchi.amarilio.net\/en\/wp-json\/wp\/v2\/comments?post=30449"}],"version-history":[{"count":1,"href":"https:\/\/gavilanchi.amarilio.net\/en\/wp-json\/wp\/v2\/product\/30449\/revisions"}],"predecessor-version":[{"id":30537,"href":"https:\/\/gavilanchi.amarilio.net\/en\/wp-json\/wp\/v2\/product\/30449\/revisions\/30537"}],"wp:featuredmedia":[{"embeddable":true,"href":"https:\/\/gavilanchi.amarilio.net\/en\/wp-json\/wp\/v2\/media\/30536"}],"wp:attachment":[{"href":"https:\/\/gavilanchi.amarilio.net\/en\/wp-json\/wp\/v2\/media?parent=30449"}],"wp:term":[{"taxonomy":"product_brand","embeddable":true,"href":"https:\/\/gavilanchi.amarilio.net\/en\/wp-json\/wp\/v2\/product_brand?post=30449"},{"taxonomy":"product_cat","embeddable":true,"href":"https:\/\/gavilanchi.amarilio.net\/en\/wp-json\/wp\/v2\/product_cat?post=30449"},{"taxonomy":"product_tag","embeddable":true,"href":"https:\/\/gavilanchi.amarilio.net\/en\/wp-json\/wp\/v2\/product_tag?post=30449"}],"curies":[{"name":"wp","href":"https:\/\/api.w.org\/{rel}","templated":true}]}}