{"id":30506,"date":"2026-03-23T04:10:55","date_gmt":"2026-03-23T04:10:55","guid":{"rendered":"https:\/\/gavilanchi.amarilio.net\/?post_type=product&#038;p=30506"},"modified":"2026-03-23T04:11:00","modified_gmt":"2026-03-23T04:11:00","slug":"bisagra-110-cierre-suave-blumotion-negro","status":"publish","type":"product","link":"https:\/\/gavilanchi.amarilio.net\/en\/product\/bisagra-110-cierre-suave-blumotion-negro\/","title":{"rendered":"BISAGRA 110\u00b0 CIERRE SUAVE BLUMOTION NEGRO"},"content":{"rendered":"","protected":false},"excerpt":{"rendered":"<p><strong>B73B355-BK<br \/>\n<\/strong><\/p>\n<h3 class=\"\" data-start=\"116\" data-end=\"148\">Especificaciones t\u00e9cnicas<\/h3>\n<ul data-start=\"150\" data-end=\"835\">\n<li class=\"\" data-start=\"150\" data-end=\"213\">\n<p class=\"\" data-start=\"152\" data-end=\"213\"><strong data-start=\"152\" data-end=\"175\">\u00c1ngulo de apertura:<\/strong> <span class=\"relative -mx-px my-[-0.2rem] rounded px-px py-[0.2rem] transition-colors duration-100 ease-in-out\">110\u00b0+<\/span><\/p>\n<\/li>\n<li class=\"\" data-start=\"214\" data-end=\"273\">\n<p class=\"\" data-start=\"216\" data-end=\"273\"><strong data-start=\"216\" data-end=\"235\">Tipo de cierre:<\/strong> <span class=\"relative -mx-px my-[-0.2rem] rounded px-px py-[0.2rem] transition-colors duration-100 ease-in-out\">Suave (BLUMOTION integrado en la cazoleta)<\/span><\/p>\n<\/li>\n<li class=\"\" data-start=\"274\" data-end=\"328\">\n<p class=\"\" data-start=\"276\" data-end=\"328\"><strong data-start=\"276\" data-end=\"288\">Montaje:<\/strong> <span class=\"relative -mx-px my-[-0.2rem] rounded px-px py-[0.2rem] transition-colors duration-100 ease-in-out\">Atornillado (screw-on)<\/span><\/p>\n<\/li>\n<li class=\"\" data-start=\"329\" data-end=\"386\">\n<p class=\"\" data-start=\"331\" data-end=\"386\"><strong data-start=\"331\" data-end=\"346\">Aplicaci\u00f3n:<\/strong> <span class=\"relative -mx-px my-[-0.2rem] rounded px-px py-[0.2rem] transition-colors duration-100 ease-in-out\">Superposici\u00f3n total (full overlay)<\/span><\/p>\n<\/li>\n<li class=\"\" data-start=\"387\" data-end=\"461\">\n<p class=\"\" data-start=\"389\" data-end=\"461\"><strong data-start=\"389\" data-end=\"421\">Espesor m\u00e1ximo de la puerta:<\/strong> <span class=\"relative -mx-px my-[-0.2rem] rounded px-px py-[0.2rem] transition-colors duration-100 ease-in-out\">26\u202fmm<\/span><\/p>\n<\/li>\n<li class=\"\" data-start=\"462\" data-end=\"532\">\n<p class=\"\" data-start=\"464\" data-end=\"532\"><strong data-start=\"464\" data-end=\"492\">Di\u00e1metro de la cazoleta:<\/strong> <span class=\"relative -mx-px my-[-0.2rem] rounded px-px py-[0.2rem] transition-colors duration-100 ease-in-out\">35\u202fmm<\/span><\/p>\n<\/li>\n<li class=\"\" data-start=\"533\" data-end=\"606\">\n<p class=\"\" data-start=\"535\" data-end=\"606\"><strong data-start=\"535\" data-end=\"566\">Profundidad de la cazoleta:<\/strong> <span class=\"relative -mx-px my-[-0.2rem] rounded px-px py-[0.2rem] transition-colors duration-100 ease-in-out\">13\u202fmm<\/span><\/p>\n<\/li>\n<li class=\"\" data-start=\"607\" data-end=\"662\">\n<p class=\"\" data-start=\"609\" data-end=\"662\"><strong data-start=\"609\" data-end=\"622\">Material:<\/strong> <span class=\"relative -mx-px my-[-0.2rem] rounded px-px py-[0.2rem] transition-colors duration-100 ease-in-out\">Acero con acabado niquelado<\/span><\/p>\n<\/li>\n<li class=\"\" data-start=\"663\" data-end=\"734\">\n<p class=\"\" data-start=\"665\" data-end=\"734\"><strong data-start=\"665\" data-end=\"694\">Ajustes tridimensionales:<\/strong> <span class=\"relative -mx-px my-[-0.2rem] rounded px-px py-[0.2rem] transition-colors duration-100 ease-in-out\">S\u00ed, permite ajustes en altura, lateralidad y profundidad<\/span><\/p>\n<\/li>\n<li class=\"\" data-start=\"735\" data-end=\"835\">\n<p class=\"\" data-start=\"737\" data-end=\"835\"><strong data-start=\"737\" data-end=\"756\">Compatibilidad:<\/strong> <span class=\"relative -mx-px my-[-0.2rem] rounded px-px py-[0.2rem] transition-colors duration-100 ease-in-out\">Adecuada para puertas con espesor de 15\u202fmm en adelante<\/span><\/p>\n<\/li>\n<\/ul>\n<p>Esta bisagra es ideal para aplicaciones en gabinetes con superposici\u00f3n total, ofreciendo un cierre autom\u00e1tico y una instalaci\u00f3n sencilla mediante inserci\u00f3n a presi\u00f3n.<\/p>\n<p><strong>\u00a0<\/strong><\/p>\n","protected":false},"featured_media":30538,"comment_status":"open","ping_status":"closed","template":"","meta":[],"product_brand":[],"product_cat":[111],"product_tag":[],"class_list":{"0":"post-30506","1":"product","2":"type-product","3":"status-publish","4":"has-post-thumbnail","6":"product_cat-bisagras-blum","8":"first","9":"instock","10":"virtual","11":"product-type-simple"},"_links":{"self":[{"href":"https:\/\/gavilanchi.amarilio.net\/en\/wp-json\/wp\/v2\/product\/30506","targetHints":{"allow":["GET"]}}],"collection":[{"href":"https:\/\/gavilanchi.amarilio.net\/en\/wp-json\/wp\/v2\/product"}],"about":[{"href":"https:\/\/gavilanchi.amarilio.net\/en\/wp-json\/wp\/v2\/types\/product"}],"replies":[{"embeddable":true,"href":"https:\/\/gavilanchi.amarilio.net\/en\/wp-json\/wp\/v2\/comments?post=30506"}],"version-history":[{"count":1,"href":"https:\/\/gavilanchi.amarilio.net\/en\/wp-json\/wp\/v2\/product\/30506\/revisions"}],"predecessor-version":[{"id":30539,"href":"https:\/\/gavilanchi.amarilio.net\/en\/wp-json\/wp\/v2\/product\/30506\/revisions\/30539"}],"wp:featuredmedia":[{"embeddable":true,"href":"https:\/\/gavilanchi.amarilio.net\/en\/wp-json\/wp\/v2\/media\/30538"}],"wp:attachment":[{"href":"https:\/\/gavilanchi.amarilio.net\/en\/wp-json\/wp\/v2\/media?parent=30506"}],"wp:term":[{"taxonomy":"product_brand","embeddable":true,"href":"https:\/\/gavilanchi.amarilio.net\/en\/wp-json\/wp\/v2\/product_brand?post=30506"},{"taxonomy":"product_cat","embeddable":true,"href":"https:\/\/gavilanchi.amarilio.net\/en\/wp-json\/wp\/v2\/product_cat?post=30506"},{"taxonomy":"product_tag","embeddable":true,"href":"https:\/\/gavilanchi.amarilio.net\/en\/wp-json\/wp\/v2\/product_tag?post=30506"}],"curies":[{"name":"wp","href":"https:\/\/api.w.org\/{rel}","templated":true}]}}