{"id":30592,"date":"2026-03-23T04:11:20","date_gmt":"2026-03-23T04:11:20","guid":{"rendered":"https:\/\/gavilanchi.amarilio.net\/?post_type=product&#038;p=30592"},"modified":"2026-03-23T04:11:24","modified_gmt":"2026-03-23T04:11:24","slug":"movento-21-total-125lb","status":"publish","type":"product","link":"https:\/\/gavilanchi.amarilio.net\/en\/product\/movento-21-total-125lb\/","title":{"rendered":"MOVENTO 21&#8243;  TOTAL 125LB"},"content":{"rendered":"","protected":false},"excerpt":{"rendered":"<ul>\n<li class=\"\" data-start=\"149\" data-end=\"285\">\n<p class=\"\" data-start=\"151\" data-end=\"285\"><strong data-start=\"151\" data-end=\"164\">Longitud:<\/strong> 21\u2033 (533 mm) de recorrido interno, extensi\u00f3n total para acceso completo al caj\u00f3n<\/p>\n<\/li>\n<li class=\"\" data-start=\"286\" data-end=\"439\">\n<p class=\"\" data-start=\"288\" data-end=\"439\"><strong data-start=\"288\" data-end=\"320\">Capacidad de carga est\u00e1tica:<\/strong> 125 lb (\u2248 57 kg), adecuada para uso residencial y mobiliario de demanda normal<\/p>\n<\/li>\n<li class=\"\" data-start=\"440\" data-end=\"590\">\n<p class=\"\" data-start=\"442\" data-end=\"590\"><strong data-start=\"442\" data-end=\"459\">Cierre suave:<\/strong> tecnolog\u00eda <strong data-start=\"471\" data-end=\"484\">BLUMOTION<\/strong> integrada, que amortigua y silencia el cierre de forma controlada<\/p>\n<\/li>\n<li data-start=\"440\" data-end=\"590\"><strong data-start=\"1037\" data-end=\"1071\">Espesor de laterales de caj\u00f3n:<\/strong> de \u00bd\u2033 (13 mm) a \u215d\u2033 (16 mm)<\/li>\n<\/ul>\n<p>Estas gu\u00edas MOVENTO 763 combinan resistencia, suavidad y ajustes precisos, siendo una soluci\u00f3n vers\u00e1til tanto para cocinas residenciales como para mobiliario profesional.<\/p>","protected":false},"featured_media":30623,"comment_status":"open","ping_status":"closed","template":"","meta":[],"product_brand":[],"product_cat":[113],"product_tag":[],"class_list":{"0":"post-30592","1":"product","2":"type-product","3":"status-publish","4":"has-post-thumbnail","6":"product_cat-correderas-blum","8":"first","9":"instock","10":"virtual","11":"product-type-simple"},"_links":{"self":[{"href":"https:\/\/gavilanchi.amarilio.net\/en\/wp-json\/wp\/v2\/product\/30592","targetHints":{"allow":["GET"]}}],"collection":[{"href":"https:\/\/gavilanchi.amarilio.net\/en\/wp-json\/wp\/v2\/product"}],"about":[{"href":"https:\/\/gavilanchi.amarilio.net\/en\/wp-json\/wp\/v2\/types\/product"}],"replies":[{"embeddable":true,"href":"https:\/\/gavilanchi.amarilio.net\/en\/wp-json\/wp\/v2\/comments?post=30592"}],"version-history":[{"count":1,"href":"https:\/\/gavilanchi.amarilio.net\/en\/wp-json\/wp\/v2\/product\/30592\/revisions"}],"predecessor-version":[{"id":30624,"href":"https:\/\/gavilanchi.amarilio.net\/en\/wp-json\/wp\/v2\/product\/30592\/revisions\/30624"}],"wp:featuredmedia":[{"embeddable":true,"href":"https:\/\/gavilanchi.amarilio.net\/en\/wp-json\/wp\/v2\/media\/30623"}],"wp:attachment":[{"href":"https:\/\/gavilanchi.amarilio.net\/en\/wp-json\/wp\/v2\/media?parent=30592"}],"wp:term":[{"taxonomy":"product_brand","embeddable":true,"href":"https:\/\/gavilanchi.amarilio.net\/en\/wp-json\/wp\/v2\/product_brand?post=30592"},{"taxonomy":"product_cat","embeddable":true,"href":"https:\/\/gavilanchi.amarilio.net\/en\/wp-json\/wp\/v2\/product_cat?post=30592"},{"taxonomy":"product_tag","embeddable":true,"href":"https:\/\/gavilanchi.amarilio.net\/en\/wp-json\/wp\/v2\/product_tag?post=30592"}],"curies":[{"name":"wp","href":"https:\/\/api.w.org\/{rel}","templated":true}]}}