{"id":30593,"date":"2026-03-23T04:11:20","date_gmt":"2026-03-23T04:11:20","guid":{"rendered":"https:\/\/gavilanchi.amarilio.net\/?post_type=product&#038;p=30593"},"modified":"2026-04-30T05:47:49","modified_gmt":"2026-04-30T05:47:49","slug":"b554-tandem-edge-229-mm","status":"publish","type":"product","link":"https:\/\/gavilanchi.amarilio.net\/en\/product\/b554-tandem-edge-229-mm\/","title":{"rendered":"B554 TANDEM EDGE 229 MM"},"content":{"rendered":"","protected":false},"excerpt":{"rendered":"<p><strong>B554H2290B1<\/strong><\/p>\n<ul>\n<li class=\"\" data-start=\"78\" data-end=\"132\">\n<p class=\"\" data-start=\"80\" data-end=\"132\"><strong data-start=\"80\" data-end=\"94\">Extensi\u00f3n:<\/strong> <span class=\"relative -mx-px my-[-0.2rem] rounded px-px py-[0.2rem] transition-colors duration-100 ease-in-out\">7\/8 del recorrido total, permitiendo un acceso amplio al contenido del caj\u00f3n.<\/span><\/p>\n<\/li>\n<li class=\"\" data-start=\"133\" data-end=\"196\">\n<p class=\"\" data-start=\"135\" data-end=\"196\"><strong data-start=\"135\" data-end=\"158\">Capacidad de carga:<\/strong> <span class=\"relative -mx-px my-[-0.2rem] rounded px-px py-[0.2rem] transition-colors duration-100 ease-in-out\">Hasta 100 lb (\u2248 45 kg) en carga est\u00e1tica y 75 lb (\u2248 34 kg) en carga din\u00e1mica.<\/span><\/p>\n<\/li>\n<li class=\"\" data-start=\"197\" data-end=\"256\">\n<p class=\"\" data-start=\"199\" data-end=\"256\"><strong data-start=\"199\" data-end=\"216\">Cierre suave:<\/strong> <span class=\"relative -mx-px my-[-0.2rem] rounded px-px py-[0.2rem] transition-colors duration-100 ease-in-out\">Incorpora la tecnolog\u00eda <strong data-start=\"24\" data-end=\"37\">BLUMOTION<\/strong>, que garantiza un cierre silencioso y controlado.<\/span><\/p>\n<\/li>\n<li class=\"\" data-start=\"257\" data-end=\"311\">\n<p class=\"\" data-start=\"259\" data-end=\"311\"><strong data-start=\"259\" data-end=\"271\">Montaje:<\/strong> <span class=\"relative -mx-px my-[-0.2rem] rounded px-px py-[0.2rem] transition-colors duration-100 ease-in-out\">Tipo undermount (oculta bajo el caj\u00f3n), compatible con gabinetes con o sin marco frontal.<\/span><\/p>\n<\/li>\n<li class=\"\" data-start=\"312\" data-end=\"389\">\n<p class=\"\" data-start=\"314\" data-end=\"389\"><strong data-start=\"314\" data-end=\"349\">Espesor del material del caj\u00f3n:<\/strong> <span class=\"relative -mx-px my-[-0.2rem] rounded px-px py-[0.2rem] transition-colors duration-100 ease-in-out\">Adecuado para laterales de caj\u00f3n de \u00bd\u2033 a \u215d\u2033 (13\u201316 mm).<\/span><\/p>\n<\/li>\n<li class=\"\" data-start=\"390\" data-end=\"445\">\n<p class=\"\" data-start=\"392\" data-end=\"445\"><strong data-start=\"392\" data-end=\"405\">Material:<\/strong> <span class=\"relative -mx-px my-[-0.2rem] rounded px-px py-[0.2rem] transition-colors duration-100 ease-in-out\">Fabricada en acero con acabado zincado para mayor durabilidad.<\/span><\/p>\n<\/li>\n<li class=\"\" data-start=\"446\" data-end=\"543\">\n<p class=\"\" data-start=\"448\" data-end=\"543\"><strong data-start=\"448\" data-end=\"464\">Instalaci\u00f3n:<\/strong> <span class=\"relative -mx-px my-[-0.2rem] rounded px-px py-[0.2rem] transition-colors duration-100 ease-in-out\">Requiere dispositivos de bloqueo frontales (se venden por separado) para facilitar la inserci\u00f3n y extracci\u00f3n del caj\u00f3n.<\/span><\/p>\n<\/li>\n<\/ul>\n<p>&nbsp;<\/p>\n","protected":false},"featured_media":30625,"comment_status":"open","ping_status":"closed","template":"","meta":[],"product_brand":[120],"product_cat":[113],"product_tag":[],"class_list":{"0":"post-30593","1":"product","2":"type-product","3":"status-publish","4":"has-post-thumbnail","6":"product_brand-blum","7":"product_cat-correderas-blum","9":"first","10":"instock","11":"virtual","12":"purchasable","13":"product-type-simple"},"_links":{"self":[{"href":"https:\/\/gavilanchi.amarilio.net\/en\/wp-json\/wp\/v2\/product\/30593","targetHints":{"allow":["GET"]}}],"collection":[{"href":"https:\/\/gavilanchi.amarilio.net\/en\/wp-json\/wp\/v2\/product"}],"about":[{"href":"https:\/\/gavilanchi.amarilio.net\/en\/wp-json\/wp\/v2\/types\/product"}],"replies":[{"embeddable":true,"href":"https:\/\/gavilanchi.amarilio.net\/en\/wp-json\/wp\/v2\/comments?post=30593"}],"version-history":[{"count":1,"href":"https:\/\/gavilanchi.amarilio.net\/en\/wp-json\/wp\/v2\/product\/30593\/revisions"}],"predecessor-version":[{"id":30626,"href":"https:\/\/gavilanchi.amarilio.net\/en\/wp-json\/wp\/v2\/product\/30593\/revisions\/30626"}],"wp:featuredmedia":[{"embeddable":true,"href":"https:\/\/gavilanchi.amarilio.net\/en\/wp-json\/wp\/v2\/media\/30625"}],"wp:attachment":[{"href":"https:\/\/gavilanchi.amarilio.net\/en\/wp-json\/wp\/v2\/media?parent=30593"}],"wp:term":[{"taxonomy":"product_brand","embeddable":true,"href":"https:\/\/gavilanchi.amarilio.net\/en\/wp-json\/wp\/v2\/product_brand?post=30593"},{"taxonomy":"product_cat","embeddable":true,"href":"https:\/\/gavilanchi.amarilio.net\/en\/wp-json\/wp\/v2\/product_cat?post=30593"},{"taxonomy":"product_tag","embeddable":true,"href":"https:\/\/gavilanchi.amarilio.net\/en\/wp-json\/wp\/v2\/product_tag?post=30593"}],"curies":[{"name":"wp","href":"https:\/\/api.w.org\/{rel}","templated":true}]}}