{"id":30594,"date":"2026-03-23T04:11:20","date_gmt":"2026-03-23T04:11:20","guid":{"rendered":"https:\/\/gavilanchi.amarilio.net\/?post_type=product&#038;p=30594"},"modified":"2026-04-30T05:47:49","modified_gmt":"2026-04-30T05:47:49","slug":"b554-tandem-edge-305-mm","status":"publish","type":"product","link":"https:\/\/gavilanchi.amarilio.net\/en\/product\/b554-tandem-edge-305-mm\/","title":{"rendered":"B554 TANDEM EDGE 305 MM"},"content":{"rendered":"","protected":false},"excerpt":{"rendered":"<p><strong>B554H3050B1<\/strong><\/p>\n<ul>\n<li class=\"\" data-start=\"110\" data-end=\"164\">\n<p class=\"\" data-start=\"112\" data-end=\"164\"><strong data-start=\"112\" data-end=\"126\">Extensi\u00f3n:<\/strong> <span class=\"relative -mx-px my-[-0.2rem] rounded px-px py-[0.2rem] transition-colors duration-100 ease-in-out\">7\/8 del recorrido total, permitiendo un acceso amplio al contenido del caj\u00f3n.<\/span><\/p>\n<\/li>\n<li class=\"\" data-start=\"165\" data-end=\"304\">\n<p class=\"\" data-start=\"167\" data-end=\"190\"><strong data-start=\"167\" data-end=\"190\">Capacidad de carga:<\/strong><\/p>\n<ul data-start=\"193\" data-end=\"304\">\n<li class=\"\" data-start=\"193\" data-end=\"246\">\n<p class=\"\" data-start=\"195\" data-end=\"246\"><strong data-start=\"195\" data-end=\"208\">Est\u00e1tica:<\/strong> <span class=\"relative -mx-px my-[-0.2rem] rounded px-px py-[0.2rem] transition-colors duration-100 ease-in-out\">Hasta 100 lb (\u2248 45 kg).<\/span><\/p>\n<\/li>\n<li class=\"\" data-start=\"249\" data-end=\"304\">\n<p class=\"\" data-start=\"251\" data-end=\"304\"><strong data-start=\"251\" data-end=\"264\">Din\u00e1mica:<\/strong> <span class=\"relative -mx-px my-[-0.2rem] rounded px-px py-[0.2rem] transition-colors duration-100 ease-in-out\">Hasta 75 lb (\u2248 34 kg).<\/span><\/p>\n<\/li>\n<\/ul>\n<\/li>\n<li class=\"\" data-start=\"305\" data-end=\"364\">\n<p class=\"\" data-start=\"307\" data-end=\"364\"><strong data-start=\"307\" data-end=\"324\">Cierre suave:<\/strong> <span class=\"relative -mx-px my-[-0.2rem] rounded px-px py-[0.2rem] transition-colors duration-100 ease-in-out\">Incorpora la tecnolog\u00eda <strong data-start=\"24\" data-end=\"37\">BLUMOTION<\/strong>, que garantiza un cierre silencioso y controlado.<\/span><\/p>\n<\/li>\n<li class=\"\" data-start=\"365\" data-end=\"419\">\n<p class=\"\" data-start=\"367\" data-end=\"419\"><strong data-start=\"367\" data-end=\"379\">Montaje:<\/strong> <span class=\"relative -mx-px my-[-0.2rem] rounded px-px py-[0.2rem] transition-colors duration-100 ease-in-out\">Tipo undermount (oculta bajo el caj\u00f3n), compatible con gabinetes con o sin marco frontal.<\/span><\/p>\n<\/li>\n<li class=\"\" data-start=\"420\" data-end=\"497\">\n<p class=\"\" data-start=\"422\" data-end=\"497\"><strong data-start=\"422\" data-end=\"457\">Espesor del material del caj\u00f3n:<\/strong> <span class=\"relative -mx-px my-[-0.2rem] rounded px-px py-[0.2rem] transition-colors duration-100 ease-in-out\">Adecuado para laterales de caj\u00f3n de \u00bd\u2033 a \u215d\u2033 (13\u201316 mm).<\/span><\/p>\n<\/li>\n<li class=\"\" data-start=\"498\" data-end=\"553\">\n<p class=\"\" data-start=\"500\" data-end=\"553\"><strong data-start=\"500\" data-end=\"513\">Material:<\/strong> <span class=\"relative -mx-px my-[-0.2rem] rounded px-px py-[0.2rem] transition-colors duration-100 ease-in-out\">Fabricada en acero con acabado zincado para mayor durabilidad.<\/span><\/p>\n<\/li>\n<li class=\"\" data-start=\"554\" data-end=\"651\">\n<p class=\"\" data-start=\"556\" data-end=\"651\"><strong data-start=\"556\" data-end=\"572\">Instalaci\u00f3n:<\/strong> <span class=\"relative -mx-px my-[-0.2rem] rounded px-px py-[0.2rem] transition-colors duration-100 ease-in-out\">Requiere dispositivos de bloqueo frontales (se venden por separado) para facilitar la inserci\u00f3n y extracci\u00f3n del caj\u00f3n.<\/span><\/p>\n<\/li>\n<\/ul>\n","protected":false},"featured_media":30627,"comment_status":"open","ping_status":"closed","template":"","meta":[],"product_brand":[120],"product_cat":[113],"product_tag":[],"class_list":{"0":"post-30594","1":"product","2":"type-product","3":"status-publish","4":"has-post-thumbnail","6":"product_brand-blum","7":"product_cat-correderas-blum","9":"first","10":"instock","11":"virtual","12":"purchasable","13":"product-type-simple"},"_links":{"self":[{"href":"https:\/\/gavilanchi.amarilio.net\/en\/wp-json\/wp\/v2\/product\/30594","targetHints":{"allow":["GET"]}}],"collection":[{"href":"https:\/\/gavilanchi.amarilio.net\/en\/wp-json\/wp\/v2\/product"}],"about":[{"href":"https:\/\/gavilanchi.amarilio.net\/en\/wp-json\/wp\/v2\/types\/product"}],"replies":[{"embeddable":true,"href":"https:\/\/gavilanchi.amarilio.net\/en\/wp-json\/wp\/v2\/comments?post=30594"}],"version-history":[{"count":1,"href":"https:\/\/gavilanchi.amarilio.net\/en\/wp-json\/wp\/v2\/product\/30594\/revisions"}],"predecessor-version":[{"id":30628,"href":"https:\/\/gavilanchi.amarilio.net\/en\/wp-json\/wp\/v2\/product\/30594\/revisions\/30628"}],"wp:featuredmedia":[{"embeddable":true,"href":"https:\/\/gavilanchi.amarilio.net\/en\/wp-json\/wp\/v2\/media\/30627"}],"wp:attachment":[{"href":"https:\/\/gavilanchi.amarilio.net\/en\/wp-json\/wp\/v2\/media?parent=30594"}],"wp:term":[{"taxonomy":"product_brand","embeddable":true,"href":"https:\/\/gavilanchi.amarilio.net\/en\/wp-json\/wp\/v2\/product_brand?post=30594"},{"taxonomy":"product_cat","embeddable":true,"href":"https:\/\/gavilanchi.amarilio.net\/en\/wp-json\/wp\/v2\/product_cat?post=30594"},{"taxonomy":"product_tag","embeddable":true,"href":"https:\/\/gavilanchi.amarilio.net\/en\/wp-json\/wp\/v2\/product_tag?post=30594"}],"curies":[{"name":"wp","href":"https:\/\/api.w.org\/{rel}","templated":true}]}}