{"id":30596,"date":"2026-03-23T04:11:20","date_gmt":"2026-03-23T04:11:20","guid":{"rendered":"https:\/\/gavilanchi.amarilio.net\/?post_type=product&#038;p=30596"},"modified":"2026-04-30T05:47:49","modified_gmt":"2026-04-30T05:47:49","slug":"b563-tandem-plus-305-mm","status":"publish","type":"product","link":"https:\/\/gavilanchi.amarilio.net\/en\/product\/b563-tandem-plus-305-mm\/","title":{"rendered":"B563 TANDEM PLUS 305 MM"},"content":{"rendered":"","protected":false},"excerpt":{"rendered":"<p class=\"\" data-start=\"112\" data-end=\"164\"><strong data-start=\"112\" data-end=\"126\">B563H3050B<\/strong><\/p>\n<p data-start=\"112\" data-end=\"164\"><strong data-start=\"64\" data-end=\"94\">TANDEM plus BLUMOTION 563H<\/strong> de <strong data-start=\"98\" data-end=\"114\">12\u2033 (305 mm)<\/strong>, dise\u00f1ada para ofrecer un deslizamiento suave y silencioso en aplicaciones de carpinter\u00eda y mobiliario<\/p>\n<ul>\n<li class=\"\" data-start=\"110\" data-end=\"164\">\n<p class=\"\" data-start=\"112\" data-end=\"164\"><strong data-start=\"112\" data-end=\"126\">Extensi\u00f3n:<\/strong> <span class=\"relative -mx-px my-[-0.2rem] rounded px-px py-[0.2rem] transition-colors duration-100 ease-in-out\">Total, permitiendo acceso completo al contenido del caj\u00f3n.<\/span><\/p>\n<\/li>\n<li class=\"\" data-start=\"165\" data-end=\"228\">\n<p class=\"\" data-start=\"167\" data-end=\"228\"><strong data-start=\"167\" data-end=\"190\">Capacidad de carga:<\/strong> <span class=\"relative -mx-px my-[-0.2rem] rounded px-px py-[0.2rem] transition-colors duration-100 ease-in-out\">Hasta 100 lb (\u2248 45 kg) en carga est\u00e1tica.<\/span><\/p>\n<\/li>\n<li class=\"\" data-start=\"229\" data-end=\"288\">\n<p class=\"\" data-start=\"231\" data-end=\"288\"><strong data-start=\"231\" data-end=\"248\">Cierre suave:<\/strong> <span class=\"relative -mx-px my-[-0.2rem] rounded px-px py-[0.2rem] transition-colors duration-100 ease-in-out\">Incorpora la tecnolog\u00eda <strong data-start=\"24\" data-end=\"37\">BLUMOTION<\/strong>, que garantiza un cierre silencioso y controlado.<\/span><\/p>\n<\/li>\n<li class=\"\" data-start=\"289\" data-end=\"343\">\n<p class=\"\" data-start=\"291\" data-end=\"343\"><strong data-start=\"291\" data-end=\"303\">Montaje:<\/strong> <span class=\"relative -mx-px my-[-0.2rem] rounded px-px py-[0.2rem] transition-colors duration-100 ease-in-out\">Tipo undermount (oculta bajo el caj\u00f3n), compatible con gabinetes con o sin marco frontal.<\/span><\/p>\n<\/li>\n<li class=\"\" data-start=\"344\" data-end=\"421\">\n<p class=\"\" data-start=\"346\" data-end=\"421\"><strong data-start=\"346\" data-end=\"381\">Espesor del material del caj\u00f3n:<\/strong> <span class=\"relative -mx-px my-[-0.2rem] rounded px-px py-[0.2rem] transition-colors duration-100 ease-in-out\">Adecuado para laterales de caj\u00f3n de \u00bd\u2033 a \u215d\u2033 (13\u201316 mm).<\/span><\/p>\n<\/li>\n<li class=\"\" data-start=\"422\" data-end=\"496\">\n<p class=\"\" data-start=\"424\" data-end=\"496\"><strong data-start=\"424\" data-end=\"456\">Ajustes 4D sin herramientas:<\/strong> <span class=\"relative -mx-px my-[-0.2rem] rounded px-px py-[0.2rem] transition-colors duration-100 ease-in-out\">Permite ajustes en altura, lateral, inclinaci\u00f3n y profundidad para una alineaci\u00f3n precisa del frente del caj\u00f3n.<\/span><\/p>\n<\/li>\n<li class=\"\" data-start=\"497\" data-end=\"552\">\n<p class=\"\" data-start=\"499\" data-end=\"552\"><strong data-start=\"499\" data-end=\"512\">Material:<\/strong> <span class=\"relative -mx-px my-[-0.2rem] rounded px-px py-[0.2rem] transition-colors duration-100 ease-in-out\">Fabricada en acero con acabado zincado para mayor durabilidad.<\/span><\/p>\n<\/li>\n<li class=\"\" data-start=\"553\" data-end=\"650\">\n<p class=\"\" data-start=\"555\" data-end=\"650\"><strong data-start=\"555\" data-end=\"571\">Instalaci\u00f3n:<\/strong> <span class=\"relative -mx-px my-[-0.2rem] rounded px-px py-[0.2rem] transition-colors duration-100 ease-in-out\">Requiere dispositivos de bloqueo frontales (se venden por separado) para facilitar la inserci\u00f3n y extracci\u00f3n del caj\u00f3n.<\/span><\/p>\n<\/li>\n<\/ul>\n<p>&nbsp;<\/p>\n","protected":false},"featured_media":30631,"comment_status":"open","ping_status":"closed","template":"","meta":[],"product_brand":[120],"product_cat":[113],"product_tag":[],"class_list":{"0":"post-30596","1":"product","2":"type-product","3":"status-publish","4":"has-post-thumbnail","6":"product_brand-blum","7":"product_cat-correderas-blum","9":"first","10":"instock","11":"virtual","12":"purchasable","13":"product-type-simple"},"_links":{"self":[{"href":"https:\/\/gavilanchi.amarilio.net\/en\/wp-json\/wp\/v2\/product\/30596","targetHints":{"allow":["GET"]}}],"collection":[{"href":"https:\/\/gavilanchi.amarilio.net\/en\/wp-json\/wp\/v2\/product"}],"about":[{"href":"https:\/\/gavilanchi.amarilio.net\/en\/wp-json\/wp\/v2\/types\/product"}],"replies":[{"embeddable":true,"href":"https:\/\/gavilanchi.amarilio.net\/en\/wp-json\/wp\/v2\/comments?post=30596"}],"version-history":[{"count":1,"href":"https:\/\/gavilanchi.amarilio.net\/en\/wp-json\/wp\/v2\/product\/30596\/revisions"}],"predecessor-version":[{"id":30632,"href":"https:\/\/gavilanchi.amarilio.net\/en\/wp-json\/wp\/v2\/product\/30596\/revisions\/30632"}],"wp:featuredmedia":[{"embeddable":true,"href":"https:\/\/gavilanchi.amarilio.net\/en\/wp-json\/wp\/v2\/media\/30631"}],"wp:attachment":[{"href":"https:\/\/gavilanchi.amarilio.net\/en\/wp-json\/wp\/v2\/media?parent=30596"}],"wp:term":[{"taxonomy":"product_brand","embeddable":true,"href":"https:\/\/gavilanchi.amarilio.net\/en\/wp-json\/wp\/v2\/product_brand?post=30596"},{"taxonomy":"product_cat","embeddable":true,"href":"https:\/\/gavilanchi.amarilio.net\/en\/wp-json\/wp\/v2\/product_cat?post=30596"},{"taxonomy":"product_tag","embeddable":true,"href":"https:\/\/gavilanchi.amarilio.net\/en\/wp-json\/wp\/v2\/product_tag?post=30596"}],"curies":[{"name":"wp","href":"https:\/\/api.w.org\/{rel}","templated":true}]}}