{"id":30599,"date":"2026-03-23T04:11:20","date_gmt":"2026-03-23T04:11:20","guid":{"rendered":"https:\/\/gavilanchi.amarilio.net\/?post_type=product&#038;p=30599"},"modified":"2026-03-23T04:11:27","modified_gmt":"2026-03-23T04:11:27","slug":"edge-21-exten-7-8-100lb","status":"publish","type":"product","link":"https:\/\/gavilanchi.amarilio.net\/en\/product\/edge-21-exten-7-8-100lb\/","title":{"rendered":"EDGE 21&#8243; EXTEN 7\/8 100LB"},"content":{"rendered":"","protected":false},"excerpt":{"rendered":"<p><strong data-start=\"10\" data-end=\"25\">B554H5330B1<\/strong><\/p>\n<ul>\n<li class=\"\" data-start=\"112\" data-end=\"166\">\n<p class=\"\" data-start=\"114\" data-end=\"166\"><strong data-start=\"114\" data-end=\"128\">Extensi\u00f3n:<\/strong> <span class=\"relative -mx-px my-[-0.2rem] rounded px-px py-[0.2rem] transition-colors duration-100 ease-in-out\">7\/8 del recorrido total, permitiendo un acceso amplio al contenido del caj\u00f3n.<\/span><\/p>\n<\/li>\n<li class=\"\" data-start=\"167\" data-end=\"306\">\n<p class=\"\" data-start=\"169\" data-end=\"192\"><strong data-start=\"169\" data-end=\"192\">Capacidad de carga:<\/strong><\/p>\n<ul data-start=\"195\" data-end=\"306\">\n<li class=\"\" data-start=\"195\" data-end=\"248\">\n<p class=\"\" data-start=\"197\" data-end=\"248\"><strong data-start=\"197\" data-end=\"210\">Est\u00e1tica:<\/strong> <span class=\"relative -mx-px my-[-0.2rem] rounded px-px py-[0.2rem] transition-colors duration-100 ease-in-out\">Hasta 100 lb (\u2248 45 kg).<\/span><\/p>\n<\/li>\n<li class=\"\" data-start=\"251\" data-end=\"306\">\n<p class=\"\" data-start=\"253\" data-end=\"306\"><strong data-start=\"253\" data-end=\"266\">Din\u00e1mica:<\/strong> <span class=\"relative -mx-px my-[-0.2rem] rounded px-px py-[0.2rem] transition-colors duration-100 ease-in-out\">Hasta 75 lb (\u2248 34 kg).<\/span><\/p>\n<\/li>\n<\/ul>\n<\/li>\n<li class=\"\" data-start=\"307\" data-end=\"366\">\n<p class=\"\" data-start=\"309\" data-end=\"366\"><strong data-start=\"309\" data-end=\"326\">Cierre suave:<\/strong> <span class=\"relative -mx-px my-[-0.2rem] rounded px-px py-[0.2rem] transition-colors duration-100 ease-in-out\">Incorpora la tecnolog\u00eda <strong data-start=\"24\" data-end=\"37\">BLUMOTION<\/strong>, que garantiza un cierre silencioso y controlado.<\/span><\/p>\n<\/li>\n<li class=\"\" data-start=\"367\" data-end=\"421\">\n<p class=\"\" data-start=\"369\" data-end=\"421\"><strong data-start=\"369\" data-end=\"381\">Montaje:<\/strong> <span class=\"relative -mx-px my-[-0.2rem] rounded px-px py-[0.2rem] transition-colors duration-100 ease-in-out\">Tipo undermount (oculta bajo el caj\u00f3n), compatible con gabinetes con o sin marco frontal.<\/span><\/p>\n<\/li>\n<li class=\"\" data-start=\"422\" data-end=\"499\">\n<p class=\"\" data-start=\"424\" data-end=\"499\"><strong data-start=\"424\" data-end=\"459\">Espesor del material del caj\u00f3n:<\/strong> <span class=\"relative -mx-px my-[-0.2rem] rounded px-px py-[0.2rem] transition-colors duration-100 ease-in-out\">Adecuado para laterales de caj\u00f3n de \u00bd\u2033 a \u215d\u2033 (13\u201316 mm).<\/span><\/p>\n<\/li>\n<li class=\"\" data-start=\"500\" data-end=\"555\">\n<p class=\"\" data-start=\"502\" data-end=\"555\"><strong data-start=\"502\" data-end=\"515\">Material:<\/strong> <span class=\"relative -mx-px my-[-0.2rem] rounded px-px py-[0.2rem] transition-colors duration-100 ease-in-out\">Fabricada en acero con acabado zincado para mayor durabilidad.<\/span><\/p>\n<\/li>\n<li class=\"\" data-start=\"556\" data-end=\"653\">\n<p class=\"\" data-start=\"558\" data-end=\"653\"><strong data-start=\"558\" data-end=\"574\">Instalaci\u00f3n:<\/strong> <span class=\"relative -mx-px my-[-0.2rem] rounded px-px py-[0.2rem] transition-colors duration-100 ease-in-out\">Requiere dispositivos de bloqueo frontales (se venden por separado) para facilitar la inserci\u00f3n y extracci\u00f3n del caj\u00f3n.<\/span><\/p>\n<\/li>\n<\/ul>\n","protected":false},"featured_media":30637,"comment_status":"open","ping_status":"closed","template":"","meta":[],"product_brand":[],"product_cat":[113],"product_tag":[],"class_list":{"0":"post-30599","1":"product","2":"type-product","3":"status-publish","4":"has-post-thumbnail","6":"product_cat-correderas-blum","8":"first","9":"instock","10":"virtual","11":"product-type-simple"},"_links":{"self":[{"href":"https:\/\/gavilanchi.amarilio.net\/en\/wp-json\/wp\/v2\/product\/30599","targetHints":{"allow":["GET"]}}],"collection":[{"href":"https:\/\/gavilanchi.amarilio.net\/en\/wp-json\/wp\/v2\/product"}],"about":[{"href":"https:\/\/gavilanchi.amarilio.net\/en\/wp-json\/wp\/v2\/types\/product"}],"replies":[{"embeddable":true,"href":"https:\/\/gavilanchi.amarilio.net\/en\/wp-json\/wp\/v2\/comments?post=30599"}],"version-history":[{"count":1,"href":"https:\/\/gavilanchi.amarilio.net\/en\/wp-json\/wp\/v2\/product\/30599\/revisions"}],"predecessor-version":[{"id":30638,"href":"https:\/\/gavilanchi.amarilio.net\/en\/wp-json\/wp\/v2\/product\/30599\/revisions\/30638"}],"wp:featuredmedia":[{"embeddable":true,"href":"https:\/\/gavilanchi.amarilio.net\/en\/wp-json\/wp\/v2\/media\/30637"}],"wp:attachment":[{"href":"https:\/\/gavilanchi.amarilio.net\/en\/wp-json\/wp\/v2\/media?parent=30599"}],"wp:term":[{"taxonomy":"product_brand","embeddable":true,"href":"https:\/\/gavilanchi.amarilio.net\/en\/wp-json\/wp\/v2\/product_brand?post=30599"},{"taxonomy":"product_cat","embeddable":true,"href":"https:\/\/gavilanchi.amarilio.net\/en\/wp-json\/wp\/v2\/product_cat?post=30599"},{"taxonomy":"product_tag","embeddable":true,"href":"https:\/\/gavilanchi.amarilio.net\/en\/wp-json\/wp\/v2\/product_tag?post=30599"}],"curies":[{"name":"wp","href":"https:\/\/api.w.org\/{rel}","templated":true}]}}