{"id":30600,"date":"2026-03-23T04:11:21","date_gmt":"2026-03-23T04:11:21","guid":{"rendered":"https:\/\/gavilanchi.amarilio.net\/?post_type=product&#038;p=30600"},"modified":"2026-04-30T05:47:51","modified_gmt":"2026-04-30T05:47:51","slug":"movento-b763h-de-305-mm","status":"publish","type":"product","link":"https:\/\/gavilanchi.amarilio.net\/en\/product\/movento-b763h-de-305-mm\/","title":{"rendered":"MOVENTO B763H DE 305 MM"},"content":{"rendered":"","protected":false},"excerpt":{"rendered":"<p><strong data-start=\"10\" data-end=\"24\">B763H3050S<\/strong><\/p>\n<ul>\n<li class=\"\" data-start=\"112\" data-end=\"166\">\n<p class=\"\" data-start=\"114\" data-end=\"166\"><strong data-start=\"114\" data-end=\"128\">Extensi\u00f3n:<\/strong> <span class=\"relative -mx-px my-[-0.2rem] rounded px-px py-[0.2rem] transition-colors duration-100 ease-in-out\">Total, permitiendo acceso completo al contenido del caj\u00f3n.<\/span><\/p>\n<\/li>\n<li class=\"\" data-start=\"167\" data-end=\"230\">\n<p class=\"\" data-start=\"169\" data-end=\"230\"><strong data-start=\"169\" data-end=\"192\">Capacidad de carga:<\/strong> <span class=\"relative -mx-px my-[-0.2rem] rounded px-px py-[0.2rem] transition-colors duration-100 ease-in-out\">Hasta 125 lb (\u2248 57 kg) en carga est\u00e1tica.<\/span><\/p>\n<\/li>\n<li class=\"\" data-start=\"231\" data-end=\"290\">\n<p class=\"\" data-start=\"233\" data-end=\"290\"><strong data-start=\"233\" data-end=\"250\">Cierre suave:<\/strong> <span class=\"relative -mx-px my-[-0.2rem] rounded px-px py-[0.2rem] transition-colors duration-100 ease-in-out\">Incorpora la tecnolog\u00eda <strong data-start=\"24\" data-end=\"37\">BLUMOTION<\/strong>, que garantiza un cierre silencioso y controlado.<\/span><\/p>\n<\/li>\n<li class=\"\" data-start=\"291\" data-end=\"345\">\n<p class=\"\" data-start=\"293\" data-end=\"345\"><strong data-start=\"293\" data-end=\"305\">Montaje:<\/strong> <span class=\"relative -mx-px my-[-0.2rem] rounded px-px py-[0.2rem] transition-colors duration-100 ease-in-out\">Tipo undermount (oculta bajo el caj\u00f3n), compatible con gabinetes con o sin marco frontal.<\/span><\/p>\n<\/li>\n<li class=\"\" data-start=\"346\" data-end=\"423\">\n<p class=\"\" data-start=\"348\" data-end=\"423\"><strong data-start=\"348\" data-end=\"383\">Espesor del material del caj\u00f3n:<\/strong> <span class=\"relative -mx-px my-[-0.2rem] rounded px-px py-[0.2rem] transition-colors duration-100 ease-in-out\">Adecuado para laterales de caj\u00f3n de \u00bd\u2033 a \u215d\u2033 (13\u201316 mm).<\/span><\/p>\n<\/li>\n<li class=\"\" data-start=\"424\" data-end=\"479\">\n<p class=\"\" data-start=\"426\" data-end=\"479\"><strong data-start=\"426\" data-end=\"439\">Material:<\/strong> <span class=\"relative -mx-px my-[-0.2rem] rounded px-px py-[0.2rem] transition-colors duration-100 ease-in-out\">Fabricada en acero con acabado zincado para mayor durabilidad.<\/span><\/p>\n<\/li>\n<li class=\"\" data-start=\"480\" data-end=\"577\">\n<p class=\"\" data-start=\"482\" data-end=\"577\"><strong data-start=\"482\" data-end=\"498\">Instalaci\u00f3n:<\/strong> <span class=\"relative -mx-px my-[-0.2rem] rounded px-px py-[0.2rem] transition-colors duration-100 ease-in-out\">Requiere dispositivos de bloqueo frontales (se venden por separado) para facilitar la inserci\u00f3n y extracci\u00f3n del caj\u00f3n.<\/span><\/p>\n<\/li>\n<\/ul>\n","protected":false},"featured_media":30639,"comment_status":"open","ping_status":"closed","template":"","meta":[],"product_brand":[120],"product_cat":[113],"product_tag":[],"class_list":{"0":"post-30600","1":"product","2":"type-product","3":"status-publish","4":"has-post-thumbnail","6":"product_brand-blum","7":"product_cat-correderas-blum","9":"first","10":"instock","11":"virtual","12":"purchasable","13":"product-type-simple"},"_links":{"self":[{"href":"https:\/\/gavilanchi.amarilio.net\/en\/wp-json\/wp\/v2\/product\/30600","targetHints":{"allow":["GET"]}}],"collection":[{"href":"https:\/\/gavilanchi.amarilio.net\/en\/wp-json\/wp\/v2\/product"}],"about":[{"href":"https:\/\/gavilanchi.amarilio.net\/en\/wp-json\/wp\/v2\/types\/product"}],"replies":[{"embeddable":true,"href":"https:\/\/gavilanchi.amarilio.net\/en\/wp-json\/wp\/v2\/comments?post=30600"}],"version-history":[{"count":1,"href":"https:\/\/gavilanchi.amarilio.net\/en\/wp-json\/wp\/v2\/product\/30600\/revisions"}],"predecessor-version":[{"id":30640,"href":"https:\/\/gavilanchi.amarilio.net\/en\/wp-json\/wp\/v2\/product\/30600\/revisions\/30640"}],"wp:featuredmedia":[{"embeddable":true,"href":"https:\/\/gavilanchi.amarilio.net\/en\/wp-json\/wp\/v2\/media\/30639"}],"wp:attachment":[{"href":"https:\/\/gavilanchi.amarilio.net\/en\/wp-json\/wp\/v2\/media?parent=30600"}],"wp:term":[{"taxonomy":"product_brand","embeddable":true,"href":"https:\/\/gavilanchi.amarilio.net\/en\/wp-json\/wp\/v2\/product_brand?post=30600"},{"taxonomy":"product_cat","embeddable":true,"href":"https:\/\/gavilanchi.amarilio.net\/en\/wp-json\/wp\/v2\/product_cat?post=30600"},{"taxonomy":"product_tag","embeddable":true,"href":"https:\/\/gavilanchi.amarilio.net\/en\/wp-json\/wp\/v2\/product_tag?post=30600"}],"curies":[{"name":"wp","href":"https:\/\/api.w.org\/{rel}","templated":true}]}}