{"id":30603,"date":"2026-03-23T04:11:21","date_gmt":"2026-03-23T04:11:21","guid":{"rendered":"https:\/\/gavilanchi.amarilio.net\/?post_type=product&#038;p=30603"},"modified":"2026-04-30T05:48:04","modified_gmt":"2026-04-30T05:48:04","slug":"dispositivo-bloqueo-derecha-tandem","status":"publish","type":"product","link":"https:\/\/gavilanchi.amarilio.net\/en\/product\/dispositivo-bloqueo-derecha-tandem\/","title":{"rendered":"DISPOSITIVO BLOQUEO DERECHA TANDEM"},"content":{"rendered":"","protected":false},"excerpt":{"rendered":"<p><strong data-start=\"10\" data-end=\"27\">BT51.1700R500<\/strong><\/p>\n<p>Corresponde a un dispositivo de bloqueo para gu\u00edas de caj\u00f3n <strong data-start=\"96\" data-end=\"106\">TANDEM<\/strong> de montaje oculto (undermount), utilizado en aplicaciones de muebles con frente superpuesto (overlay).<\/p>\n<ul data-start=\"150\" data-end=\"470\">\n<li class=\"\" data-start=\"150\" data-end=\"199\">\n<p class=\"\" data-start=\"152\" data-end=\"199\"><strong data-start=\"152\" data-end=\"161\">Tipo:<\/strong> <span class=\"relative -mx-px my-[-0.2rem] rounded px-px py-[0.2rem] transition-colors duration-100 ease-in-out\">Dispositivo de bloqueo est\u00e1ndar para aplicaciones de frente superpuesto.<\/span><\/p>\n<\/li>\n<li class=\"\" data-start=\"200\" data-end=\"252\">\n<p class=\"\" data-start=\"202\" data-end=\"252\"><strong data-start=\"202\" data-end=\"214\">Montaje:<\/strong> <span class=\"relative -mx-px my-[-0.2rem] rounded px-px py-[0.2rem] transition-colors duration-100 ease-in-out\">Atornillado al lateral del caj\u00f3n.<\/span><\/p>\n<\/li>\n<li class=\"\" data-start=\"253\" data-end=\"316\">\n<p class=\"\" data-start=\"255\" data-end=\"316\"><strong data-start=\"255\" data-end=\"276\">Ajuste de altura:<\/strong> <span class=\"relative -mx-px my-[-0.2rem] rounded px-px py-[0.2rem] transition-colors duration-100 ease-in-out\">+3 mm, permitiendo una alineaci\u00f3n precisa del frente del caj\u00f3n.<\/span><\/p>\n<\/li>\n<li class=\"\" data-start=\"317\" data-end=\"378\">\n<p class=\"\" data-start=\"319\" data-end=\"378\"><strong data-start=\"319\" data-end=\"338\">Compatibilidad:<\/strong> <span class=\"relative -mx-px my-[-0.2rem] rounded px-px py-[0.2rem] transition-colors duration-100 ease-in-out\">Dise\u00f1ado para ser utilizado con gu\u00edas de caj\u00f3n <strong data-start=\"47\" data-end=\"57\">TANDEM<\/strong> de Blum.<\/span><\/p>\n<\/li>\n<li class=\"\" data-start=\"379\" data-end=\"470\">\n<p class=\"\" data-start=\"381\" data-end=\"470\"><strong data-start=\"381\" data-end=\"391\">Color:<\/strong> <span class=\"relative -mx-px my-[-0.2rem] rounded px-px py-[0.2rem] transition-colors duration-100 ease-in-out\">Naranja, facilitando su identificaci\u00f3n<\/span><\/p>\n<\/li>\n<\/ul>\n<p data-start=\"472\" data-end=\"550\"><img decoding=\"async\" src=\"https:\/\/wurthlac.com\/_next\/image?url=https%3A%2F%2Fxcart.wurthlac.com%2Fimages%2FD%2FTandem_Concealed_Runner_Locking_Devices_Installation-15.png&amp;w=2048&amp;q=75\" alt=\"Blum Tandem 552\/562\/568 Right-Hand Locking Device - Dimensions and Specifications\" \/><\/p>\n","protected":false},"featured_media":30645,"comment_status":"open","ping_status":"closed","template":"","meta":[],"product_brand":[120],"product_cat":[113],"product_tag":[],"class_list":{"0":"post-30603","1":"product","2":"type-product","3":"status-publish","4":"has-post-thumbnail","6":"product_brand-blum","7":"product_cat-correderas-blum","9":"first","10":"instock","11":"virtual","12":"purchasable","13":"product-type-simple"},"_links":{"self":[{"href":"https:\/\/gavilanchi.amarilio.net\/en\/wp-json\/wp\/v2\/product\/30603","targetHints":{"allow":["GET"]}}],"collection":[{"href":"https:\/\/gavilanchi.amarilio.net\/en\/wp-json\/wp\/v2\/product"}],"about":[{"href":"https:\/\/gavilanchi.amarilio.net\/en\/wp-json\/wp\/v2\/types\/product"}],"replies":[{"embeddable":true,"href":"https:\/\/gavilanchi.amarilio.net\/en\/wp-json\/wp\/v2\/comments?post=30603"}],"version-history":[{"count":1,"href":"https:\/\/gavilanchi.amarilio.net\/en\/wp-json\/wp\/v2\/product\/30603\/revisions"}],"predecessor-version":[{"id":30646,"href":"https:\/\/gavilanchi.amarilio.net\/en\/wp-json\/wp\/v2\/product\/30603\/revisions\/30646"}],"wp:featuredmedia":[{"embeddable":true,"href":"https:\/\/gavilanchi.amarilio.net\/en\/wp-json\/wp\/v2\/media\/30645"}],"wp:attachment":[{"href":"https:\/\/gavilanchi.amarilio.net\/en\/wp-json\/wp\/v2\/media?parent=30603"}],"wp:term":[{"taxonomy":"product_brand","embeddable":true,"href":"https:\/\/gavilanchi.amarilio.net\/en\/wp-json\/wp\/v2\/product_brand?post=30603"},{"taxonomy":"product_cat","embeddable":true,"href":"https:\/\/gavilanchi.amarilio.net\/en\/wp-json\/wp\/v2\/product_cat?post=30603"},{"taxonomy":"product_tag","embeddable":true,"href":"https:\/\/gavilanchi.amarilio.net\/en\/wp-json\/wp\/v2\/product_tag?post=30603"}],"curies":[{"name":"wp","href":"https:\/\/api.w.org\/{rel}","templated":true}]}}