{"id":30604,"date":"2026-03-23T04:11:21","date_gmt":"2026-03-23T04:11:21","guid":{"rendered":"https:\/\/gavilanchi.amarilio.net\/?post_type=product&#038;p=30604"},"modified":"2026-04-30T05:48:04","modified_gmt":"2026-04-30T05:48:04","slug":"dispositivo-bloqueo-estandar-derecha","status":"publish","type":"product","link":"https:\/\/gavilanchi.amarilio.net\/en\/product\/dispositivo-bloqueo-estandar-derecha\/","title":{"rendered":"DISPOSITIVO BLOQUEO ESTANDAR DERECHA"},"content":{"rendered":"","protected":false},"excerpt":{"rendered":"<h3 class=\"\" data-start=\"116\" data-end=\"148\"><strong data-start=\"10\" data-end=\"24\">BT51.1801R<\/strong><\/h3>\n<ul data-start=\"150\" data-end=\"539\">\n<li class=\"\" data-start=\"150\" data-end=\"209\">\n<p class=\"\" data-start=\"152\" data-end=\"209\"><strong data-start=\"152\" data-end=\"171\">Compatibilidad:<\/strong> <span class=\"relative -mx-px my-[-0.2rem] rounded px-px py-[0.2rem] transition-colors duration-100 ease-in-out\">Dise\u00f1ado para ser utilizado con gu\u00edas de caj\u00f3n <strong data-start=\"47\" data-end=\"57\">TANDEM<\/strong> de Blum, espec\u00edficamente de las series <strong data-start=\"97\" data-end=\"104\">563<\/strong> y <strong data-start=\"107\" data-end=\"114\">569<\/strong>.<\/span><\/p>\n<\/li>\n<li class=\"\" data-start=\"210\" data-end=\"262\">\n<p class=\"\" data-start=\"212\" data-end=\"262\"><strong data-start=\"212\" data-end=\"224\">Montaje:<\/strong> <span class=\"relative -mx-px my-[-0.2rem] rounded px-px py-[0.2rem] transition-colors duration-100 ease-in-out\">Instalaci\u00f3n atornillada al lateral del caj\u00f3n.<\/span><\/p>\n<\/li>\n<li class=\"\" data-start=\"263\" data-end=\"326\">\n<p class=\"\" data-start=\"265\" data-end=\"326\"><strong data-start=\"265\" data-end=\"286\">Ajuste de altura:<\/strong> <span class=\"relative -mx-px my-[-0.2rem] rounded px-px py-[0.2rem] transition-colors duration-100 ease-in-out\">Permite un ajuste de +1\/8&#8243; (3 mm), facilitando la alineaci\u00f3n precisa del frente del caj\u00f3n.<\/span><\/p>\n<\/li>\n<li class=\"\" data-start=\"327\" data-end=\"396\">\n<p class=\"\" data-start=\"329\" data-end=\"396\"><strong data-start=\"329\" data-end=\"356\">Ancho m\u00ednimo del caj\u00f3n:<\/strong> <span class=\"relative -mx-px my-[-0.2rem] rounded px-px py-[0.2rem] transition-colors duration-100 ease-in-out\">Requiere un ancho interior m\u00ednimo de <strong data-start=\"37\" data-end=\"47\">4-7\/8&#8243;<\/strong> (\u2248 124 mm) para una instalaci\u00f3n adecuada.<\/span><\/p>\n<\/li>\n<li class=\"\" data-start=\"397\" data-end=\"449\">\n<p class=\"\" data-start=\"399\" data-end=\"449\"><strong data-start=\"399\" data-end=\"409\">Color:<\/strong> <span class=\"relative -mx-px my-[-0.2rem] rounded px-px py-[0.2rem] transition-colors duration-100 ease-in-out\">Naranja, facilitando su identificaci\u00f3n durante la instalaci\u00f3n.<\/span><\/p>\n<\/li>\n<li class=\"\" data-start=\"450\" data-end=\"539\">\n<p class=\"\" data-start=\"452\" data-end=\"539\"><strong data-start=\"452\" data-end=\"460\">Uso:<\/strong> <span class=\"relative -mx-px my-[-0.2rem] rounded px-px py-[0.2rem] transition-colors duration-100 ease-in-out\">Adecuado para aplicaciones con frente superpuesto, proporcionando un cierre seguro y alineaci\u00f3n adecuada del frente del caj\u00f3n.<\/span><\/p>\n<\/li>\n<\/ul>\n","protected":false},"featured_media":30647,"comment_status":"open","ping_status":"closed","template":"","meta":[],"product_brand":[120],"product_cat":[113],"product_tag":[],"class_list":{"0":"post-30604","1":"product","2":"type-product","3":"status-publish","4":"has-post-thumbnail","6":"product_brand-blum","7":"product_cat-correderas-blum","9":"first","10":"instock","11":"virtual","12":"purchasable","13":"product-type-simple"},"_links":{"self":[{"href":"https:\/\/gavilanchi.amarilio.net\/en\/wp-json\/wp\/v2\/product\/30604","targetHints":{"allow":["GET"]}}],"collection":[{"href":"https:\/\/gavilanchi.amarilio.net\/en\/wp-json\/wp\/v2\/product"}],"about":[{"href":"https:\/\/gavilanchi.amarilio.net\/en\/wp-json\/wp\/v2\/types\/product"}],"replies":[{"embeddable":true,"href":"https:\/\/gavilanchi.amarilio.net\/en\/wp-json\/wp\/v2\/comments?post=30604"}],"version-history":[{"count":1,"href":"https:\/\/gavilanchi.amarilio.net\/en\/wp-json\/wp\/v2\/product\/30604\/revisions"}],"predecessor-version":[{"id":30648,"href":"https:\/\/gavilanchi.amarilio.net\/en\/wp-json\/wp\/v2\/product\/30604\/revisions\/30648"}],"wp:featuredmedia":[{"embeddable":true,"href":"https:\/\/gavilanchi.amarilio.net\/en\/wp-json\/wp\/v2\/media\/30647"}],"wp:attachment":[{"href":"https:\/\/gavilanchi.amarilio.net\/en\/wp-json\/wp\/v2\/media?parent=30604"}],"wp:term":[{"taxonomy":"product_brand","embeddable":true,"href":"https:\/\/gavilanchi.amarilio.net\/en\/wp-json\/wp\/v2\/product_brand?post=30604"},{"taxonomy":"product_cat","embeddable":true,"href":"https:\/\/gavilanchi.amarilio.net\/en\/wp-json\/wp\/v2\/product_cat?post=30604"},{"taxonomy":"product_tag","embeddable":true,"href":"https:\/\/gavilanchi.amarilio.net\/en\/wp-json\/wp\/v2\/product_tag?post=30604"}],"curies":[{"name":"wp","href":"https:\/\/api.w.org\/{rel}","templated":true}]}}