{"id":30606,"date":"2026-03-23T04:11:21","date_gmt":"2026-03-23T04:11:21","guid":{"rendered":"https:\/\/gavilanchi.amarilio.net\/?post_type=product&#038;p=30606"},"modified":"2026-04-30T05:48:04","modified_gmt":"2026-04-30T05:48:04","slug":"dispositivo-bloqueo-izquierda-tandem","status":"publish","type":"product","link":"https:\/\/gavilanchi.amarilio.net\/en\/product\/dispositivo-bloqueo-izquierda-tandem\/","title":{"rendered":"DISPOSITIVO BLOQUEO IZQUIERDA TANDEM"},"content":{"rendered":"","protected":false},"excerpt":{"rendered":"<p><strong>BT51.1700L500<\/strong><\/p>\n<ul>\n<li class=\"\" data-start=\"172\" data-end=\"306\">\n<p class=\"\" data-start=\"174\" data-end=\"306\"><strong data-start=\"174\" data-end=\"192\">Compatibilidad<\/strong>: <span class=\"relative -mx-px my-[-0.2rem] rounded px-px py-[0.2rem] transition-colors duration-100 ease-in-out\">Dise\u00f1ado para su uso con las gu\u00edas de caj\u00f3n TANDEM de Blum, espec\u00edficamente las series <strong data-start=\"87\" data-end=\"94\">552<\/strong>, <strong data-start=\"96\" data-end=\"103\">562<\/strong> y <strong data-start=\"106\" data-end=\"113\">568<\/strong>.<\/span><\/p>\n<\/li>\n<li class=\"\" data-start=\"308\" data-end=\"401\">\n<p class=\"\" data-start=\"310\" data-end=\"401\"><strong data-start=\"310\" data-end=\"321\">Montaje<\/strong>: <span class=\"relative -mx-px my-[-0.2rem] rounded px-px py-[0.2rem] transition-colors duration-100 ease-in-out\">Se instala atornillado al lateral izquierdo del caj\u00f3n, facilitando la fijaci\u00f3n del caj\u00f3n a las gu\u00edas.<\/span><\/p>\n<\/li>\n<li class=\"\" data-start=\"403\" data-end=\"545\">\n<p class=\"\" data-start=\"405\" data-end=\"545\"><strong data-start=\"405\" data-end=\"425\">Ajuste de altura<\/strong>: <span class=\"relative -mx-px my-[-0.2rem] rounded px-px py-[0.2rem] transition-colors duration-100 ease-in-out\">Permite un ajuste vertical de hasta <strong data-start=\"36\" data-end=\"45\">+3 mm<\/strong> (<strong data-start=\"47\" data-end=\"56\">+1\/8&#8243;<\/strong>), lo que facilita la alineaci\u00f3n precisa del frente del caj\u00f3n.<\/span><\/p>\n<\/li>\n<li class=\"\" data-start=\"547\" data-end=\"695\">\n<p class=\"\" data-start=\"549\" data-end=\"695\"><strong data-start=\"549\" data-end=\"575\">Ancho m\u00ednimo del caj\u00f3n<\/strong>: <span class=\"relative -mx-px my-[-0.2rem] rounded px-px py-[0.2rem] transition-colors duration-100 ease-in-out\">Requiere un ancho interior m\u00ednimo del caj\u00f3n de <strong data-start=\"47\" data-end=\"57\">4-3\/4&#8243;<\/strong> (aproximadamente <strong data-start=\"75\" data-end=\"85\">120 mm<\/strong>) para una instalaci\u00f3n adecuada.<\/span><\/p>\n<\/li>\n<li class=\"\" data-start=\"697\" data-end=\"788\">\n<p class=\"\" data-start=\"699\" data-end=\"788\"><strong data-start=\"699\" data-end=\"708\">Color<\/strong>: <span class=\"relative -mx-px my-[-0.2rem] rounded px-px py-[0.2rem] transition-colors duration-100 ease-in-out\">Generalmente de color <strong data-start=\"22\" data-end=\"33\">naranja<\/strong>, lo que facilita su identificaci\u00f3n durante la instalaci\u00f3n.<\/span><\/p>\n<\/li>\n<li class=\"\" data-start=\"790\" data-end=\"924\">\n<p class=\"\" data-start=\"792\" data-end=\"924\"><strong data-start=\"792\" data-end=\"804\">Material<\/strong>: <span class=\"relative -mx-px my-[-0.2rem] rounded px-px py-[0.2rem] transition-colors duration-100 ease-in-out\">Fabricado en <strong data-start=\"13\" data-end=\"22\">zamak<\/strong> (aleaci\u00f3n de zinc) con componentes sint\u00e9ticos, ofreciendo durabilidad y resistencia.<\/span><\/p>\n<\/li>\n<li class=\"\" data-start=\"926\" data-end=\"1019\">\n<p class=\"\" data-start=\"928\" data-end=\"1019\"><strong data-start=\"928\" data-end=\"939\">Funci\u00f3n<\/strong>: <span class=\"relative -mx-px my-[-0.2rem] rounded px-px py-[0.2rem] transition-colors duration-100 ease-in-out\">Proporciona una conexi\u00f3n segura entre el caj\u00f3n y las gu\u00edas, permitiendo una extracci\u00f3n e inserci\u00f3n suaves y precisas.<\/span><\/p>\n<\/li>\n<\/ul>\n","protected":false},"featured_media":30651,"comment_status":"open","ping_status":"closed","template":"","meta":[],"product_brand":[120],"product_cat":[113],"product_tag":[],"class_list":{"0":"post-30606","1":"product","2":"type-product","3":"status-publish","4":"has-post-thumbnail","6":"product_brand-blum","7":"product_cat-correderas-blum","9":"first","10":"instock","11":"virtual","12":"purchasable","13":"product-type-simple"},"_links":{"self":[{"href":"https:\/\/gavilanchi.amarilio.net\/en\/wp-json\/wp\/v2\/product\/30606","targetHints":{"allow":["GET"]}}],"collection":[{"href":"https:\/\/gavilanchi.amarilio.net\/en\/wp-json\/wp\/v2\/product"}],"about":[{"href":"https:\/\/gavilanchi.amarilio.net\/en\/wp-json\/wp\/v2\/types\/product"}],"replies":[{"embeddable":true,"href":"https:\/\/gavilanchi.amarilio.net\/en\/wp-json\/wp\/v2\/comments?post=30606"}],"version-history":[{"count":1,"href":"https:\/\/gavilanchi.amarilio.net\/en\/wp-json\/wp\/v2\/product\/30606\/revisions"}],"predecessor-version":[{"id":30652,"href":"https:\/\/gavilanchi.amarilio.net\/en\/wp-json\/wp\/v2\/product\/30606\/revisions\/30652"}],"wp:featuredmedia":[{"embeddable":true,"href":"https:\/\/gavilanchi.amarilio.net\/en\/wp-json\/wp\/v2\/media\/30651"}],"wp:attachment":[{"href":"https:\/\/gavilanchi.amarilio.net\/en\/wp-json\/wp\/v2\/media?parent=30606"}],"wp:term":[{"taxonomy":"product_brand","embeddable":true,"href":"https:\/\/gavilanchi.amarilio.net\/en\/wp-json\/wp\/v2\/product_brand?post=30606"},{"taxonomy":"product_cat","embeddable":true,"href":"https:\/\/gavilanchi.amarilio.net\/en\/wp-json\/wp\/v2\/product_cat?post=30606"},{"taxonomy":"product_tag","embeddable":true,"href":"https:\/\/gavilanchi.amarilio.net\/en\/wp-json\/wp\/v2\/product_tag?post=30606"}],"curies":[{"name":"wp","href":"https:\/\/api.w.org\/{rel}","templated":true}]}}