{"id":30607,"date":"2026-03-23T04:11:21","date_gmt":"2026-03-23T04:11:21","guid":{"rendered":"https:\/\/gavilanchi.amarilio.net\/?post_type=product&#038;p=30607"},"modified":"2026-03-23T04:11:31","modified_gmt":"2026-03-23T04:11:31","slug":"dispositivo-bloqueo-std-der-ajuste-lateral","status":"publish","type":"product","link":"https:\/\/gavilanchi.amarilio.net\/en\/product\/dispositivo-bloqueo-std-der-ajuste-lateral\/","title":{"rendered":"DISPOSITIVO BLOQUEO STD DER AJUSTE LATERAL"},"content":{"rendered":"","protected":false},"excerpt":{"rendered":"<p><strong>BT51.1901R<\/strong><\/p>\n<ul>\n<li class=\"\" data-start=\"212\" data-end=\"308\">\n<p class=\"\" data-start=\"214\" data-end=\"308\"><strong data-start=\"214\" data-end=\"232\">Compatibilidad<\/strong>: <span class=\"relative -mx-px my-[-0.2rem] rounded px-px py-[0.2rem] transition-colors duration-100 ease-in-out\">Dise\u00f1ado para su uso con las gu\u00edas de caj\u00f3n TANDEM de Blum, espec\u00edficamente las series <strong data-start=\"87\" data-end=\"94\">563<\/strong> y <strong data-start=\"97\" data-end=\"104\">569<\/strong>.<\/span><\/p>\n<\/li>\n<li class=\"\" data-start=\"310\" data-end=\"403\">\n<p class=\"\" data-start=\"312\" data-end=\"403\"><strong data-start=\"312\" data-end=\"323\">Montaje<\/strong>: <span class=\"relative -mx-px my-[-0.2rem] rounded px-px py-[0.2rem] transition-colors duration-100 ease-in-out\">Se instala atornillado al lateral derecho del caj\u00f3n, facilitando la fijaci\u00f3n del caj\u00f3n a las gu\u00edas.<\/span><\/p>\n<\/li>\n<li class=\"\" data-start=\"405\" data-end=\"507\">\n<p class=\"\" data-start=\"407\" data-end=\"507\"><strong data-start=\"407\" data-end=\"427\">Ajuste de altura<\/strong>: <span class=\"relative -mx-px my-[-0.2rem] rounded px-px py-[0.2rem] transition-colors duration-100 ease-in-out\">Permite un ajuste vertical de hasta <strong data-start=\"36\" data-end=\"45\">+3 mm<\/strong> (<strong data-start=\"47\" data-end=\"56\">+1\/8&#8243;<\/strong>), lo que facilita la alineaci\u00f3n precisa del frente del caj\u00f3n.<\/span><\/p>\n<\/li>\n<li class=\"\" data-start=\"509\" data-end=\"609\">\n<p class=\"\" data-start=\"511\" data-end=\"609\"><strong data-start=\"511\" data-end=\"529\">Ajuste lateral<\/strong>: <span class=\"relative -mx-px my-[-0.2rem] rounded px-px py-[0.2rem] transition-colors duration-100 ease-in-out\">Ofrece un ajuste lateral de <strong data-start=\"28\" data-end=\"39\">\u00b11.5 mm<\/strong> (<strong data-start=\"41\" data-end=\"51\">\u00b11\/16&#8243;<\/strong>), permitiendo una alineaci\u00f3n precisa del caj\u00f3n dentro del gabinete.<\/span><\/p>\n<\/li>\n<li class=\"\" data-start=\"611\" data-end=\"719\">\n<p class=\"\" data-start=\"613\" data-end=\"719\"><strong data-start=\"613\" data-end=\"639\">Ancho m\u00ednimo del caj\u00f3n<\/strong>: <span class=\"relative -mx-px my-[-0.2rem] rounded px-px py-[0.2rem] transition-colors duration-100 ease-in-out\">Requiere un ancho interior m\u00ednimo del caj\u00f3n de <strong data-start=\"47\" data-end=\"57\">170 mm<\/strong> (aproximadamente <strong data-start=\"75\" data-end=\"87\">6-11\/16&#8243;<\/strong>) para una instalaci\u00f3n adecuada.<\/span><\/p>\n<\/li>\n<li class=\"\" data-start=\"721\" data-end=\"812\">\n<p class=\"\" data-start=\"723\" data-end=\"812\"><strong data-start=\"723\" data-end=\"732\">Color<\/strong>: <span class=\"relative -mx-px my-[-0.2rem] rounded px-px py-[0.2rem] transition-colors duration-100 ease-in-out\">Generalmente de color <strong data-start=\"22\" data-end=\"33\">naranja<\/strong>, lo que facilita su identificaci\u00f3n durante la instalaci\u00f3n.<\/span><\/p>\n<\/li>\n<li class=\"\" data-start=\"814\" data-end=\"908\">\n<p class=\"\" data-start=\"816\" data-end=\"908\"><strong data-start=\"816\" data-end=\"828\">Material<\/strong>: <span class=\"relative -mx-px my-[-0.2rem] rounded px-px py-[0.2rem] transition-colors duration-100 ease-in-out\">Fabricado en <strong data-start=\"13\" data-end=\"22\">zamak<\/strong> (aleaci\u00f3n de zinc) con componentes sint\u00e9ticos, ofreciendo durabilidad y resistencia.<\/span><\/p>\n<\/li>\n<li data-start=\"910\" data-end=\"1003\"><strong data-start=\"912\" data-end=\"923\">Funci\u00f3n<\/strong>: <span class=\"relative -mx-px my-[-0.2rem] rounded px-px py-[0.2rem] transition-colors duration-100 ease-in-out\">Proporciona una conexi\u00f3n segura entre el caj\u00f3n y las gu\u00edas, permitiendo una extracci\u00f3n e inserci\u00f3n suaves y precisas.<\/span><\/li>\n<\/ul>\n<p><img decoding=\"async\" src=\"https:\/\/www.cabinetparts.com\/media\/images\/p\/m\/22e9404f7bdf830893860af842eb353b.jpg\" alt=\"Blum T51 1901 R Right Hand Locking Device for 563 569 Series Drawer Slides\" \/><\/p>\n","protected":false},"featured_media":30653,"comment_status":"open","ping_status":"closed","template":"","meta":[],"product_brand":[],"product_cat":[113],"product_tag":[],"class_list":{"0":"post-30607","1":"product","2":"type-product","3":"status-publish","4":"has-post-thumbnail","6":"product_cat-correderas-blum","8":"first","9":"instock","10":"virtual","11":"product-type-simple"},"_links":{"self":[{"href":"https:\/\/gavilanchi.amarilio.net\/en\/wp-json\/wp\/v2\/product\/30607","targetHints":{"allow":["GET"]}}],"collection":[{"href":"https:\/\/gavilanchi.amarilio.net\/en\/wp-json\/wp\/v2\/product"}],"about":[{"href":"https:\/\/gavilanchi.amarilio.net\/en\/wp-json\/wp\/v2\/types\/product"}],"replies":[{"embeddable":true,"href":"https:\/\/gavilanchi.amarilio.net\/en\/wp-json\/wp\/v2\/comments?post=30607"}],"version-history":[{"count":1,"href":"https:\/\/gavilanchi.amarilio.net\/en\/wp-json\/wp\/v2\/product\/30607\/revisions"}],"predecessor-version":[{"id":30654,"href":"https:\/\/gavilanchi.amarilio.net\/en\/wp-json\/wp\/v2\/product\/30607\/revisions\/30654"}],"wp:featuredmedia":[{"embeddable":true,"href":"https:\/\/gavilanchi.amarilio.net\/en\/wp-json\/wp\/v2\/media\/30653"}],"wp:attachment":[{"href":"https:\/\/gavilanchi.amarilio.net\/en\/wp-json\/wp\/v2\/media?parent=30607"}],"wp:term":[{"taxonomy":"product_brand","embeddable":true,"href":"https:\/\/gavilanchi.amarilio.net\/en\/wp-json\/wp\/v2\/product_brand?post=30607"},{"taxonomy":"product_cat","embeddable":true,"href":"https:\/\/gavilanchi.amarilio.net\/en\/wp-json\/wp\/v2\/product_cat?post=30607"},{"taxonomy":"product_tag","embeddable":true,"href":"https:\/\/gavilanchi.amarilio.net\/en\/wp-json\/wp\/v2\/product_tag?post=30607"}],"curies":[{"name":"wp","href":"https:\/\/api.w.org\/{rel}","templated":true}]}}